{"id":7864,"date":"2021-04-05T15:44:39","date_gmt":"2021-04-05T13:44:39","guid":{"rendered":"http:\/\/www.regine-koelpin.de\/?page_id=7864"},"modified":"2026-01-17T11:12:10","modified_gmt":"2026-01-17T09:12:10","slug":"das-haus-am-deich","status":"publish","type":"page","link":"https:\/\/www.regine-koelpin.de\/?page_id=7864","title":{"rendered":"Das Haus am Deich"},"content":{"rendered":"<p><strong>Das Haus am Deich &#8211; Fremde Ufer\/Band 1 <\/strong><\/p>\n<p><strong><br \/>\n<\/strong><strong><strong>\u201eSalzige Luft, Meeresrauschen, der Ruf der M\u00f6wen\u201c<\/strong><\/strong><\/p>\n<p><strong>In ihrem Roman\u00a0<strong>\u201eDas Haus am Deich \u2013 Fremde Ufer\u201c<\/strong>\u00a0erz\u00e4hlt SPIEGEL-Bestsellerautorin\u00a0<strong>Regine K\u00f6lpin<\/strong>\u00a0die Geschichte zweier ungleicher Freundinnen. Inspiriert von der Geschichte ihrer eigenen Familien geht es in diesem\u00a0<strong>1. Band<\/strong>\u00a0der dreiteiligen Saga um die Jahre 1947 \u2013 1950, um Flucht, Neuanfang und Suche nach Heimat.<\/strong><\/p>\n<table id=\"tablewrapper_CMTOI_cm4all_com_widgets_PhotoToi_11343323\" width=\"603\" cellspacing=\"0\" cellpadding=\"0\">\n<tbody>\n<tr>\n<td>\n<div id=\"widgetroot_CMTOI_cm4all_com_widgets_PhotoToi_11343323\">\n<div id=\"container_CMTOI_cm4all_com_widgets_PhotoToi_11343323\">\n<p><a title=\"Das Haus am Deich - Fremde Ufer\"><img loading=\"lazy\" decoding=\"async\" class=\"size-full wp-image-244 alignleft\" src=\"wp-content\/uploads\/Koelpin_Haus_am_Deich-1-3_01e-3.jpg\" alt=\"Das Haus am Deich - Fremde Ufer\" width=\"132\" height=\"199\" \/><\/a><\/p>\n<div>\n<p style=\"text-align: left;\"><strong>Das Haus am Deich &#8211; Fremde Ufer<\/strong><\/p>\n<p>1947: Nach einer dramatischen Flucht aus Stettin findet die junge Frida mit ihren Eltern in der Wesermarsch Zuflucht \u2013 Heimat ist es nicht. Um zu \u00fcberleben, muss die Familie auf einem Bauernhof hart arbeiten; Fridas Traum, Pianistin zu werden, r\u00fcckt in weite Ferne.\u2026 &#8222;&gt;<a href=\"http:\/\/www.regine-koelpin.de\/?page_id=7883&amp;action=edit\">mehr<\/a><\/p>\n<p><strong> Piper TB, September 2021<\/strong><br \/>\n<strong>11,00 \u20ac, auch als EBook\u00a0 und H\u00f6rbuch erh\u00e4ltlich.<\/strong><strong>\u00a0<\/strong><\/p>\n<p><strong>1. Auflage: 1. September 2021<br \/>\n2. Auflage : M\u00e4rz 2022<br \/>\n3.Auflage: Mai 2022<br \/>\n4. Auflage: M\u00e4rz 2024<br \/>\n5.Auflage: Januar2026 <\/strong><\/p>\n<p><strong>ISBN\u00a0978-3-492-31736-8<\/strong><\/p>\n<p><strong>Zum Buchtrailer<\/strong><a href=\"https:\/\/www.youtube.com\/watch?v=aDSjbh3PXLE\"> (bitte anklicken)<\/a><\/p>\n<p><strong>Das Buch wurde 2022 als Fortsetzungsroman im Weser Kurier abgedruckt<\/strong><\/p>\n<\/div>\n<\/div>\n<\/div>\n<\/td>\n<\/tr>\n<tr>\n<td>\n<div id=\"widgetroot_CMTOI_cm4all_com_widgets_PhotoToi_11343323\">\n<div id=\"container_CMTOI_cm4all_com_widgets_PhotoToi_11343323\">\n<p><strong>Das Haus am Deich- Unruhige Wasser\/Band 2<\/strong><\/p>\n<p><strong><strong><strong>\u201eVergiss niemals zu tr\u00e4umen\u201c<\/strong><\/strong><br \/>\n<a title=\"Das Haus am Deich - Unruhige Wasser\"><img loading=\"lazy\" decoding=\"async\" class=\"size-full wp-image-244 alignleft\" src=\"wp-content\/uploads\/Koelpin_Haus_am_Deich-1-3_02e-1.jpg\" alt=\"Das Haus am Deich-Unruhige Wasser\" width=\"132\" height=\"199\" \/><\/a><\/strong><\/p>\n<div>\n<p style=\"text-align: left;\"><strong>Das Haus am Deich &#8211; Unruhige Wasser<\/strong><\/p>\n<p style=\"text-align: left;\">1951: Das Wirtschaftswunder bringt f\u00fcr Frida, die mittlerweile mit einem Unternehmer verheiratet ist, zwar Wohlstand \u2013 doch Gl\u00fcck sieht anders aus. Nicht nur kriselt es in ihrer Ehe von Anfang an, sie ist auch ein goldener K\u00e4fig f\u00fcr Frida, die sich nach Unabh\u00e4ngigkeit sehnt. \u2026<br \/>\n\u2026 <a href=\"http:\/\/www.regine-koelpin.de\/?page_id=7887&amp;action=edit\">mehr<\/a><\/p>\n<p><strong> Piper TB,<br \/>\n1. Aufl. 1. November 2021<br \/>\n2. Aufl.\u00a0 April 2022<br \/>\n3.Aufl. November 2023<br \/>\n4.Aufl. September 2025<br \/>\n<strong><br \/>\n11,00 \u20ac, auch als EBook und H\u00f6rbuch erh\u00e4ltlich.<\/strong><strong>\u00a0<\/strong><\/strong><\/p>\n<p><strong>ISBN\u00a0<\/strong>978-3-492-31734-4<a id=\"detail-author\" class=\"m-content__shortnav-anchor\" name=\"detail-author\"><\/a><\/p>\n<div>\n<div class=\"book-detail-author-long frame-background-grey\">\n<div class=\"container\">\n<div class=\"row\"><\/div>\n<\/div>\n<\/div>\n<\/div>\n<\/div>\n<\/div>\n<p><strong>\u00a0<\/strong><\/p>\n<\/div>\n<p><strong>\u00a0<\/strong><\/td>\n<\/tr>\n<tr>\n<td>\n<div id=\"widgetroot_CMTOI_cm4all_com_widgets_PhotoToi_11343323\">\n<div id=\"container_CMTOI_cm4all_com_widgets_PhotoToi_11343323\">\n<p><strong>Das Haus am Deich- Sicherer Hafen\/Band 3<\/strong><\/p>\n<p><strong><strong><strong>\u201eDie St\u00fcrme des Lebens: dramatisch, voller Gef\u00fchl und frischer Nordsee-Luft\u201c<\/strong><\/strong><br \/>\n<a title=\"Das Haus am Deich - Sicherer Hafen\"><img loading=\"lazy\" decoding=\"async\" class=\"size-full wp-image-244 alignleft\" src=\"wp-content\/uploads\/Das-Haus-am-Deich-Spiegel-1.jpg\" alt=\"Das Haus am Deich - Sicherer Hafen\" width=\"132\" height=\"199\" \/><\/a><\/strong><\/p>\n<div>\n<p style=\"text-align: left;\"><strong>Das Haus am Deich-Sicherer Hafen<\/strong><\/p>\n<p style=\"text-align: left;\">1961: Der Mauerbau droht die langj\u00e4hrigen Freundinnen Frida und Erna zu trennen. Denn Erna lebt jetzt in Berlin, wo sie eigentlich neue Freiheit zu finden hoffte. Als ihr und ihrer Familie die Flucht in den Westen gelingt, erweist sich Frida als starke St\u00fctze.<br \/>\n\u2026 <a href=\"http:\/\/www.regine-koelpin.de\/?page_id=7889&amp;action=edit\">mehr<\/a><\/p>\n<p><strong> Piper TB,<br \/>\n1.Auflage : Februar 2022<br \/>\n2. Auflage. Februar 2022<br \/>\n3. Auflage : M\u00e4rz 2022<br \/>\n4.Auflage: November 2023<br \/>\n<\/strong><strong>5. Auflage: Dezember 2025<br \/>\n<\/strong><br \/>\n<strong>11,00 \u20ac, auch als EBook und H\u00f6rbuch erh\u00e4ltlich.<\/strong><strong><br \/>\n<\/strong><\/p>\n<p><strong>ISBN\u00a0978-3-492-31735-1<\/strong><\/p>\n<\/div>\n<\/div>\n<p><strong>\u00a0<\/strong><\/p>\n<\/div>\n<p><strong>\u00a0<\/strong><\/td>\n<\/tr>\n<\/tbody>\n<\/table>\n","protected":false},"excerpt":{"rendered":"<p>Das Haus am Deich &#8211; Fremde Ufer\/Band 1 \u201eSalzige Luft, Meeresrauschen, der Ruf der M\u00f6wen\u201c In ihrem Roman\u00a0\u201eDas Haus am&hellip;<\/p>\n","protected":false},"author":1,"featured_media":0,"parent":0,"menu_order":0,"comment_status":"closed","ping_status":"closed","template":"","meta":{"footnotes":""},"class_list":["post-7864","page","type-page","status-publish","hentry"],"yoast_head":"<!-- This site is optimized with the Yoast SEO plugin v24.2 - https:\/\/yoast.com\/wordpress\/plugins\/seo\/ -->\n<title>Das Haus am Deich - Regine K\u00f6lpin<\/title>\n<meta name=\"robots\" content=\"index, follow, max-snippet:-1, max-image-preview:large, max-video-preview:-1\" \/>\n<link rel=\"canonical\" href=\"https:\/\/www.regine-koelpin.de\/?page_id=7864\" \/>\n<meta property=\"og:locale\" content=\"de_DE\" \/>\n<meta property=\"og:type\" content=\"article\" \/>\n<meta property=\"og:title\" content=\"Das Haus am Deich - Regine K\u00f6lpin\" \/>\n<meta property=\"og:description\" content=\"Das Haus am Deich &#8211; Fremde Ufer\/Band 1 \u201eSalzige Luft, Meeresrauschen, der Ruf der M\u00f6wen\u201c In ihrem Roman\u00a0\u201eDas Haus am&hellip;\" \/>\n<meta property=\"og:url\" content=\"https:\/\/www.regine-koelpin.de\/?page_id=7864\" \/>\n<meta property=\"og:site_name\" content=\"Regine K\u00f6lpin\" \/>\n<meta property=\"article:modified_time\" content=\"2026-01-17T09:12:10+00:00\" \/>\n<meta name=\"twitter:card\" content=\"summary_large_image\" \/>\n<meta name=\"twitter:label1\" content=\"Gesch\u00e4tzte Lesezeit\" \/>\n\t<meta name=\"twitter:data1\" content=\"3\u00a0Minuten\" \/>\n<script type=\"application\/ld+json\" class=\"yoast-schema-graph\">{\"@context\":\"https:\/\/schema.org\",\"@graph\":[{\"@type\":\"WebPage\",\"@id\":\"https:\/\/www.regine-koelpin.de\/?page_id=7864\",\"url\":\"https:\/\/www.regine-koelpin.de\/?page_id=7864\",\"name\":\"Das Haus am Deich - Regine K\u00f6lpin\",\"isPartOf\":{\"@id\":\"https:\/\/www.regine-koelpin.de\/#website\"},\"datePublished\":\"2021-04-05T13:44:39+00:00\",\"dateModified\":\"2026-01-17T09:12:10+00:00\",\"breadcrumb\":{\"@id\":\"https:\/\/www.regine-koelpin.de\/?page_id=7864#breadcrumb\"},\"inLanguage\":\"de\",\"potentialAction\":[{\"@type\":\"ReadAction\",\"target\":[\"https:\/\/www.regine-koelpin.de\/?page_id=7864\"]}]},{\"@type\":\"BreadcrumbList\",\"@id\":\"https:\/\/www.regine-koelpin.de\/?page_id=7864#breadcrumb\",\"itemListElement\":[{\"@type\":\"ListItem\",\"position\":1,\"name\":\"Startseite\",\"item\":\"https:\/\/www.regine-koelpin.de\/\"},{\"@type\":\"ListItem\",\"position\":2,\"name\":\"Das Haus am Deich\"}]},{\"@type\":\"WebSite\",\"@id\":\"https:\/\/www.regine-koelpin.de\/#website\",\"url\":\"https:\/\/www.regine-koelpin.de\/\",\"name\":\"Regine K\u00f6lpin\",\"description\":\"Schriftstellerin\",\"potentialAction\":[{\"@type\":\"SearchAction\",\"target\":{\"@type\":\"EntryPoint\",\"urlTemplate\":\"https:\/\/www.regine-koelpin.de\/?s={search_term_string}\"},\"query-input\":{\"@type\":\"PropertyValueSpecification\",\"valueRequired\":true,\"valueName\":\"search_term_string\"}}],\"inLanguage\":\"de\"}]}<\/script>\n<!-- \/ Yoast SEO plugin. -->","yoast_head_json":{"title":"Das Haus am Deich - Regine K\u00f6lpin","robots":{"index":"index","follow":"follow","max-snippet":"max-snippet:-1","max-image-preview":"max-image-preview:large","max-video-preview":"max-video-preview:-1"},"canonical":"https:\/\/www.regine-koelpin.de\/?page_id=7864","og_locale":"de_DE","og_type":"article","og_title":"Das Haus am Deich - Regine K\u00f6lpin","og_description":"Das Haus am Deich &#8211; Fremde Ufer\/Band 1 \u201eSalzige Luft, Meeresrauschen, der Ruf der M\u00f6wen\u201c In ihrem Roman\u00a0\u201eDas Haus am&hellip;","og_url":"https:\/\/www.regine-koelpin.de\/?page_id=7864","og_site_name":"Regine K\u00f6lpin","article_modified_time":"2026-01-17T09:12:10+00:00","twitter_card":"summary_large_image","twitter_misc":{"Gesch\u00e4tzte Lesezeit":"3\u00a0Minuten"},"schema":{"@context":"https:\/\/schema.org","@graph":[{"@type":"WebPage","@id":"https:\/\/www.regine-koelpin.de\/?page_id=7864","url":"https:\/\/www.regine-koelpin.de\/?page_id=7864","name":"Das Haus am Deich - Regine K\u00f6lpin","isPartOf":{"@id":"https:\/\/www.regine-koelpin.de\/#website"},"datePublished":"2021-04-05T13:44:39+00:00","dateModified":"2026-01-17T09:12:10+00:00","breadcrumb":{"@id":"https:\/\/www.regine-koelpin.de\/?page_id=7864#breadcrumb"},"inLanguage":"de","potentialAction":[{"@type":"ReadAction","target":["https:\/\/www.regine-koelpin.de\/?page_id=7864"]}]},{"@type":"BreadcrumbList","@id":"https:\/\/www.regine-koelpin.de\/?page_id=7864#breadcrumb","itemListElement":[{"@type":"ListItem","position":1,"name":"Startseite","item":"https:\/\/www.regine-koelpin.de\/"},{"@type":"ListItem","position":2,"name":"Das Haus am Deich"}]},{"@type":"WebSite","@id":"https:\/\/www.regine-koelpin.de\/#website","url":"https:\/\/www.regine-koelpin.de\/","name":"Regine K\u00f6lpin","description":"Schriftstellerin","potentialAction":[{"@type":"SearchAction","target":{"@type":"EntryPoint","urlTemplate":"https:\/\/www.regine-koelpin.de\/?s={search_term_string}"},"query-input":{"@type":"PropertyValueSpecification","valueRequired":true,"valueName":"search_term_string"}}],"inLanguage":"de"}]}},"_links":{"self":[{"href":"https:\/\/www.regine-koelpin.de\/index.php?rest_route=\/wp\/v2\/pages\/7864","targetHints":{"allow":["GET"]}}],"collection":[{"href":"https:\/\/www.regine-koelpin.de\/index.php?rest_route=\/wp\/v2\/pages"}],"about":[{"href":"https:\/\/www.regine-koelpin.de\/index.php?rest_route=\/wp\/v2\/types\/page"}],"author":[{"embeddable":true,"href":"https:\/\/www.regine-koelpin.de\/index.php?rest_route=\/wp\/v2\/users\/1"}],"replies":[{"embeddable":true,"href":"https:\/\/www.regine-koelpin.de\/index.php?rest_route=%2Fwp%2Fv2%2Fcomments&post=7864"}],"version-history":[{"count":2,"href":"https:\/\/www.regine-koelpin.de\/index.php?rest_route=\/wp\/v2\/pages\/7864\/revisions"}],"predecessor-version":[{"id":9369,"href":"https:\/\/www.regine-koelpin.de\/index.php?rest_route=\/wp\/v2\/pages\/7864\/revisions\/9369"}],"wp:attachment":[{"href":"https:\/\/www.regine-koelpin.de\/index.php?rest_route=%2Fwp%2Fv2%2Fmedia&parent=7864"}],"curies":[{"name":"wp","href":"https:\/\/api.w.org\/{rel}","templated":true}]}}