{"id":7523,"date":"2020-10-04T12:21:46","date_gmt":"2020-10-04T10:21:46","guid":{"rendered":"http:\/\/www.regine-koelpin.de\/?page_id=7523"},"modified":"2024-09-27T18:48:07","modified_gmt":"2024-09-27T16:48:07","slug":"historische-romane","status":"publish","type":"page","link":"https:\/\/www.regine-koelpin.de\/?page_id=7523","title":{"rendered":"Historische Romane"},"content":{"rendered":"<p><strong>Die Lebenspfl\u00fcckerin-Reihe<br \/>\n<\/strong><strong><br \/>\n<\/strong><a title=\"Die Lebenspfl\u00fcckerin-Trilogie bei Histo-Couch\" href=\"http:\/\/www.regine-koelpin.de\/?p=3568\" target=\"_blank\" rel=\"noopener noreferrer\">&nbsp;Zur Histocouch<\/a><\/p>\n<table id=\"tablewrapper_CMTOI_cm4all_com_widgets_PhotoToi_11343323\" width=\"603\" cellspacing=\"0\" cellpadding=\"0\">\n<tbody>\n<tr>\n<td>\n<div id=\"widgetroot_CMTOI_cm4all_com_widgets_PhotoToi_11343323\">\n<div id=\"container_CMTOI_cm4all_com_widgets_PhotoToi_11343323\">\n<p><a title=\"Die R\u00fcckkehr der Lebenspfl\u00fcckerin\"><img loading=\"lazy\" decoding=\"async\" class=\"size-full wp-image-244 alignleft\" src=\"wp-content\/uploads\/Die-Lebenspflueckerin-Band-4.jpg\" alt=\"Die R\u00fcckkehr der Lebenspfl\u00fcckerin\" width=\"132\" height=\"199\"><\/a><\/p>\n<div>\n<p style=\"text-align: left;\"><strong>Die R\u00fcckkehr der Lebenspfl\u00fcckerin- Band 4 der Lebenspfl\u00fcckerin-Reihe<br \/>\n<\/strong><\/p>\n<p>Im Jahr 1550 kehrt die Hebamme Hiske an der Seite ihres Mannes Jan Valkensteyn nach Jever zur\u00fcck. Jetzt tr\u00e4gt sie selbst ein Kind unterm Herzen. In ihrer alten Heimat hat sich ein brutaler Mord ereignet, und ihre alte Freundin Anneke f\u00fchlt sich bedroht &#8230; &nbsp;<a title=\"Die R\u00fcckkehr der Lebenspfl\u00fcckerin \u2013 Ab April 2018 2014\" href=\"http:\/\/www.regine-koelpin.de\/?p=5858\">mehr<\/a>:<\/p>\n<p><strong>KBV Verlag&nbsp; Februar 2018,<\/strong><\/p>\n<p><strong> Neuauflage bei Aufbau digital 2024<br \/>\n<\/strong><\/p>\n<p><strong>9,99 \u20ac<br \/>\nISBN &nbsp;978-3-95441404-8<\/strong><\/p>\n<p><strong>E-Book: <span class=\"a-text-bold\">\u200e&nbsp;<\/span>B0CP94J1YQ<\/strong><\/p>\n<table id=\"tablewrapper_CMTOI_cm4all_com_widgets_PhotoToi_11343323\" width=\"603\" cellspacing=\"0\" cellpadding=\"0\">\n<tbody>\n<tr>\n<td>\n<div id=\"widgetroot_CMTOI_cm4all_com_widgets_PhotoToi_11343323\">\n<div id=\"container_CMTOI_cm4all_com_widgets_PhotoToi_11343323\">\n<p><a title=\"Das Signum der T\u00e4ufer\"><img loading=\"lazy\" decoding=\"async\" class=\"size-full wp-image-244 alignleft\" src=\"wp-content\/uploads\/Die-Lebenspflueckerin-Band-3.jpg\" alt=\"Das Signum der T\u00e4ufer\" width=\"132\" height=\"199\"><\/a><\/p>\n<div>\n<p style=\"text-align: left;\"><strong>Das Signum der T\u00e4ufer- Band 3 der Lebenspfl\u00fcckerin-Reihe<br \/>\n<\/strong><\/p>\n<p style=\"text-align: left;\">&nbsp;Winter Ostfriesland 1549 \u2013 Herrlichkeit G\u00f6dens&nbsp; Vor der T\u00fcr der Hebamme Hiske Aalken taucht eine v\u00f6llig entkr\u00e4ftete Frau auf, die behauptet, Hinrich Krechting, der ehemalige T\u00e4uferf\u00fchrer aus M\u00fcnster,&nbsp; habe ihren Vater ermordet.&nbsp; <a title=\"Das Signum der T\u00e4ufer \u2013 Ab M\u00e4rz 2014\" href=\"http:\/\/www.regine-koelpin.de\/?p=2180\">mehr<\/a><\/p>\n<p><strong>KBV Verlag&nbsp; 2014<br \/>\n<\/strong><\/p>\n<p><strong>Neuauflage bei Aufbau digital 2024<\/strong><\/p>\n<p><strong>9,95\u20ac<br \/>\nEBook:B0CNT6YSH8<\/strong><\/p>\n<\/div>\n<\/div>\n<\/div>\n<\/td>\n<\/tr>\n<\/tbody>\n<\/table>\n<table id=\"tablewrapper_CMTOI_cm4all_com_widgets_PhotoToi_11343323\" width=\"603\" cellspacing=\"0\" cellpadding=\"0\">\n<tbody>\n<tr>\n<td>\n<div id=\"widgetroot_CMTOI_cm4all_com_widgets_PhotoToi_11343323\">\n<div id=\"container_CMTOI_cm4all_com_widgets_PhotoToi_11343323\">\n<p><a title=\"Der Meerkristall\"><img loading=\"lazy\" decoding=\"async\" class=\"size-full wp-image-244 alignleft\" src=\"wp-content\/uploads\/Die-Lebenspflueckerin-Band-2.jpg\" alt=\"Meerkristall\" width=\"132\" height=\"199\"><\/a><\/p>\n<div>\n<p style=\"text-align: left;\"><strong>Der Meerkristall- Band 2 der Lebenspfl\u00fcckerin-Reihe<br \/>\n<\/strong><\/p>\n<p style=\"text-align: left;\">Ostfriesland 1548 &#8211; Die Hebamme Hiske Aalken hat alle H\u00e4nde voll zu tun, denn in der Herrlichkeit G\u00f6dens grassiert das Marschenfieber. <a title=\"Der Meerkristall\" href=\"\/?p=571\">mehr<\/a><\/p>\n<p style=\"text-align: left;\"><strong>KBV Verlag 2013<\/strong><\/p>\n<p><strong>Neuauflage bei Aufbau digital 2023<\/strong><\/p>\n<p style=\"text-align: left;\"><strong>9,95 \u20ac<br \/>\n<\/strong><strong>EBook:<span class=\"a-text-bold\">&nbsp;<\/span>B0CNT5N67G<\/strong><\/p>\n<\/div>\n<\/div>\n<\/div>\n<\/td>\n<\/tr>\n<\/tbody>\n<\/table>\n<table id=\"tablewrapper_CMTOI_cm4all_com_widgets_PhotoToi_10555388\" width=\"601\" cellspacing=\"0\" cellpadding=\"0\">\n<tbody>\n<tr>\n<td>\n<div id=\"widgetroot_CMTOI_cm4all_com_widgets_PhotoToi_10555388\">\n<div id=\"container_CMTOI_cm4all_com_widgets_PhotoToi_10555388\">\n<p style=\"text-align: left;\"><a id=\"widgetanchor_CMTOI_cm4all_com_widgets_PhotoToi_10555388\" name=\"CMTOI_cm4all_com_widgets_PhotoToi_10555388\"><\/a><a title=\"Die Lebenspfl\u00fcckerin\"> <img loading=\"lazy\" decoding=\"async\" class=\"size-full wp-image-247 alignleft\" src=\"wp-content\/uploads\/Die-Lebenspflueckerin-1.jpg\" alt=\"Lebenspflueckerin\" width=\"132\" height=\"196\"><\/a><strong>Die Lebenspfl\u00fcckerin- Band 1 &nbsp;der Lebenspfl\u00fcckerin-Reihe<\/strong><\/p>\n<p style=\"text-align: left;\">Ostfriesland im Jahr 1545: Das Land ist zerstritten und es dr\u00e4ngen immer mehr Glaubensfl\u00fcchtlinge aus Holland ins Land. <a title=\"Die Lebenspfl\u00fcckerin\" href=\"\/?p=573\">mehr<\/a><strong><br \/>\n<\/strong><\/p>\n<div>\n<p style=\"text-align: left;\"><strong>KBV Verlag, M\u00e4rz 2012, 2. Auflage Okt 2012, 3. Auflage Mai2015,&nbsp; 4. Auflage April 2018<br \/>\n<\/strong><\/p>\n<p><strong>Neuauflage bei Aufbau digital 2023<\/strong><\/p>\n<p><strong> 9,95 \u20ac<\/strong><\/p>\n<p><strong><br \/>\n<\/strong><strong>EBook: B0CNCD2MQM<\/strong><\/p>\n<\/div>\n<\/div>\n<\/div>\n<\/td>\n<\/tr>\n<tr>\n<td><a title=\"Das verlorene Kind\"><img loading=\"lazy\" decoding=\"async\" class=\"size-full wp-image-244 alignleft\" src=\"wp-content\/uploads\/Das_verlorene_Kind-KasparH-2_LY_1-002.jpg\" alt=\"Das verlorene Kind\" width=\"132\" height=\"199\"><\/a><\/p>\n<div>\n<p style=\"text-align: left;\"><strong>Das verlorene Kind &#8211; Kaspar Hauser<\/strong><\/p>\n<p style=\"text-align: left;\">&nbsp;1812. Kaspar kommt als Findelkind in eine arme K\u00f6hlerfamilie. Nach dem Tod der Eltern ist er dem Sohn des K\u00f6hlers, Emil, im Weg. &nbsp;<a title=\"Neu ab 3.8.2016 Das verlorene Kind- Kaspar Hauser\" href=\"http:\/\/www.regine-koelpin.de\/?p=4994\">mehr<\/a><\/p>\n<p><strong>Gmeiner Verlag &nbsp;August 2016<br \/>\n<\/strong><\/p>\n<p><strong>10.99\u20ac&nbsp; ISBN&nbsp;978-3-8392-1935-5<\/strong><\/p>\n<\/div>\n<\/td>\n<\/tr>\n<\/tbody>\n<\/table>\n<\/div>\n<\/div>\n<\/div>\n<\/td>\n<\/tr>\n<\/tbody>\n<\/table>\n","protected":false},"excerpt":{"rendered":"<p>Die Lebenspfl\u00fcckerin-Reihe &nbsp;Zur Histocouch Die R\u00fcckkehr der Lebenspfl\u00fcckerin- Band 4 der Lebenspfl\u00fcckerin-Reihe Im Jahr 1550 kehrt die Hebamme Hiske an&hellip;<\/p>\n","protected":false},"author":1,"featured_media":0,"parent":0,"menu_order":0,"comment_status":"closed","ping_status":"closed","template":"","meta":{"footnotes":""},"class_list":["post-7523","page","type-page","status-publish","hentry"],"yoast_head":"<!-- This site is optimized with the Yoast SEO plugin v24.2 - https:\/\/yoast.com\/wordpress\/plugins\/seo\/ -->\n<title>Historische Romane - Regine K\u00f6lpin<\/title>\n<meta name=\"robots\" content=\"index, follow, max-snippet:-1, max-image-preview:large, max-video-preview:-1\" \/>\n<link rel=\"canonical\" href=\"https:\/\/www.regine-koelpin.de\/?page_id=7523\" \/>\n<meta property=\"og:locale\" content=\"de_DE\" \/>\n<meta property=\"og:type\" content=\"article\" \/>\n<meta property=\"og:title\" content=\"Historische Romane - Regine K\u00f6lpin\" \/>\n<meta property=\"og:description\" content=\"Die Lebenspfl\u00fcckerin-Reihe &nbsp;Zur Histocouch Die R\u00fcckkehr der Lebenspfl\u00fcckerin- Band 4 der Lebenspfl\u00fcckerin-Reihe Im Jahr 1550 kehrt die Hebamme Hiske an&hellip;\" \/>\n<meta property=\"og:url\" content=\"https:\/\/www.regine-koelpin.de\/?page_id=7523\" \/>\n<meta property=\"og:site_name\" content=\"Regine K\u00f6lpin\" \/>\n<meta property=\"article:modified_time\" content=\"2024-09-27T16:48:07+00:00\" \/>\n<meta name=\"twitter:card\" content=\"summary_large_image\" \/>\n<meta name=\"twitter:label1\" content=\"Gesch\u00e4tzte Lesezeit\" \/>\n\t<meta name=\"twitter:data1\" content=\"1\u00a0Minute\" \/>\n<script type=\"application\/ld+json\" class=\"yoast-schema-graph\">{\"@context\":\"https:\/\/schema.org\",\"@graph\":[{\"@type\":\"WebPage\",\"@id\":\"https:\/\/www.regine-koelpin.de\/?page_id=7523\",\"url\":\"https:\/\/www.regine-koelpin.de\/?page_id=7523\",\"name\":\"Historische Romane - Regine K\u00f6lpin\",\"isPartOf\":{\"@id\":\"https:\/\/www.regine-koelpin.de\/#website\"},\"datePublished\":\"2020-10-04T10:21:46+00:00\",\"dateModified\":\"2024-09-27T16:48:07+00:00\",\"breadcrumb\":{\"@id\":\"https:\/\/www.regine-koelpin.de\/?page_id=7523#breadcrumb\"},\"inLanguage\":\"de\",\"potentialAction\":[{\"@type\":\"ReadAction\",\"target\":[\"https:\/\/www.regine-koelpin.de\/?page_id=7523\"]}]},{\"@type\":\"BreadcrumbList\",\"@id\":\"https:\/\/www.regine-koelpin.de\/?page_id=7523#breadcrumb\",\"itemListElement\":[{\"@type\":\"ListItem\",\"position\":1,\"name\":\"Startseite\",\"item\":\"https:\/\/www.regine-koelpin.de\/\"},{\"@type\":\"ListItem\",\"position\":2,\"name\":\"Historische Romane\"}]},{\"@type\":\"WebSite\",\"@id\":\"https:\/\/www.regine-koelpin.de\/#website\",\"url\":\"https:\/\/www.regine-koelpin.de\/\",\"name\":\"Regine K\u00f6lpin\",\"description\":\"Schriftstellerin\",\"potentialAction\":[{\"@type\":\"SearchAction\",\"target\":{\"@type\":\"EntryPoint\",\"urlTemplate\":\"https:\/\/www.regine-koelpin.de\/?s={search_term_string}\"},\"query-input\":{\"@type\":\"PropertyValueSpecification\",\"valueRequired\":true,\"valueName\":\"search_term_string\"}}],\"inLanguage\":\"de\"}]}<\/script>\n<!-- \/ Yoast SEO plugin. -->","yoast_head_json":{"title":"Historische Romane - Regine K\u00f6lpin","robots":{"index":"index","follow":"follow","max-snippet":"max-snippet:-1","max-image-preview":"max-image-preview:large","max-video-preview":"max-video-preview:-1"},"canonical":"https:\/\/www.regine-koelpin.de\/?page_id=7523","og_locale":"de_DE","og_type":"article","og_title":"Historische Romane - Regine K\u00f6lpin","og_description":"Die Lebenspfl\u00fcckerin-Reihe &nbsp;Zur Histocouch Die R\u00fcckkehr der Lebenspfl\u00fcckerin- Band 4 der Lebenspfl\u00fcckerin-Reihe Im Jahr 1550 kehrt die Hebamme Hiske an&hellip;","og_url":"https:\/\/www.regine-koelpin.de\/?page_id=7523","og_site_name":"Regine K\u00f6lpin","article_modified_time":"2024-09-27T16:48:07+00:00","twitter_card":"summary_large_image","twitter_misc":{"Gesch\u00e4tzte Lesezeit":"1\u00a0Minute"},"schema":{"@context":"https:\/\/schema.org","@graph":[{"@type":"WebPage","@id":"https:\/\/www.regine-koelpin.de\/?page_id=7523","url":"https:\/\/www.regine-koelpin.de\/?page_id=7523","name":"Historische Romane - Regine K\u00f6lpin","isPartOf":{"@id":"https:\/\/www.regine-koelpin.de\/#website"},"datePublished":"2020-10-04T10:21:46+00:00","dateModified":"2024-09-27T16:48:07+00:00","breadcrumb":{"@id":"https:\/\/www.regine-koelpin.de\/?page_id=7523#breadcrumb"},"inLanguage":"de","potentialAction":[{"@type":"ReadAction","target":["https:\/\/www.regine-koelpin.de\/?page_id=7523"]}]},{"@type":"BreadcrumbList","@id":"https:\/\/www.regine-koelpin.de\/?page_id=7523#breadcrumb","itemListElement":[{"@type":"ListItem","position":1,"name":"Startseite","item":"https:\/\/www.regine-koelpin.de\/"},{"@type":"ListItem","position":2,"name":"Historische Romane"}]},{"@type":"WebSite","@id":"https:\/\/www.regine-koelpin.de\/#website","url":"https:\/\/www.regine-koelpin.de\/","name":"Regine K\u00f6lpin","description":"Schriftstellerin","potentialAction":[{"@type":"SearchAction","target":{"@type":"EntryPoint","urlTemplate":"https:\/\/www.regine-koelpin.de\/?s={search_term_string}"},"query-input":{"@type":"PropertyValueSpecification","valueRequired":true,"valueName":"search_term_string"}}],"inLanguage":"de"}]}},"_links":{"self":[{"href":"https:\/\/www.regine-koelpin.de\/index.php?rest_route=\/wp\/v2\/pages\/7523","targetHints":{"allow":["GET"]}}],"collection":[{"href":"https:\/\/www.regine-koelpin.de\/index.php?rest_route=\/wp\/v2\/pages"}],"about":[{"href":"https:\/\/www.regine-koelpin.de\/index.php?rest_route=\/wp\/v2\/types\/page"}],"author":[{"embeddable":true,"href":"https:\/\/www.regine-koelpin.de\/index.php?rest_route=\/wp\/v2\/users\/1"}],"replies":[{"embeddable":true,"href":"https:\/\/www.regine-koelpin.de\/index.php?rest_route=%2Fwp%2Fv2%2Fcomments&post=7523"}],"version-history":[{"count":2,"href":"https:\/\/www.regine-koelpin.de\/index.php?rest_route=\/wp\/v2\/pages\/7523\/revisions"}],"predecessor-version":[{"id":8954,"href":"https:\/\/www.regine-koelpin.de\/index.php?rest_route=\/wp\/v2\/pages\/7523\/revisions\/8954"}],"wp:attachment":[{"href":"https:\/\/www.regine-koelpin.de\/index.php?rest_route=%2Fwp%2Fv2%2Fmedia&parent=7523"}],"curies":[{"name":"wp","href":"https:\/\/api.w.org\/{rel}","templated":true}]}}