{"id":7518,"date":"2020-10-04T12:20:28","date_gmt":"2020-10-04T10:20:28","guid":{"rendered":"http:\/\/www.regine-koelpin.de\/?page_id=7518"},"modified":"2022-09-26T16:26:41","modified_gmt":"2022-09-26T14:26:41","slug":"kinder-und-jugendbuecher","status":"publish","type":"page","link":"https:\/\/www.regine-koelpin.de\/?page_id=7518","title":{"rendered":"Kinder- und Jugendb\u00fccher"},"content":{"rendered":"<p><a title=\"Traces-Finde mich\"> <img decoding=\"async\" class=\"size-full wp-image-244 alignleft\" src=\"wp-content\/uploads\/Traces.jpg\" alt=\"Traces-Finde mich\" width=\"132\" \/><\/a><strong>Traces-Finde mich (Ab 14 Jahren)<\/strong><\/p>\n<div>\n<p style=\"text-align: left;\">Eigentlich verirrt sich kein Fremder nach M\u00fcckemoor. Eigentlich. Doch dann taucht Leone auf, mit einem Kopf voller wilder Locken und vielen Fragen. Er will herausfinden, was mit seiner Gro\u00dfmutter geschehen ist &#8230;<br \/>\n<a href=\"http:\/\/www.regine-koelpin.de\/wp-admin\/post.php?post=8368&amp;action=edit\">mehr<\/a><\/p>\n<p style=\"text-align: left;\"><strong>\u00a0<\/strong><\/p>\n<p style=\"text-align: left;\"><strong>Oetinger 2023<\/strong> <strong>13,00 \u20ac, ISBN 978-3751203722<\/strong><\/p>\n<p><!--Traces - Finde mich--><\/p>\n<table id=\"tablewrapper_CMTOI_cm4all_com_widgets_PhotoToi_11343323\" width=\"603\" cellspacing=\"0\" cellpadding=\"0\">\n<tbody>\n<tr>\n<td>\n<div id=\"widgetroot_CMTOI_cm4all_com_widgets_PhotoToi_11343323\">\n<div id=\"container_CMTOI_cm4all_com_widgets_PhotoToi_11343323\"><a title=\"Strandkorbk\u00fcsse oder der Anti-Verliebtheitspakt\"> <img decoding=\"async\" class=\"size-full wp-image-244 alignleft\" src=\"wp-content\/uploads\/9783841506290.jpg\" alt=\"Strandkorbk\u00fcsse oder der Anti-Verliebtheitspakt\" width=\"132\" \/><\/a><strong>Strandkorbk\u00fcsse oder der Anti-Verliebtheitspakt (Ab 12 Jahren)<\/strong><\/p>\n<div>\n<p style=\"text-align: left;\">Verliebt in den Ferien<br \/>\nBei meiner Wolle: Dana und ihre beste Freundin Fee leben in einem kleinen Dorf am Deich, sind passionierte Strick-Fans und haben einen Schwur: Keine Jungs vor 18! <a href=\"http:\/\/www.regine-koelpin.de\/wp-admin\/post.php?post=6954&amp;action=edit\">mehr<\/a><\/p>\n<p style=\"text-align: left;\"><strong>\u00a0<\/strong><\/p>\n<p style=\"text-align: left;\"><strong>Oetinger 2020<\/strong> <strong>10,00 \u20ac, ISBN 978-3-8415-0629-0<\/strong><\/p>\n<p><!--xxxxxxxxxxxxxxxxxxxxxxxStrandkorbk\u00fcsse oder der Anti-Verliebtheitspaktxxxxxxxxxxxxxxxxxxxxxxxxxxxxxx--><\/p>\n<table id=\"tablewrapper_CMTOI_cm4all_com_widgets_PhotoToi_11343323\" width=\"603\" cellspacing=\"0\" cellpadding=\"0\">\n<tbody>\n<tr>\n<td>\n<div id=\"widgetroot_CMTOI_cm4all_com_widgets_PhotoToi_11343323\">\n<div id=\"container_CMTOI_cm4all_com_widgets_PhotoToi_11343323\">\n<p><a title=\"Im Zickzackkurs zur Liebe\"> <img decoding=\"async\" class=\"size-full wp-image-244 alignleft\" src=\"wp-content\/uploads\/im-zickzackkurs-zur-liebe_9783841505996_295.jpg\" alt=\"Im Zickzackkurs zur Liebe\" width=\"132\" \/><\/a><strong>Im Zickzackkurs zur Liebe ( ab 12 Jahren)<\/strong><\/p>\n<div>\n<p style=\"text-align: left;\">Passt wie angegossen: N\u00e4hen &amp; Nordsee. Carlotta muss die Ferien an der Nordsee auf dem alten Kahn von Tant Ruthie verbringen. Aber dann ist da Pepe&#8230;\u00a0<a title=\"Im Zickzackkurs zur Liebe\" href=\" http:\/\/www.regine-koelpin.de\/?p=6545\">mehr <\/a><\/p>\n<p style=\"text-align: left;\"><strong>\u00a0<\/strong><\/p>\n<p style=\"text-align: left;\"><strong>Oetinger Verlag 2019<\/strong>\u00a0<strong> 10,00 \u20ac,\u00a0 ISBN 978-3841505996<\/strong><\/p>\n<p style=\"text-align: left;\">________________________________________________________________<\/p>\n<p><a title=\"Johannes Gutenberg und die verschwundenen Lettern\"> <img decoding=\"async\" class=\"size-full wp-image-244 alignleft\" src=\"wp-content\/uploads\/9783948207007_Johannes-Gutenberg-und-die-verschwundenen-Lettern-002.jpg\" alt=\"Johannes Gutenberg und die verschwundenen Lettern\" width=\"132\" \/><\/a><strong>Johannes Gutenberg und die verschwundenen Lettern (ab 8 Jahren)<\/strong><\/p>\n<p><strong>AUSGEZEICHNET MIT DEM BRONZENEN HOMER 2020!!!<\/strong><\/p>\n<p>Regine K\u00f6lpin\/Gitta Edelmann<\/p>\n<div>\n<p style=\"text-align: left;\">Martin kommt als Lehrling in die Werkstatt Gutenbergs. Doch dann verschwinden immer wieder Lettern&#8230;\u00a0<a title=\"Johannes Gutenberg und die verschwundenen Lettern\" href=\"http:\/\/www.regine-koelpin.de\/?p=6663\">mehr <\/a><\/p>\n<p style=\"text-align: left;\"><strong>\u00a0<\/strong><strong>Gutenberg Stiftung 2019,<\/strong>\u00a0<strong>8,80 \u20ac,\u00a0\u00a0<\/strong><strong>ISBN 978-3 948-207-007<\/strong><\/p>\n<h2 style=\"text-align: center;\"><\/h2>\n<h1 style=\"text-align: center;\"><\/h1>\n<p><!--xxxxxxxxxxxxxxxxxxxxxxxDie Feuerperlenkettexxxxxxxxxxxxxxxxxxxxxxxxxxxxxx--><\/p>\n<table id=\"tablewrapper_CMTOI_cm4all_com_widgets_PhotoToi_11343323\" width=\"603\" cellspacing=\"0\" cellpadding=\"0\">\n<tbody>\n<tr>\n<td>\n<div id=\"widgetroot_CMTOI_cm4all_com_widgets_PhotoToi_11343323\">\n<div id=\"container_CMTOI_cm4all_com_widgets_PhotoToi_11343323\">\n<div>\n<p><!--xxxxxxxxxxxxxxxxxxxxxxxDie Feuerperlenkettexxxxxxxxxxxxxxxxxxxxxxxxxxxxxx--><\/p>\n<table id=\"tablewrapper_CMTOI_cm4all_com_widgets_PhotoToi_11343323\" width=\"603\" cellspacing=\"0\" cellpadding=\"0\">\n<tbody>\n<tr>\n<td>\n<div id=\"widgetroot_CMTOI_cm4all_com_widgets_PhotoToi_11343323\">\n<div id=\"container_CMTOI_cm4all_com_widgets_PhotoToi_11343323\">\n<div>\n<p style=\"text-align: left;\">___________________________________________________________<\/p>\n<h2 style=\"text-align: center;\"><span style=\"color: #666666;\"><strong>\u00a0<\/strong><\/span><\/h2>\n<h1 style=\"text-align: center;\"><span style=\"color: #666666;\"><strong>REGINE FIEDLER<\/strong><\/span><\/h1>\n<p><!--xxxxxxxxxxxxxxxxxxxxxxxVerwunschene Buchxxxxxxxxxxxxxxxxxxxxxxxxxxxxxx--><\/p>\n<table id=\"tablewrapper_CMTOI_cm4all_com_widgets_PhotoToi_11343323\" width=\"603\" cellspacing=\"0\" cellpadding=\"0\">\n<tbody>\n<tr>\n<td>\n<div id=\"widgetroot_CMTOI_cm4all_com_widgets_PhotoToi_11343323\">\n<div id=\"container_CMTOI_cm4all_com_widgets_PhotoToi_11343323\">\n<p><a title=\"Das verwunschene Buch\"> <img decoding=\"async\" class=\"size-full wp-image-244 alignleft\" src=\"wp-content\/uploads\/Cover_Das_verwunschene_Buch.jpg\" alt=\"Das verwunschene Buch\" width=\"132\" \/><\/a><strong>Das verwunschene Buch (ab 8 Jahren)<\/strong><\/p>\n<div>\n<p style=\"text-align: left;\">In der Stadtbibliothek, im alten Vossenhus in Norden, findet wieder einmal eine spannende Lesenacht statt. <a title=\"Das verwunschene Buch\" href=\"\/?p=2954\">mehr <\/a><\/p>\n<p style=\"text-align: left;\"><strong>Die Deichbande Band 4<\/strong><\/p>\n<p style=\"text-align: left;\"><strong>KBV Verlag 2014<\/strong> <strong>6,50 \u20ac, ISBN 978-3-95441-183-2<\/strong><\/p>\n<\/div>\n<\/div>\n<\/div>\n<\/td>\n<\/tr>\n<\/tbody>\n<\/table>\n<p><!--xxxxxxxxxxxxxxxxxxxxxxxxxxxxxxxxxxxxxxxxxxxxxxxxxxxxxxxxxxxxxxxxxxxxxxxxxxxx--> <!--xxxxxxxxxxxxxxxxxxxxxxxVerschwunden in den D\u00fcnenxxxxxxxxxxxxxxxxxxxxxxxxxxxxxx--><\/p>\n<table id=\"tablewrapper_CMTOI_cm4all_com_widgets_PhotoToi_11343323\" width=\"603\" cellspacing=\"0\" cellpadding=\"0\">\n<tbody>\n<tr>\n<td>\n<div id=\"widgetroot_CMTOI_cm4all_com_widgets_PhotoToi_11343323\">\n<div id=\"container_CMTOI_cm4all_com_widgets_PhotoToi_11343323\">\n<p><a title=\"Verschwunden in den D\u00fcnen\"> <img decoding=\"async\" class=\"size-full wp-image-244 alignleft\" src=\"wp-content\/uploads\/Cover_Verschwunden_in_den_Duenen.jpg\" alt=\"Verschwunden in den D\u00fcnen\" width=\"132\" \/><\/a><strong>Verschwunden in den D\u00fcnen (ab 8 Jahren)<\/strong><\/p>\n<div>\n<p style=\"text-align: left;\">Lia, Maybritt und Helge machen eine Klassenfahrt nach Juist. Lia muss sich ausgerechnet mit Emily das Zimmer teilen, obwohl sie die nun wirklich absolut nicht leiden kann. <a title=\"Verschwunden in den D\u00fcnen\" href=\"\/?p=627\">mehr <\/a><\/p>\n<p style=\"text-align: left;\"><strong>Die Deichbande Band 3<\/strong><\/p>\n<p style=\"text-align: left;\"><strong>KBV Verlag 2012<\/strong> <strong>6,50 \u20ac, ISBN 978-3942446587<\/strong><\/p>\n<\/div>\n<\/div>\n<\/div>\n<\/td>\n<\/tr>\n<\/tbody>\n<\/table>\n<p><!--xxxxxxxxxxxxxxxxxxxxxxxxxxxxxxxxxxxxxxxxxxxxxxxxxxxxxxxxxxxxxxxxxxxxxxxxxxxx--> <!--xxxxxxxxxxxxxxxxxxxxxxxx RaetselInselfische xxxxxxxxxxxxxxxxxxxxxxxxxx--><\/p>\n<table id=\"tablewrapper_CMTOI_cm4all_com_widgets_PhotoToi_11343323\" width=\"603\" cellspacing=\"0\" cellpadding=\"0\">\n<tbody>\n<tr>\n<td>\n<div id=\"widgetroot_CMTOI_cm4all_com_widgets_PhotoToi_11343323\">\n<div id=\"container_CMTOI_cm4all_com_widgets_PhotoToi_11343323\">\n<p><a title=\"R\u00e4tsel um die Inselfische\"> <img decoding=\"async\" class=\"size-full wp-image-244 alignleft\" src=\"wp-content\/uploads\/Cover_Inselfische-WErbung.jpg\" alt=\"R\u00e4tsel um die Inselfische\" width=\"132\" \/><\/a><strong>R\u00e4tsel um die Inselfische (ab 8 Jahren)<\/strong><\/p>\n<div>\n<p style=\"text-align: left;\">Lia, Helge und Maybritt verbringen ihre Ferien bei Oma Gerda auf Juist. Gleich am ersten Abend wird im Museum in Loog eingebrochen. <a title=\"R\u00e4tsel um die Inselfische\" href=\"\/?p=630\">mehr<\/a><\/p>\n<p style=\"text-align: left;\"><strong>Die Deichbande Band 2<\/strong><\/p>\n<p style=\"text-align: left;\"><strong>KBV Verlag 2011<\/strong> <strong>6,50 \u20ac, ISBN 978-3-942446-25-9<\/strong><\/p>\n<\/div>\n<\/div>\n<\/div>\n<\/td>\n<\/tr>\n<\/tbody>\n<\/table>\n<p><!--xxxxxxxxxxxxxxxxxxxxxxxxxxxxxxxxxxxxxxxxxxxxxxxxxxxxxxxxxxxxxxxxxxxxxxxxxxxx--> <!--xxxxxxxxxxxxxxxxxxxxxxxx Geheimnisse im Ratenhaus xxxxxxxxxxxxxxxxxxxxxxxxxx--><\/p>\n<table id=\"tablewrapper_CMTOI_cm4all_com_widgets_PhotoToi_11343323\" width=\"603\" cellspacing=\"0\" cellpadding=\"0\">\n<tbody>\n<tr>\n<td>\n<div id=\"widgetroot_CMTOI_cm4all_com_widgets_PhotoToi_11343323\">\n<div id=\"container_CMTOI_cm4all_com_widgets_PhotoToi_11343323\">\n<p><a title=\"Geheimnisse im Ratenhaus\"> <img decoding=\"async\" class=\"size-full wp-image-244 alignleft\" src=\"wp-content\/uploads\/Cover_Rattenhaus-pr2.jpg\" alt=\"Geheimnisse im Rattenhaus\" width=\"132\" \/><\/a><strong>Geheimnisse im Rattenhaus (ab 8 Jahren)<\/strong><\/p>\n<div>\n<p style=\"text-align: left;\">Die zw\u00f6lfj\u00e4hrige Lia hat im Stall ihr Handy vergessen und f\u00e4hrt am Abend dorthin zur\u00fcck. Im &#8222;Rattenhaus&#8220;, dem alten Schuppen nebenan tun sich merkw\u00fcrdige Dinge.<a title=\"Geheimsnisse im Ratenhaus\" href=\"\/?p=638\"> mehr<\/a><\/p>\n<p style=\"text-align: left;\"><strong>Die Deichbande Band 1<\/strong><\/p>\n<p style=\"text-align: left;\"><strong>KBV Verlag 2011<\/strong> <strong>6,50 \u20ac, ISBN 978-3-940077-97-4<\/strong><\/p>\n<\/div>\n<\/div>\n<\/div>\n<\/td>\n<\/tr>\n<\/tbody>\n<\/table>\n<p><!--xxxxxxxxxxxxxxxxxxxxxxxxxxxxxxxxxxxxxxxxxxxxxxxxxxxxxxxxxxxxxxxxxxxxxxxxxxxx--> <!--xxxxxxxxxxxxxxxxxxxxxxxx Himmel und Hufe xxxxxxxxxxxxxxxxxxxxxxxxxx--><\/p>\n<p><!--xxxxxxxxxxxxxxxxxxxxxxxxxxxxxxxxxxxxxxxxxxxxxxxxxxxxxxxxxxxxxxxxxxxxxxxxxxxx--> <!--xxxxxxxxxxxxxxxxxxxxxxxx Herz auf Takt xxxxxxxxxxxxxxxxxxxxxxxxxx--><\/p>\n<p><!--xxxxxxxxxxxxxxxxxxxxxxxxxxxxxxxxxxxxxxxxxxxxxxxxxxxxxxxxxxxxxxxxxxxxxxxxxxxx--> <!--xxxxxxxxxxxxxxxxxxxxxxxx Herbsthimmel xxxxxxxxxxxxxxxxxxxxxxxxxx--><\/p>\n<p><!--xxxxxxxxxxxxxxxxxxxxxxxxxxxxxxxxxxxxxxxxxxxxxxxxxxxxxxxxxxxxxxxxxxxxxxxxxxxx--> <!--xxxxxxxxxxxxxxxxxxxxxxx Versuchs dochmal mit Kuscheltreden xxxxxxxxxxxxxxxxxxxxxxxxxxxxxx--><\/p>\n<table id=\"tablewrapper_CMTOI_cm4all_com_widgets_PhotoToi_11343323\" width=\"603\" cellspacing=\"0\" cellpadding=\"0\">\n<tbody>\n<tr>\n<td>\n<div id=\"widgetroot_CMTOI_cm4all_com_widgets_PhotoToi_11343323\">\n<div id=\"container_CMTOI_cm4all_com_widgets_PhotoToi_11343323\"><\/div>\n<\/div>\n<\/td>\n<\/tr>\n<\/tbody>\n<\/table>\n<\/div>\n<\/div>\n<\/div>\n<\/td>\n<\/tr>\n<\/tbody>\n<\/table>\n<\/div>\n<\/div>\n<\/div>\n<\/td>\n<\/tr>\n<\/tbody>\n<\/table>\n<\/div>\n<\/div>\n<p><a style=\"font-size: 16px;\" title=\"Herz auf Takt\">\u00a0<\/a><\/p>\n<\/div>\n<\/div>\n<\/td>\n<\/tr>\n<\/tbody>\n<\/table>\n<\/div>\n<\/div>\n<\/div>\n<\/td>\n<\/tr>\n<\/tbody>\n<\/table>\n<\/div>\n","protected":false},"excerpt":{"rendered":"<p>Traces-Finde mich (Ab 14 Jahren) Eigentlich verirrt sich kein Fremder nach M\u00fcckemoor. Eigentlich. Doch dann taucht Leone auf, mit einem&hellip;<\/p>\n","protected":false},"author":1,"featured_media":0,"parent":0,"menu_order":0,"comment_status":"closed","ping_status":"closed","template":"","meta":{"footnotes":""},"class_list":["post-7518","page","type-page","status-publish","hentry"],"yoast_head":"<!-- This site is optimized with the Yoast SEO plugin v24.2 - https:\/\/yoast.com\/wordpress\/plugins\/seo\/ -->\n<title>Kinder- und Jugendb\u00fccher - Regine K\u00f6lpin<\/title>\n<meta name=\"robots\" content=\"index, follow, max-snippet:-1, max-image-preview:large, max-video-preview:-1\" \/>\n<link rel=\"canonical\" href=\"https:\/\/www.regine-koelpin.de\/?page_id=7518\" \/>\n<meta property=\"og:locale\" content=\"de_DE\" \/>\n<meta property=\"og:type\" content=\"article\" \/>\n<meta property=\"og:title\" content=\"Kinder- und Jugendb\u00fccher - Regine K\u00f6lpin\" \/>\n<meta property=\"og:description\" content=\"Traces-Finde mich (Ab 14 Jahren) Eigentlich verirrt sich kein Fremder nach M\u00fcckemoor. Eigentlich. Doch dann taucht Leone auf, mit einem&hellip;\" \/>\n<meta property=\"og:url\" content=\"https:\/\/www.regine-koelpin.de\/?page_id=7518\" \/>\n<meta property=\"og:site_name\" content=\"Regine K\u00f6lpin\" \/>\n<meta property=\"article:modified_time\" content=\"2022-09-26T14:26:41+00:00\" \/>\n<meta name=\"twitter:card\" content=\"summary_large_image\" \/>\n<meta name=\"twitter:label1\" content=\"Gesch\u00e4tzte Lesezeit\" \/>\n\t<meta name=\"twitter:data1\" content=\"2\u00a0Minuten\" \/>\n<script type=\"application\/ld+json\" class=\"yoast-schema-graph\">{\"@context\":\"https:\/\/schema.org\",\"@graph\":[{\"@type\":\"WebPage\",\"@id\":\"https:\/\/www.regine-koelpin.de\/?page_id=7518\",\"url\":\"https:\/\/www.regine-koelpin.de\/?page_id=7518\",\"name\":\"Kinder- und Jugendb\u00fccher - Regine K\u00f6lpin\",\"isPartOf\":{\"@id\":\"https:\/\/www.regine-koelpin.de\/#website\"},\"datePublished\":\"2020-10-04T10:20:28+00:00\",\"dateModified\":\"2022-09-26T14:26:41+00:00\",\"breadcrumb\":{\"@id\":\"https:\/\/www.regine-koelpin.de\/?page_id=7518#breadcrumb\"},\"inLanguage\":\"de\",\"potentialAction\":[{\"@type\":\"ReadAction\",\"target\":[\"https:\/\/www.regine-koelpin.de\/?page_id=7518\"]}]},{\"@type\":\"BreadcrumbList\",\"@id\":\"https:\/\/www.regine-koelpin.de\/?page_id=7518#breadcrumb\",\"itemListElement\":[{\"@type\":\"ListItem\",\"position\":1,\"name\":\"Startseite\",\"item\":\"https:\/\/www.regine-koelpin.de\/\"},{\"@type\":\"ListItem\",\"position\":2,\"name\":\"Kinder- und Jugendb\u00fccher\"}]},{\"@type\":\"WebSite\",\"@id\":\"https:\/\/www.regine-koelpin.de\/#website\",\"url\":\"https:\/\/www.regine-koelpin.de\/\",\"name\":\"Regine K\u00f6lpin\",\"description\":\"Schriftstellerin\",\"potentialAction\":[{\"@type\":\"SearchAction\",\"target\":{\"@type\":\"EntryPoint\",\"urlTemplate\":\"https:\/\/www.regine-koelpin.de\/?s={search_term_string}\"},\"query-input\":{\"@type\":\"PropertyValueSpecification\",\"valueRequired\":true,\"valueName\":\"search_term_string\"}}],\"inLanguage\":\"de\"}]}<\/script>\n<!-- \/ Yoast SEO plugin. -->","yoast_head_json":{"title":"Kinder- und Jugendb\u00fccher - Regine K\u00f6lpin","robots":{"index":"index","follow":"follow","max-snippet":"max-snippet:-1","max-image-preview":"max-image-preview:large","max-video-preview":"max-video-preview:-1"},"canonical":"https:\/\/www.regine-koelpin.de\/?page_id=7518","og_locale":"de_DE","og_type":"article","og_title":"Kinder- und Jugendb\u00fccher - Regine K\u00f6lpin","og_description":"Traces-Finde mich (Ab 14 Jahren) Eigentlich verirrt sich kein Fremder nach M\u00fcckemoor. Eigentlich. Doch dann taucht Leone auf, mit einem&hellip;","og_url":"https:\/\/www.regine-koelpin.de\/?page_id=7518","og_site_name":"Regine K\u00f6lpin","article_modified_time":"2022-09-26T14:26:41+00:00","twitter_card":"summary_large_image","twitter_misc":{"Gesch\u00e4tzte Lesezeit":"2\u00a0Minuten"},"schema":{"@context":"https:\/\/schema.org","@graph":[{"@type":"WebPage","@id":"https:\/\/www.regine-koelpin.de\/?page_id=7518","url":"https:\/\/www.regine-koelpin.de\/?page_id=7518","name":"Kinder- und Jugendb\u00fccher - Regine K\u00f6lpin","isPartOf":{"@id":"https:\/\/www.regine-koelpin.de\/#website"},"datePublished":"2020-10-04T10:20:28+00:00","dateModified":"2022-09-26T14:26:41+00:00","breadcrumb":{"@id":"https:\/\/www.regine-koelpin.de\/?page_id=7518#breadcrumb"},"inLanguage":"de","potentialAction":[{"@type":"ReadAction","target":["https:\/\/www.regine-koelpin.de\/?page_id=7518"]}]},{"@type":"BreadcrumbList","@id":"https:\/\/www.regine-koelpin.de\/?page_id=7518#breadcrumb","itemListElement":[{"@type":"ListItem","position":1,"name":"Startseite","item":"https:\/\/www.regine-koelpin.de\/"},{"@type":"ListItem","position":2,"name":"Kinder- und Jugendb\u00fccher"}]},{"@type":"WebSite","@id":"https:\/\/www.regine-koelpin.de\/#website","url":"https:\/\/www.regine-koelpin.de\/","name":"Regine K\u00f6lpin","description":"Schriftstellerin","potentialAction":[{"@type":"SearchAction","target":{"@type":"EntryPoint","urlTemplate":"https:\/\/www.regine-koelpin.de\/?s={search_term_string}"},"query-input":{"@type":"PropertyValueSpecification","valueRequired":true,"valueName":"search_term_string"}}],"inLanguage":"de"}]}},"_links":{"self":[{"href":"https:\/\/www.regine-koelpin.de\/index.php?rest_route=\/wp\/v2\/pages\/7518","targetHints":{"allow":["GET"]}}],"collection":[{"href":"https:\/\/www.regine-koelpin.de\/index.php?rest_route=\/wp\/v2\/pages"}],"about":[{"href":"https:\/\/www.regine-koelpin.de\/index.php?rest_route=\/wp\/v2\/types\/page"}],"author":[{"embeddable":true,"href":"https:\/\/www.regine-koelpin.de\/index.php?rest_route=\/wp\/v2\/users\/1"}],"replies":[{"embeddable":true,"href":"https:\/\/www.regine-koelpin.de\/index.php?rest_route=%2Fwp%2Fv2%2Fcomments&post=7518"}],"version-history":[{"count":2,"href":"https:\/\/www.regine-koelpin.de\/index.php?rest_route=\/wp\/v2\/pages\/7518\/revisions"}],"predecessor-version":[{"id":8376,"href":"https:\/\/www.regine-koelpin.de\/index.php?rest_route=\/wp\/v2\/pages\/7518\/revisions\/8376"}],"wp:attachment":[{"href":"https:\/\/www.regine-koelpin.de\/index.php?rest_route=%2Fwp%2Fv2%2Fmedia&parent=7518"}],"curies":[{"name":"wp","href":"https:\/\/api.w.org\/{rel}","templated":true}]}}