{"id":7513,"date":"2020-10-04T12:19:01","date_gmt":"2020-10-04T10:19:01","guid":{"rendered":"http:\/\/www.regine-koelpin.de\/?page_id=7513"},"modified":"2025-05-03T16:29:30","modified_gmt":"2025-05-03T14:29:30","slug":"kriminalromane","status":"publish","type":"page","link":"https:\/\/www.regine-koelpin.de\/?page_id=7513","title":{"rendered":"Kriminalromane"},"content":{"rendered":"<table id=\"tablewrapper_CMTOI_cm4all_com_widgets_PhotoToi_11343323\" width=\"603\" cellspacing=\"0\" cellpadding=\"0\">\n<tbody>\n<tr>\n<td><strong>Neuauflage von Wohin die Schuld uns tr\u00e4gt<\/strong><\/p>\n<div id=\"widgetroot_CMTOI_cm4all_com_widgets_PhotoToi_11343323\">\n<div id=\"container_CMTOI_cm4all_com_widgets_PhotoToi_11343323\"><a title=\"Sturm der Schuld\" href=\"\/?p=7601\"><br \/>\n<img loading=\"lazy\" decoding=\"async\" class=\"size-full wp-image-244 alignleft\" src=\"wp-content\/uploads\/81Y86gRzFwL._SL1500_.jpg\" alt=\"Brandung der Rache\" width=\"131\" height=\"196\" \/><\/a><\/p>\n<div>\n<div><\/div>\n<div><\/div>\n<div><strong>Sturm der Schuld<\/strong><\/p>\n<div>\n<p style=\"text-align: left;\">\u00bbSturm der Schuld\u00ab. Welches Geheimnis h\u00fctete der Tote in der Graft?<br \/>\nDer aufw\u00fchlende Kriminalroman im st\u00fcrmischen Friesland.<br \/>\nEin Toter in der Jever Graft ist Kommissarin Kenza Klausens Einstieg in die neue Dienststelle bei der Mordkommission Friesland. <a href=\"http:\/\/www.regine-koelpin.de\/?p=9104\">mehr<\/a><\/p>\n<p style=\"text-align: left;\"><strong> dp (digital pblishers),20.3.2025 <\/strong><\/p>\n<p style=\"text-align: left;\"><strong><br \/>\n<\/strong><strong>4,99 \u20ac (als eBook)13,99 \u20ac (Taschenbuch)<br \/>\n<\/strong><strong>ISBN\u200e 978-3690900089<\/strong><\/p>\n<table id=\"tablewrapper_CMTOI_cm4all_com_widgets_PhotoToi_11343323\" width=\"603\" cellspacing=\"0\" cellpadding=\"0\">\n<tbody>\n<tr>\n<td><strong>Neuauflage von M\u00f6rderische See und Vergangen ist nicht vorbei<\/strong><\/p>\n<div id=\"widgetroot_CMTOI_cm4all_com_widgets_PhotoToi_11343323\">\n<div id=\"container_CMTOI_cm4all_com_widgets_PhotoToi_11343323\"><a title=\"Brandung der Rache\" href=\"\/?p=7601\"><br \/>\n<img loading=\"lazy\" decoding=\"async\" class=\"size-full wp-image-244 alignleft\" src=\"wp-content\/uploads\/Brandung-der-Rache.jpg\" alt=\"Brandung der Rache\" width=\"131\" height=\"196\" \/><\/a><\/p>\n<div>\n<div><\/div>\n<div><\/div>\n<div><strong>Brandung der Rache<\/strong><\/p>\n<div>\n<p style=\"text-align: left;\">\u00bbBrandung der Rache\u00ab. Die Vergangenheit wirft ihre langen, dunklen Schatten voraus \u2026<br \/>\nDer mitrei\u00dfende Kriminalroman vor st\u00fcrmischer Nordsee-Kulisse.<br \/>\nIn Wilhelmshaven wird der einflussreiche Immobilienmagnat Hartmut Meckenwald ermordet aufgefunden.<a href=\"http:\/\/www.regine-koelpin.de\/?p=8764\">mehr<\/a><\/p>\n<p style=\"text-align: left;\"><strong>dp,\u00a0 1.Dezember 2023 <\/strong><\/p>\n<p style=\"text-align: left;\"><strong><br \/>\n<\/strong><strong>13,99 \u20ac (auch als H\u00f6rbuch und eBook)<br \/>\n<\/strong><strong>ISBN:978-3987787539<\/strong><\/p>\n<table id=\"tablewrapper_CMTOI_cm4all_com_widgets_PhotoToi_11343323\" width=\"603\" cellspacing=\"0\" cellpadding=\"0\">\n<tbody>\n<tr>\n<td>&lt;<\/p>\n<div id=\"widgetroot_CMTOI_cm4all_com_widgets_PhotoToi_11343323\">\n<div id=\"container_CMTOI_cm4all_com_widgets_PhotoToi_11343323\"><a title=\"Den Letzten bei\u00dfen die Robben\" href=\"\/?p=7601\"><br \/>\n<img loading=\"lazy\" decoding=\"async\" class=\"size-full wp-image-244 alignleft\" src=\"wp-content\/uploads\/Den-Letzten-....jpg\" alt=\"Den Letzten bei\u00dfen die Robben\" width=\"131\" height=\"196\" \/><\/a><\/p>\n<div>\n<div><\/div>\n<div><\/div>\n<div><strong>Den Letzten bei\u00dfen die Robben<\/strong><\/p>\n<div>\n<p style=\"text-align: left;\">In \u00bbDen Letzten bei\u00dfen die Robben\u00ab, dem 3. Teil der humorvollen K\u00fcstenkrimi-Reihe von Regine K\u00f6lpin, m\u00fcssen der liebenswerte friesische Eigenbr\u00f6tler Ino Tjarks und seine patenten Ladys den Mord am Star der Laienspielgruppe aufkl\u00e4ren.<a href=\"http:\/\/www.regine-koelpin.de\/?p=8396\">mehr<\/a><\/p>\n<p style=\"text-align: left;\"><strong>Droemer Knaur,\u00a0 1.Februar 2022 <\/strong><\/p>\n<p style=\"text-align: left;\"><strong>1. Auflage Febr. 2022<br \/>\n2. Auflage M\u00e4rz 2023<br \/>\n<\/strong><strong>11,99 \u20ac<br \/>\n<\/strong><strong>ISBN 978-3426527306<br \/>\nAuch als H\u00f6rbuch&amp;EBook<\/strong><\/p>\n<table id=\"tablewrapper_CMTOI_cm4all_com_widgets_PhotoToi_11343323\" width=\"603\" cellspacing=\"0\" cellpadding=\"0\">\n<tbody>\n<tr>\n<td>&lt;<\/p>\n<div id=\"widgetroot_CMTOI_cm4all_com_widgets_PhotoToi_11343323\">\n<div id=\"container_CMTOI_cm4all_com_widgets_PhotoToi_11343323\"><a title=\"M\u00f6wenschiss-Mord\" href=\"\/?p=7601\"><br \/>\n<img loading=\"lazy\" decoding=\"async\" class=\"size-full wp-image-244 alignleft\" src=\"wp-content\/uploads\/Moewenschiss.jpg\" alt=\"M\u00f6wenschiss-Mord\" width=\"131\" height=\"196\" \/><\/a><\/p>\n<div>\n<div><\/div>\n<div><\/div>\n<div><strong>Der M\u00f6wenschiss-Mord<\/strong><\/p>\n<div>\n<p style=\"text-align: left;\">Teil 2 der K\u00fcstenkrimi-Reihe an der friesischen Nordsee-K\u00fcste um den liebenswerten Eigenbr\u00f6tler Ino Tjarks, seine Haush\u00e4lterin Gerda Jan\u00dfen und die befreundete B\u00e4ckerin Theda Graalfs, die diesmal einen M\u00f6rder auf dem Campingplatz enttarnen m\u00fcssen.<a href=\"http:\/\/www.regine-koelpin.de\/?p=7601\">mehr<\/a><\/p>\n<p style=\"text-align: left;\"><strong>Droemer Knaur,\u00a0 Juni 2021 <\/strong><\/p>\n<p style=\"text-align: left;\"><strong>2. Auflage Feb. 2022<br \/>\n<\/strong><strong>9,99 \u20ac<br \/>\n<\/strong><strong>ISBN 978-3-426-52297-4<\/strong><\/p>\n<p><strong>Auch als H\u00f6rbuch&amp;EBook<\/strong><\/p>\n<h2><\/h2>\n<p><!--Ins Watt gebissen--><\/p>\n<table id=\"tablewrapper_CMTOI_cm4all_com_widgets_PhotoToi_11343323\" width=\"603\" cellspacing=\"0\" cellpadding=\"0\">\n<tbody>\n<tr>\n<td>\n<div id=\"widgetroot_CMTOI_cm4all_com_widgets_PhotoToi_11343323\">\n<div id=\"container_CMTOI_cm4all_com_widgets_PhotoToi_11343323\"><a title=\"Ins Watt gebissen\" href=\"\/?p=6553\"><br \/>\n<img loading=\"lazy\" decoding=\"async\" class=\"size-full wp-image-244 alignleft\" src=\"wp-content\/uploads\/Koelpin_Watt_4_korr-002.jpg\" alt=\"Ins Watt gebissen\" width=\"131\" height=\"196\" \/><\/a><strong>Ins Watt gebissen<\/strong><\/p>\n<div>\n<p style=\"text-align: left;\">Der K\u00fcsten-Krimi \u201eIns Watt gebissen\u201c von Erfolgsautorin Regine K\u00f6lpin bietet Nordsee-Flair, viel Humor, ein eigenwilliges Ermittlerteam und einen kuriosen Mord. \u201eIns Watt gebissen\u201c ist der Auftakt zu einer neuen K\u00fcsten-Krimi-Reihe und die ideale Urlaubs-Lekt\u00fcre!<a href=\"http:\/\/www.regine-koelpin.de\/?p=6553\">mehr<\/a><\/p>\n<p style=\"text-align: left;\"><strong>Droemer Knaur,\u00a0 Juni 2019,<br \/>\n<\/strong><strong>9,99 \u20ac<br \/>\n<\/strong><strong>ISBN 978-342652296-7<br \/>\n<\/strong><strong>2. Aufl.\u00a0 Juni 2019<br \/>\n3 .Aufl. Februar 2021<br \/>\n4. Aufl. April 2022<\/strong><\/p>\n<p><strong>Auch als H\u00f6rbuch&amp;EBook<\/strong><\/p>\n<p>Abdruck als Fortsetzungsroman in der periodischen Druckschrift &#8218;Die Botschaft&#8216; ( B\u00fcrli AG )<\/p>\n<p><!--Wohin die Schuld uns tr\u00e4gt--><\/p>\n<table id=\"tablewrapper_CMTOI_cm4all_com_widgets_PhotoToi_11343323\" width=\"603\" cellspacing=\"0\" cellpadding=\"0\">\n<tbody>\n<tr>\n<td>\n<div id=\"widgetroot_CMTOI_cm4all_com_widgets_PhotoToi_11343323\">\n<div id=\"container_CMTOI_cm4all_com_widgets_PhotoToi_11343323\"><a title=\"Wohin die Schuld uns tr\u00e4gt\" href=\"\/?p=7219\"><br \/>\n<img loading=\"lazy\" decoding=\"async\" class=\"size-full wp-image-244 alignleft\" src=\"wp-content\/uploads\/Wohin_d_Schuld_uns_LY_2.jpg\" alt=\"Wohin die Schuld uns tr\u00e4gt\" width=\"131\" height=\"196\" \/><\/a><strong>Wohin die Schuld uns tr\u00e4gt<\/strong><\/p>\n<div>\n<p style=\"text-align: left;\">F\u00fcr den Kriminalroman \u201eWohin die Schuld uns tr\u00e4gt\u201c hat die Autorin\u00a0 etliche Recherchereisen nach Polen unternommen. Er verkn\u00fcpft einen Mord in der Gegenwart mit einem grausamen Ereignis zum Kriegsende auf der Flucht aus Westpreu\u00dfen.<a href=\"http:\/\/www.regine-koelpin.de\/?p=7219\">mehr<\/a><\/p>\n<p style=\"text-align: left;\"><strong>Gmeiner Verlag,\u00a0 August 2020 18<\/strong><strong>\u00a0\u20ac,\u00a0 \u00a0Premium Klappenbroschur<br \/>\n<\/strong><strong>ISBN 978-3839227725<br \/>\n<\/strong><strong>Preis: 18 \u20ac<br \/>\n<\/strong><strong> 1. Aufl.\u00a0 Juni2020<\/strong><\/p>\n<p><!--M\u00f6rderische See--><\/p>\n<table id=\"tablewrapper_CMTOI_cm4all_com_widgets_PhotoToi_11343323\" width=\"603\" cellspacing=\"0\" cellpadding=\"0\">\n<tbody>\n<tr>\n<td>\n<div id=\"widgetroot_CMTOI_cm4all_com_widgets_PhotoToi_11343323\">\n<div id=\"container_CMTOI_cm4all_com_widgets_PhotoToi_11343323\"><a title=\"M\u00f6rderische See\" href=\"\/?p=7979\"><br \/>\n<img loading=\"lazy\" decoding=\"async\" class=\"size-full wp-image-244 alignleft\" src=\"wp-content\/uploads\/Moerderische-See.jpg\" alt=\"M\u00f6rderische See\" width=\"131\" height=\"196\" \/><\/a><strong>M\u00f6rderische See<\/strong><\/p>\n<div>\n<p style=\"text-align: left;\">Ein Netz aus L\u00fcgen, Schuld und einer tragischen Vergangenheit<br \/>\nDer fesselnde Kriminalroman vor der st\u00fcrmischen Kulisse Norddeutschlands.<a href=\"http:\/\/www.regine-koelpin.de\/?p=7979\">mehr<\/a><\/p>\n<p style=\"text-align: left;\"><strong>dp-Verlag,\u00a0 August 2022 18<\/strong><strong>\u00a0\u20ac,\u00a0 \u00a0EBook und H\u00f6rbuch<br \/>\n<\/strong><strong>ISBN 978-3-96817-706-9<br \/>\n<\/strong><strong>Preis: 2,99 \u20ac<br \/>\n<\/strong><strong> 1. Aufl.\u00a0 August2021<br \/>\n<strong><br \/>\n<\/strong><\/strong><\/p>\n<p><strong><!--Wie dunkel der Schatten--><\/strong><\/p>\n<table id=\"tablewrapper_CMTOI_cm4all_com_widgets_PhotoToi_11343323\" width=\"603\" cellspacing=\"0\" cellpadding=\"0\">\n<tbody>\n<tr>\n<td>\n<div id=\"widgetroot_CMTOI_cm4all_com_widgets_PhotoToi_11343323\">\n<div id=\"container_CMTOI_cm4all_com_widgets_PhotoToi_11343323\"><a title=\"Wie dunkel der Schatten\" href=\"\/?p=3711\"><br \/>\n<img loading=\"lazy\" decoding=\"async\" class=\"size-full wp-image-244 alignleft\" src=\"wp-content\/uploads\/Wie-dunkel-die-Schatten-n.jpg\" alt=\"Wie dunkel die Schatten\" width=\"131\" height=\"196\" \/><\/a><strong>Wie dunkel der Schatten<\/strong><\/p>\n<div>\n<p style=\"text-align: left;\">Ein belegtes Brot f\u00fcr die Obdachlose Frieda, das ist ins Blut \u00fcbergegangen. Doch dann verschwindet Frida und l\u00e4sst nur ihren Wollmantel zur\u00fcck &#8230; <a title=\"Wie dunkel die Schatten&quot;\" href=\"\/?p=3711\">mehr<strong><br \/>\n<\/strong><\/a><\/p>\n<p style=\"text-align: left;\"><strong>\u00fcberarbeitete Neuauflage von Stra\u00dfenschatten, dp Verlag\u00a0 2021 als eBook und H\u00f6rbuch<br \/>\n<\/strong><strong>2,99 \u20ac,<br \/>\nISBN:978-3-96817-702-1&gt;<br \/>\n<strong><br \/>\n<\/strong><\/strong><\/p>\n<p><!--Muschelgrab--><\/p>\n<table id=\"tablewrapper_CMTOI_cm4all_com_widgets_PhotoToi_11343323\" width=\"603\" cellspacing=\"0\" cellpadding=\"0\">\n<tbody>\n<tr>\n<td>\n<div id=\"widgetroot_CMTOI_cm4all_com_widgets_PhotoToi_11343323\">\n<div id=\"container_CMTOI_cm4all_com_widgets_PhotoToi_11343323\"><a title=\"Ins Watt gebissen\" href=\"\/?p=7106\"><br \/>\n<img loading=\"lazy\" decoding=\"async\" class=\"size-full wp-image-244 alignleft\" src=\"wp-content\/uploads\/MuschelgrabCover.png\" alt=\"Ins Watt gebissen\" width=\"131\" height=\"196\" \/><\/a><strong>Muschelgrab<\/strong><\/p>\n<div>\n<p style=\"text-align: left;\">Im Insel-Krimi \u201eMuschelgrab\u201c\u00a0 wird ein uraltes Geheimnis gel\u00fcftet. Schauplatz ist die Nordseeinsel Wangerooge. \u201eMuschelgrab\u201c ist der 4. Teil der Krimiserie um Kommissar Rothko!<\/p>\n<p style=\"text-align: left;\"><a href=\"http:\/\/www.regine-koelpin.de\/?p=7106\">mehr<\/a><\/p>\n<p style=\"text-align: left;\"><strong>Neuauflage Gmeiner,\u00a0 Juni 2020<\/strong><strong>,<br \/>\n12,00 \u20ac<br \/>\n<\/strong><strong>ISBN 978-342652296-7<\/strong><\/p>\n<\/div>\n<\/div>\n<\/div>\n<\/td>\n<\/tr>\n<\/tbody>\n<\/table>\n<\/div>\n<table id=\"tablewrapper_CMTOI_cm4all_com_widgets_PhotoToi_11343323\" width=\"603\" cellspacing=\"0\" cellpadding=\"0\">\n<tbody>\n<tr>\n<td>\n<div id=\"widgetroot_CMTOI_cm4all_com_widgets_PhotoToi_11343323\">\n<div id=\"container_CMTOI_cm4all_com_widgets_PhotoToi_11343323\"><a title=\"Otternbiss\" href=\"\/?p=7103\"><br \/>\n<img loading=\"lazy\" decoding=\"async\" class=\"size-full wp-image-244 alignleft\" src=\"wp-content\/uploads\/Otternbiss-neu.jpg\" alt=\"Otternbiss\" width=\"131\" height=\"196\" \/><\/a><strong>Otternbiss<\/strong><\/p>\n<div>\n<p style=\"text-align: left;\">Im Insel-Krimi \u201eOtternbiss\u201c\u00a0 verschwindet ein Junge im Seenebel. Schauplatz ist die Nordseeinsel Wangerooge. \u201eOtternbiss\u201c ist der 3. Teil der Krimiserie um Kommissar Rothko!<\/p>\n<p style=\"text-align: left;\"><a href=\"http:\/\/www.regine-koelpin.de\/?p=7103\">mehr<\/a><\/p>\n<p style=\"text-align: left;\"><strong>Neuauflage Gmeiner,\u00a0 Juni 2020<\/strong><strong>,<br \/>\n12,00 \u20ac<br \/>\n<\/strong><strong>ISBN 978-3839226773<\/strong><\/p>\n<\/div>\n<\/div>\n<\/div>\n<\/td>\n<\/tr>\n<\/tbody>\n<\/table>\n<\/div>\n<table id=\"tablewrapper_CMTOI_cm4all_com_widgets_PhotoToi_11343323\" width=\"603\" cellspacing=\"0\" cellpadding=\"0\">\n<tbody>\n<tr>\n<td>\n<div id=\"widgetroot_CMTOI_cm4all_com_widgets_PhotoToi_11343323\">\n<div id=\"container_CMTOI_cm4all_com_widgets_PhotoToi_11343323\"><a title=\"Otternbiss\" href=\"\/?p=7103\"><br \/>\n<img loading=\"lazy\" decoding=\"async\" class=\"size-full wp-image-244 alignleft\" src=\"wp-content\/uploads\/Spinnentanz-1.jpg\" alt=\"K\u00e4henfl\u00fcstern\" width=\"131\" height=\"196\" \/><\/a><strong>Spinnentanz<\/strong><\/p>\n<div>\n<p style=\"text-align: left;\">Die drei Frauen Antke, Monika und Esther van der Kaark leben als Drei-Generationen-Haushalt in scheinbar perfekter Harmonie auf dem Seehof, einer Pferdepension im Wangerland. Diese Idylle wird durch das pl\u00f6tzliche Auftauchen einer fremden Frau empfindlich gest\u00f6rt. Als Antkes Enkelin Esther beginnt, an der Fassade der Familienidylle zu kratzen, um herauszufinden, wer die Unbekannte ist und was sie auf dem Seehof sucht, \u00fcberschlagen sich die Ereignisse: Die Leiche einer Frau treibt eines Morgens im Hooksmeer und Monika ist spurlos verschwunden. Kommissar Rothko nimmt die Ermittlungen auf.<\/p>\n<p style=\"text-align: left;\"><strong>Neuauflage Gmeiner,\u00a0 M\u00e4rz 2022<\/strong><strong>,<br \/>\n11,00 \u20ac<br \/>\n<\/strong><strong>ISBN 978-3934927957<\/strong><\/p>\n<\/div>\n<\/div>\n<\/div>\n<\/td>\n<\/tr>\n<\/tbody>\n<\/table>\n<\/div>\n<table id=\"tablewrapper_CMTOI_cm4all_com_widgets_PhotoToi_11343323\" width=\"603\" cellspacing=\"0\" cellpadding=\"0\">\n<tbody>\n<tr>\n<td>\n<div id=\"widgetroot_CMTOI_cm4all_com_widgets_PhotoToi_11343323\">\n<div id=\"container_CMTOI_cm4all_com_widgets_PhotoToi_11343323\"><a title=\"Kr\u00e4henf\u00f6\u00fcstern\" href=\"\/?p=7103\"><br \/>\n<img loading=\"lazy\" decoding=\"async\" class=\"size-full wp-image-244 alignleft\" src=\"wp-content\/uploads\/Kraehenfluestern-neu.jpg\" alt=\"K\u00e4henfl\u00fcstern\" width=\"131\" height=\"196\" \/><\/a><strong>Kr\u00e4henfl\u00fcstern<\/strong><\/p>\n<div>\n<p style=\"text-align: left;\">Im Wilhelmshavener Pflegezentrum Sanfte Wellen kommt eine alte Frau ums Leben. Kurz darauf wird die zust\u00e4ndige Pflegerin bestialisch ermordet in den Salzwiesen aufgefunden. Was hat Hubert Lambacher, der Sohn der alten Frau damit zu tun? Welche Rolle spielt der Heimleiter Thiemo Hanken? \u201eKr\u00e4henfl\u00fcstern\u201c ist der 1. Teil der Krimiserie um Kommissar Rothko! \u00a0\u00a0<a href=\"http:\/\/www.regine-koelpin.de\/?p=559\">mehr<\/a><\/p>\n<p style=\"text-align: left;\"><strong>Neuauflage Gmeiner,\u00a0 Januar2021<\/strong><strong>,<br \/>\n8,90 \u20ac<br \/>\n<\/strong><strong>ISBN 978-3934927957<\/strong><\/p>\n<\/div>\n<\/div>\n<\/div>\n<\/td>\n<\/tr>\n<\/tbody>\n<\/table>\n<\/td>\n<\/tr>\n<\/tbody>\n<\/table>\n<\/div>\n<p><strong>\u00a0<\/strong><\/p>\n<\/div>\n<p><strong>\u00a0<\/strong><\/p>\n<\/div>\n<p><strong>\u00a0<\/strong><\/td>\n<\/tr>\n<\/tbody>\n<\/table>\n<\/div>\n<\/div>\n<\/div>\n<\/td>\n<\/tr>\n<\/tbody>\n<\/table>\n<\/div>\n<\/div>\n<\/div>\n<\/td>\n<\/tr>\n<\/tbody>\n<\/table>\n<\/div>\n<\/div>\n<\/div>\n<\/div>\n<\/div>\n<\/td>\n<\/tr>\n<\/tbody>\n<\/table>\n<\/div>\n<\/div>\n<\/div>\n<\/div>\n<\/div>\n<\/td>\n<\/tr>\n<\/tbody>\n<\/table>\n<\/div>\n<\/div>\n<\/div>\n<\/div>\n<\/div>\n<\/td>\n<\/tr>\n<\/tbody>\n<\/table>\n","protected":false},"excerpt":{"rendered":"<p>Neuauflage von Wohin die Schuld uns tr\u00e4gt Sturm der Schuld \u00bbSturm der Schuld\u00ab. Welches Geheimnis h\u00fctete der Tote in der&hellip;<\/p>\n","protected":false},"author":1,"featured_media":0,"parent":0,"menu_order":0,"comment_status":"closed","ping_status":"closed","template":"","meta":{"footnotes":""},"class_list":["post-7513","page","type-page","status-publish","hentry"],"yoast_head":"<!-- This site is optimized with the Yoast SEO plugin v24.2 - https:\/\/yoast.com\/wordpress\/plugins\/seo\/ -->\n<title>Kriminalromane - Regine K\u00f6lpin<\/title>\n<meta name=\"robots\" content=\"index, follow, max-snippet:-1, max-image-preview:large, max-video-preview:-1\" \/>\n<link rel=\"canonical\" href=\"https:\/\/www.regine-koelpin.de\/?page_id=7513\" \/>\n<meta property=\"og:locale\" content=\"de_DE\" \/>\n<meta property=\"og:type\" content=\"article\" \/>\n<meta property=\"og:title\" content=\"Kriminalromane - Regine K\u00f6lpin\" \/>\n<meta property=\"og:description\" content=\"Neuauflage von Wohin die Schuld uns tr\u00e4gt Sturm der Schuld \u00bbSturm der Schuld\u00ab. Welches Geheimnis h\u00fctete der Tote in der&hellip;\" \/>\n<meta property=\"og:url\" content=\"https:\/\/www.regine-koelpin.de\/?page_id=7513\" \/>\n<meta property=\"og:site_name\" content=\"Regine K\u00f6lpin\" \/>\n<meta property=\"article:modified_time\" content=\"2025-05-03T14:29:30+00:00\" \/>\n<meta name=\"twitter:card\" content=\"summary_large_image\" \/>\n<meta name=\"twitter:label1\" content=\"Gesch\u00e4tzte Lesezeit\" \/>\n\t<meta name=\"twitter:data1\" content=\"6\u00a0Minuten\" \/>\n<script type=\"application\/ld+json\" class=\"yoast-schema-graph\">{\"@context\":\"https:\/\/schema.org\",\"@graph\":[{\"@type\":\"WebPage\",\"@id\":\"https:\/\/www.regine-koelpin.de\/?page_id=7513\",\"url\":\"https:\/\/www.regine-koelpin.de\/?page_id=7513\",\"name\":\"Kriminalromane - Regine K\u00f6lpin\",\"isPartOf\":{\"@id\":\"https:\/\/www.regine-koelpin.de\/#website\"},\"datePublished\":\"2020-10-04T10:19:01+00:00\",\"dateModified\":\"2025-05-03T14:29:30+00:00\",\"breadcrumb\":{\"@id\":\"https:\/\/www.regine-koelpin.de\/?page_id=7513#breadcrumb\"},\"inLanguage\":\"de\",\"potentialAction\":[{\"@type\":\"ReadAction\",\"target\":[\"https:\/\/www.regine-koelpin.de\/?page_id=7513\"]}]},{\"@type\":\"BreadcrumbList\",\"@id\":\"https:\/\/www.regine-koelpin.de\/?page_id=7513#breadcrumb\",\"itemListElement\":[{\"@type\":\"ListItem\",\"position\":1,\"name\":\"Startseite\",\"item\":\"https:\/\/www.regine-koelpin.de\/\"},{\"@type\":\"ListItem\",\"position\":2,\"name\":\"Kriminalromane\"}]},{\"@type\":\"WebSite\",\"@id\":\"https:\/\/www.regine-koelpin.de\/#website\",\"url\":\"https:\/\/www.regine-koelpin.de\/\",\"name\":\"Regine K\u00f6lpin\",\"description\":\"Schriftstellerin\",\"potentialAction\":[{\"@type\":\"SearchAction\",\"target\":{\"@type\":\"EntryPoint\",\"urlTemplate\":\"https:\/\/www.regine-koelpin.de\/?s={search_term_string}\"},\"query-input\":{\"@type\":\"PropertyValueSpecification\",\"valueRequired\":true,\"valueName\":\"search_term_string\"}}],\"inLanguage\":\"de\"}]}<\/script>\n<!-- \/ Yoast SEO plugin. -->","yoast_head_json":{"title":"Kriminalromane - Regine K\u00f6lpin","robots":{"index":"index","follow":"follow","max-snippet":"max-snippet:-1","max-image-preview":"max-image-preview:large","max-video-preview":"max-video-preview:-1"},"canonical":"https:\/\/www.regine-koelpin.de\/?page_id=7513","og_locale":"de_DE","og_type":"article","og_title":"Kriminalromane - Regine K\u00f6lpin","og_description":"Neuauflage von Wohin die Schuld uns tr\u00e4gt Sturm der Schuld \u00bbSturm der Schuld\u00ab. Welches Geheimnis h\u00fctete der Tote in der&hellip;","og_url":"https:\/\/www.regine-koelpin.de\/?page_id=7513","og_site_name":"Regine K\u00f6lpin","article_modified_time":"2025-05-03T14:29:30+00:00","twitter_card":"summary_large_image","twitter_misc":{"Gesch\u00e4tzte Lesezeit":"6\u00a0Minuten"},"schema":{"@context":"https:\/\/schema.org","@graph":[{"@type":"WebPage","@id":"https:\/\/www.regine-koelpin.de\/?page_id=7513","url":"https:\/\/www.regine-koelpin.de\/?page_id=7513","name":"Kriminalromane - Regine K\u00f6lpin","isPartOf":{"@id":"https:\/\/www.regine-koelpin.de\/#website"},"datePublished":"2020-10-04T10:19:01+00:00","dateModified":"2025-05-03T14:29:30+00:00","breadcrumb":{"@id":"https:\/\/www.regine-koelpin.de\/?page_id=7513#breadcrumb"},"inLanguage":"de","potentialAction":[{"@type":"ReadAction","target":["https:\/\/www.regine-koelpin.de\/?page_id=7513"]}]},{"@type":"BreadcrumbList","@id":"https:\/\/www.regine-koelpin.de\/?page_id=7513#breadcrumb","itemListElement":[{"@type":"ListItem","position":1,"name":"Startseite","item":"https:\/\/www.regine-koelpin.de\/"},{"@type":"ListItem","position":2,"name":"Kriminalromane"}]},{"@type":"WebSite","@id":"https:\/\/www.regine-koelpin.de\/#website","url":"https:\/\/www.regine-koelpin.de\/","name":"Regine K\u00f6lpin","description":"Schriftstellerin","potentialAction":[{"@type":"SearchAction","target":{"@type":"EntryPoint","urlTemplate":"https:\/\/www.regine-koelpin.de\/?s={search_term_string}"},"query-input":{"@type":"PropertyValueSpecification","valueRequired":true,"valueName":"search_term_string"}}],"inLanguage":"de"}]}},"_links":{"self":[{"href":"https:\/\/www.regine-koelpin.de\/index.php?rest_route=\/wp\/v2\/pages\/7513","targetHints":{"allow":["GET"]}}],"collection":[{"href":"https:\/\/www.regine-koelpin.de\/index.php?rest_route=\/wp\/v2\/pages"}],"about":[{"href":"https:\/\/www.regine-koelpin.de\/index.php?rest_route=\/wp\/v2\/types\/page"}],"author":[{"embeddable":true,"href":"https:\/\/www.regine-koelpin.de\/index.php?rest_route=\/wp\/v2\/users\/1"}],"replies":[{"embeddable":true,"href":"https:\/\/www.regine-koelpin.de\/index.php?rest_route=%2Fwp%2Fv2%2Fcomments&post=7513"}],"version-history":[{"count":1,"href":"https:\/\/www.regine-koelpin.de\/index.php?rest_route=\/wp\/v2\/pages\/7513\/revisions"}],"predecessor-version":[{"id":9185,"href":"https:\/\/www.regine-koelpin.de\/index.php?rest_route=\/wp\/v2\/pages\/7513\/revisions\/9185"}],"wp:attachment":[{"href":"https:\/\/www.regine-koelpin.de\/index.php?rest_route=%2Fwp%2Fv2%2Fmedia&parent=7513"}],"curies":[{"name":"wp","href":"https:\/\/api.w.org\/{rel}","templated":true}]}}