{"id":7508,"date":"2020-10-04T12:17:21","date_gmt":"2020-10-04T10:17:21","guid":{"rendered":"http:\/\/www.regine-koelpin.de\/?page_id=7508"},"modified":"2025-04-10T20:15:11","modified_gmt":"2025-04-10T18:15:11","slug":"humorvolle-omas-fuer-jede-lebenslage","status":"publish","type":"page","link":"https:\/\/www.regine-koelpin.de\/?page_id=7508","title":{"rendered":"Humorvolle Omas f\u00fcr jede Lebenslage"},"content":{"rendered":"<table id=\"tablewrapper_CMTOI_cm4all_com_widgets_PhotoToi_11343323\" width=\"603\" cellspacing=\"0\" cellpadding=\"0\">\n<tbody>\n<tr>\n<td>\n<div id=\"widgetroot_CMTOI_cm4all_com_widgets_PhotoToi_11343323\">\n<div id=\"container_CMTOI_cm4all_com_widgets_PhotoToi_11343323\">\n<p><a title=\"Mehr Lametta f\u00fcr Oma\"><img loading=\"lazy\" decoding=\"async\" class=\"size-full wp-image-244 alignleft\" src=\"wp-content\/uploads\/91eJUl0a2SL._SY522_.jpg\" alt=\"Mehr Lametta f\u00fcr Oma\" width=\"132\" height=\"199\" \/><\/a><\/p>\n<div>\n<p style=\"text-align: left;\"><strong>Mehr Lametta f\u00fcr Oma<\/strong><\/p>\n<p style=\"text-align: left;\">Zauberhafter Weihnachtsroman zum Wohlf\u00fchlen <\/p>\n<p>Eine einsame Oma, aufgeweckte Zwillinge und das kurioseste Weihnachtsfest, das die Nordsee je gesehen hat! \u00bbMehr Lametta f\u00fcr Oma\u00ab ist ein zauberhaft warmherziger Familienroman von Bestseller-Autorin Regine K\u00f6lpin: Nordsee-Flair trifft auf liebevoll gezeichnete Figuren und sanften Humor zum Schmunzeln. .<a href=\"http:\/\/www.regine-koelpin.de\/wp-admin\/post.php?post=9170&amp;action=edit\">mehr<\/a><\/p>\n<p><strong>Taschenbuch, Knaur TB,<br \/>\n1. Aufl .Sept. 2025<br \/>\n<\/strong><strong>\u00a012,99 \u20ac<\/strong><span class=\"a-text-bold\">\u200e <\/span><\/p>\n<table id=\"tablewrapper_CMTOI_cm4all_com_widgets_PhotoToi_11343323\" width=\"603\" cellspacing=\"0\" cellpadding=\"0\">\n<tbody>\n<tr>\n<td>\n<div id=\"widgetroot_CMTOI_cm4all_com_widgets_PhotoToi_11343323\">\n<div id=\"container_CMTOI_cm4all_com_widgets_PhotoToi_11343323\">\n<p><a title=\"Oma kriegt dieKurve und Oma macht klar Schiff\"><img loading=\"lazy\" decoding=\"async\" class=\"size-full wp-image-244 alignleft\" src=\"wp-content\/uploads\/Oma-sammelband-3-e1723720372100.jpg\" alt=\"Oma hat die Hosen an\" width=\"132\" height=\"199\" \/><\/a><\/p>\n<div>\n<p style=\"text-align: left;\"><strong>Oma kriegt dieKurve und Oma macht klar Schiff&#8220;<\/strong><\/p>\n<p style=\"text-align: left;\">Auch wenn eine steife Brise aufkommt, wei\u00df Oma Rat!<\/p>\n<p>Zwei Wohlf\u00fchlromane mit warmherzigem Humor und jeder Menge Nordseeflair in einem Band.<a href=\"http:\/\/www.regine-koelpin.de\/wp-admin\/post.php?post=8697&amp;action=edit\">mehr<\/a><\/p>\n<p><strong>Taschenbuch, Weltbild TB,<br \/>\nJuli 2024<br \/>\n<\/strong><strong>\u00a010,00 \u20ac<\/strong><span class=\"a-text-bold\">\u200e <\/span><\/p>\n<p><span class=\"a-text-bold\"><strong>ISBN: <\/strong><\/span><strong>9783985079728<\/strong><\/p>\n<table id=\"tablewrapper_CMTOI_cm4all_com_widgets_PhotoToi_11343323\" width=\"603\" cellspacing=\"0\" cellpadding=\"0\">\n<tbody>\n<tr>\n<td>\n<div id=\"widgetroot_CMTOI_cm4all_com_widgets_PhotoToi_11343323\">\n<div id=\"container_CMTOI_cm4all_com_widgets_PhotoToi_11343323\">\n<p><a title=\"Oma hat die Hosen an\"><img loading=\"lazy\" decoding=\"async\" class=\"size-full wp-image-244 alignleft\" src=\"wp-content\/uploads\/Oma-hat-die-Hosen-an-Kl.jpg\" alt=\"Oma hat die Hosen an\" width=\"132\" height=\"199\" \/><\/a><\/p>\n<div>\n<p style=\"text-align: left;\"><strong>Oma hat die Hosen an<\/strong><\/p>\n<p style=\"text-align: left;\">Auch wenn eine steife Brise aufkommt, wei\u00df Oma Rat!<\/p>\n<p>Im warmherzig-humorvollen Familienroman \u00bbOma hat die Hosen an\u00ab von Spiegel-Bestseller-Autorin Regine K\u00f6lpin warten turbulente Sommer-Tage an der Nordsee auf Oma Elise und ihren neuen Bekannten Marten, bis der Familienfrieden wiederhergestellt ist.<a href=\"http:\/\/www.regine-koelpin.de\/wp-admin\/post.php?post=8697&amp;action=edit\">mehr<\/a><\/p>\n<p><strong>Taschenbuch, Knaur TB,<br \/>\n1. Aufl .M\u00e4rz 2024<br \/>\n<\/strong><strong>2. Aufl. August 2024<br \/>\n3.Aufl. Februar 2025<br \/>\n<\/strong><strong>\u00a012,99 \u20ac<\/strong><span class=\"a-text-bold\">\u200e <\/span><\/p>\n<p><span class=\"a-text-bold\"><strong>ISBN: <\/strong><\/span><strong>978-3426524954<\/strong><\/p>\n<table id=\"tablewrapper_CMTOI_cm4all_com_widgets_PhotoToi_11343323\" width=\"603\" cellspacing=\"0\" cellpadding=\"0\">\n<tbody>\n<tr>\n<td>\n<div id=\"widgetroot_CMTOI_cm4all_com_widgets_PhotoToi_11343323\">\n<div id=\"container_CMTOI_cm4all_com_widgets_PhotoToi_11343323\">\n<table id=\"tablewrapper_CMTOI_cm4all_com_widgets_PhotoToi_11343323\" width=\"603\" cellspacing=\"0\" cellpadding=\"0\">\n<tbody>\n<tr>\n<td>\n<div id=\"widgetroot_CMTOI_cm4all_com_widgets_PhotoToi_11343323\">\n<div id=\"container_CMTOI_cm4all_com_widgets_PhotoToi_11343323\">\n<p><a title=\"Oma macht klar Schiff\"><img loading=\"lazy\" decoding=\"async\" class=\"size-full wp-image-244 alignleft\" src=\"wp-content\/uploads\/518v2bfdCdL._SX327_BO1204203200_.jpg\" alt=\"Oma macht klar Schiff\" width=\"132\" height=\"199\" \/><\/a><\/p>\n<div>\n<p style=\"text-align: left;\"><strong>Oma macht klar Schiff<\/strong><\/p>\n<p style=\"text-align: left;\">Frauke Hansen staunt nicht schlecht, als sie von einem Freund dessen alten Kutter erbt. Nur was soll sie jetzt mit dem guten St\u00fcck anfangen?<a href=\"http:\/\/www.regine-koelpin.de\/wp-admin\/post.php?post=8135&amp;action=edit\">mehr<\/a><\/p>\n<p><strong>Taschenbuch, Knaur TB,<br \/>\n1. Aufl. April 2022<\/strong><\/p>\n<p><strong>2.Auflage : Mai 2023<\/strong><br \/>\n<strong>\u00a0 \u00a0 \u00a0 \u00a0 \u00a0 \u00a0 \u00a0 \u00a0 \u00a0 \u00a0 \u00a0 \u00a0 \u00a0 \u00a0 \u00a0 \u00a0 \u00a0 \u00a0 \u00a0 \u00a0 \u00a0 \u00a0 \u00a0 \u00a0 \u00a0 \u00a09,99 \u20ac<\/strong><span class=\"a-text-bold\">\u200e <\/span><\/p>\n<p><span class=\"a-text-bold\"><strong>ISBN: <\/strong><\/span><strong>978-3426524954<\/strong><\/p>\n<table id=\"tablewrapper_CMTOI_cm4all_com_widgets_PhotoToi_11343323\" width=\"603\" cellspacing=\"0\" cellpadding=\"0\">\n<tbody>\n<tr>\n<td>\n<div id=\"widgetroot_CMTOI_cm4all_com_widgets_PhotoToi_11343323\">\n<div id=\"container_CMTOI_cm4all_com_widgets_PhotoToi_11343323\">\n<p><a title=\"Oma wird Oma\/Oma tanzt auf Wolke 7\"><img loading=\"lazy\" decoding=\"async\" class=\"size-full wp-image-244 alignleft\" src=\"wp-content\/uploads\/oma-wird-oma-oma-tanzt-auf-wolke-7-297268889.jpg\" alt=\"Oma wird Oma\/Oma tanztauf Wolke7\" width=\"132\" height=\"199\" \/><\/a><\/p>\n<div>\n<p style=\"text-align: left;\"><strong>Oma wird Oma\/Oma tanzt auf Wolke 7<\/strong><\/p>\n<p style=\"text-align: left;\">Zwei Oma B\u00e4nde in einem Doppelband!<a href=\"http:\/\/www.regine-koelpin.de\/?p=7301\"> mehr<\/a><\/p>\n<p><strong>Taschenbuch, Weltbild TB<br \/>\nJuli 2020,<\/strong><br \/>\n<strong>8,99 \u20ac<\/strong><\/p>\n<p><strong>Bestellnummer: 6101984<\/strong><\/p>\n<table id=\"tablewrapper_CMTOI_cm4all_com_widgets_PhotoToi_11343323\" width=\"603\" cellspacing=\"0\" cellpadding=\"0\">\n<tbody>\n<tr>\n<td>\n<div id=\"widgetroot_CMTOI_cm4all_com_widgets_PhotoToi_11343323\">\n<div id=\"container_CMTOI_cm4all_com_widgets_PhotoToi_11343323\">\n<p><a title=\"Oma kriegt die Kurve\"><img loading=\"lazy\" decoding=\"async\" class=\"size-full wp-image-244 alignleft\" src=\"wp-content\/uploads\/Koelpin_Oma_Kurve_4.jpg\" alt=\"Oma kriegt die Kurve\" width=\"132\" height=\"199\" \/><\/a><\/p>\n<div>\n<p style=\"text-align: left;\"><strong>Oma kriegt die Kurve<\/strong><\/p>\n<p style=\"text-align: left;\">Pl\u00f6tzlich Oma \u2013 und das Leben steht Kopf! Cara wird unverhofft und nicht ganz freiwillig Vollzeit-Oma wird \u2026 <a href=\"http:\/\/www.regine-koelpin.de\/wp-admin\/post.php?post=6716&amp;action=edit\">mehr<\/a><\/p>\n<p><strong>Taschenbuch, Knaur TB,<br \/>\n1. Aufl. Februar 2020,<\/strong><\/p>\n<p><strong>2. Aufl. M\u00e4rz 2020<\/strong><\/p>\n<p><strong> E-Book, Januar 2020<\/strong><br \/>\n<strong>9,99 \u20ac<\/strong><\/p>\n<p><strong>ISBN\u00a0978-3426523995-0<\/strong><\/p>\n<table id=\"tablewrapper_CMTOI_cm4all_com_widgets_PhotoToi_11343323\" width=\"603\" cellspacing=\"0\" cellpadding=\"0\">\n<tbody>\n<tr>\n<td>\n<div id=\"widgetroot_CMTOI_cm4all_com_widgets_PhotoToi_11343323\">\n<div id=\"container_CMTOI_cm4all_com_widgets_PhotoToi_11343323\">\n<p><a title=\"Oma tanzt auf Wolke 7\"><img loading=\"lazy\" decoding=\"async\" class=\"size-full wp-image-244 alignleft\" src=\"wp-content\/uploads\/Koelpin_Oma_tanzt_2_Seite_2-002.jpg\" alt=\"Oma tanzt auf Wolke 7\" width=\"132\" height=\"199\" \/><\/a><\/p>\n<div>\n<p style=\"text-align: left;\"><strong>Oma tanzt auf Wolke 7<\/strong><\/p>\n<p style=\"text-align: left;\">\u00a0Oma Jette soll heiraten! Bei ihrem herbstlichen Besuch auf Langeoog werden Jettes quirlige Enkel von Omas Verehrer G\u00fcnther ins Vertrauen gezogen: Der will Jette einen Antrag machen \u2013 und zwar einen spektakul\u00e4ren. <a title=\"Oma tanzt auf Wolke 7\" href=\"http:\/\/www.regine-koelpin.de\/?p=6303\">mehr<\/a><\/p>\n<p><strong>Taschenbuch, Knaur TB, <\/strong><\/p>\n<ol>\n<li><strong>Aufl. Oktober 2018<\/strong><\/li>\n<li><strong>\u00a0Aufl. Nov. 2018<\/strong><\/li>\n<\/ol>\n<p><strong>9,99 \u20ac, auch als EBook erh\u00e4ltlich<\/strong><\/p>\n<\/div>\n<div>\n<p><strong>ISBN\u00a0978-3-426-52295-0<\/strong><\/p>\n<\/div>\n<\/div>\n<\/div>\n<\/td>\n<\/tr>\n<\/tbody>\n<\/table>\n<table id=\"tablewrapper_CMTOI_cm4all_com_widgets_PhotoToi_11343323\" width=\"603\" cellspacing=\"0\" cellpadding=\"0\">\n<tbody>\n<tr>\n<td>\n<div id=\"widgetroot_CMTOI_cm4all_com_widgets_PhotoToi_11343323\">\n<div id=\"container_CMTOI_cm4all_com_widgets_PhotoToi_11343323\">\n<p><a title=\"Oma zeigt Flagge Oma geht campen\"><img loading=\"lazy\" decoding=\"async\" class=\"size-full wp-image-244 alignleft\" src=\"wp-content\/uploads\/Oma-zeigt-Flagge-Oma-geht-campen-Weltbild-Ausgabe-bestellen-Google-Chrome_2018-02-08_17-13-50.jpg\" alt=\"Oma zeigt Flagge Oma geht campen\" width=\"132\" height=\"199\" \/><\/a><\/p>\n<div>\n<p style=\"text-align: left;\"><strong>Oma zeigt Flagge\/Oma geht campen<\/strong><\/p>\n<p style=\"text-align: left;\">\u00a0Jetzt im g\u00fcnstigen Weltbild-Doppelband: Zwei warmherzig-humorvolle Familienromane von Erfolgsautorin Regine K\u00f6lpin: \u201eOma zeigt Flagge\u201c und \u201eOma geht campen\u201c versprechen doppelten unbeschwerten Lesespa\u00df!<br \/>\n<a title=\"Oma zeigt Flagge\/Oma geht campen\" href=\"http:\/\/www.regine-koelpin.de\/?p=6183&amp;action=edit\">mehr<\/a><\/p>\n<p><strong>Taschenbuch, Weltbild TB, Februar 2018,7,99 \u20ac<br \/>\nLeider nicht mehr lieferbar!<\/strong><\/p>\n<table id=\"tablewrapper_CMTOI_cm4all_com_widgets_PhotoToi_11343323\" width=\"603\" cellspacing=\"0\" cellpadding=\"0\">\n<tbody>\n<tr>\n<td>\n<div id=\"widgetroot_CMTOI_cm4all_com_widgets_PhotoToi_11343323\">\n<div id=\"container_CMTOI_cm4all_com_widgets_PhotoToi_11343323\">\n<p><a title=\"Oma wird Oma\"><img loading=\"lazy\" decoding=\"async\" class=\"size-full wp-image-244 alignleft\" src=\"wp-content\/uploads\/Oma-wird-Oma-final.jpg\" alt=\"Oma wird Oma\" width=\"132\" height=\"199\" \/><\/a><\/p>\n<div>\n<p style=\"text-align: left;\"><strong>Oma wird Oma<\/strong><\/p>\n<p style=\"text-align: left;\">\u00a0Oma Suse, fl\u00fcchtet nach einem merkw\u00fcrdigen Besuch ihres Sohnes kurzerhand nach Wangerooge und l\u00e4sst sich auf dem Leuchtturm den Wind um die Nase wehen, damit sie sich nicht mehr wie ein verstaubtes Fossil f\u00fchlt. Ihr Frieden wird arg gest\u00f6rt, als Opa Paul mit seinen drei kleinen Enkeln auftaucht&#8230;\u00a0<a title=\"Oma wird Oma\" href=\"http:\/\/www.regine-koelpin.de\/wp-admin\/post.php?post=6097&amp;action=edit\">mehr<\/a><\/p>\n<p><strong>Taschenbuch, Knaur TB, April 2018<br \/>\n<\/strong><\/p>\n<p><strong>9,99 \u20ac, auch als EBook erh\u00e4ltlich<\/strong><\/p>\n<p><strong>\u00a0 ISBN\u00a0978-3426521205&lt;<\/strong><\/p>\n<p><strong>2. Auflage, Mai 2018<\/strong><\/p>\n<p><strong>\u00a0<\/strong><strong>3. Auflage, Juni 2018<\/strong><\/p>\n<p><strong>4.Auflage August 2022<\/strong><\/p>\n<\/div>\n<\/div>\n<\/div>\n<\/td>\n<\/tr>\n<\/tbody>\n<\/table>\n<table id=\"tablewrapper_CMTOI_cm4all_com_widgets_PhotoToi_11343323\" width=\"603\" cellspacing=\"0\" cellpadding=\"0\">\n<tbody>\n<tr>\n<td>\n<div id=\"widgetroot_CMTOI_cm4all_com_widgets_PhotoToi_11343323\">\n<div id=\"container_CMTOI_cm4all_com_widgets_PhotoToi_11343323\">\n<p><a title=\"Oma geht campen\"><img loading=\"lazy\" decoding=\"async\" class=\"size-full wp-image-244 alignleft\" src=\"wp-content\/uploads\/Koelpin_Oma_campen_2-1_Seite_3.jpg\" alt=\"Oma geht campen\" width=\"132\" height=\"199\" \/><\/a><\/p>\n<div>\n<p style=\"text-align: left;\"><strong>Oma geht campen<\/strong><\/p>\n<p style=\"text-align: left;\">\u00a0Bille Rubens ist einem Betr\u00fcger aufgesessen, dem sie jetzt eine horrende Summe schuldet. Als w\u00e4ren das nicht genug Sorgen, verfolgt Fleischermeister H\u00e4welmann sie mit Heiratsantr\u00e4gen. \u00a0<a title=\"Oma geht campen\" href=\"http:\/\/www.regine-koelpin.de\/?p=4990\">mehr<\/a><\/p>\n<p><strong>Taschenbuch, Knaur TB, M\u00e4rz 2017<br \/>\n<\/strong><\/p>\n<p><strong>9,99 \u20ac, auch als EBook erh\u00e4ltlich<\/strong><strong>\u00a0<\/strong><\/p>\n<p><strong>ISBN\u00a0978-3426519639<\/strong><\/p>\n<p><strong>2. Aufl. Januar 2018<br \/>\n<\/strong><strong>3. Auflage April 2019<br \/>\n4. Aufl. April 2020<br \/>\n5. Aufl. M\u00e4rz 2022<\/strong><\/p>\n<\/div>\n<\/div>\n<\/div>\n<\/td>\n<\/tr>\n<\/tbody>\n<\/table>\n<table id=\"tablewrapper_CMTOI_cm4all_com_widgets_PhotoToi_11343323\" width=\"603\" cellspacing=\"0\" cellpadding=\"0\">\n<tbody>\n<tr>\n<td>\n<div id=\"widgetroot_CMTOI_cm4all_com_widgets_PhotoToi_11343323\">\n<div id=\"container_CMTOI_cm4all_com_widgets_PhotoToi_11343323\">\n<p><a title=\"Oma zeigt Flagge\"><img loading=\"lazy\" decoding=\"async\" class=\"size-full wp-image-244 alignleft\" src=\"wp-content\/uploads\/K\u00f6lpin_Oma_2_Seite_3.jpg\" alt=\"Oma zeigt Flagge\" width=\"132\" height=\"199\" \/><\/a><\/p>\n<div>\n<p style=\"text-align: left;\"><strong>Oma zeigt Flagge<\/strong><\/p>\n<p style=\"text-align: left;\">\u00a0Verschwindet ein Geburtstag, wenn man fest genug nicht an ihn denkt? Oma Jette genie\u00dft ihr postfamili\u00e4res Dasein (glaubt sie jedenfalls) und plant, ihren 60. einfach zu ignorieren. Enkelin Marie plant derweil eine Geheimoperation. \u00a0<a title=\"Oma zeigt Flagge\" href=\"http:\/\/www.regine-koelpin.de\/?p=5005\">mehr<\/a><\/p>\n<p><strong>Taschenbuch, Knaur TB, M\u00e4rz 2016<br \/>\n<\/strong><\/p>\n<p><strong>9,99 \u20ac, auch als EBook erh\u00e4ltlich<\/strong><strong>\u00a0 <\/strong><\/p>\n<p><strong>ISBN\u00a0978-3-426-51682-9<\/strong><\/p>\n<p><strong>2.Auflage M\u00e4rz 2017<\/strong><\/p>\n<p><strong>3. Auflage , Juli 2020<\/strong><\/p>\n<\/div>\n<\/div>\n<\/div>\n<\/td>\n<\/tr>\n<\/tbody>\n<\/table>\n<\/div>\n<\/div>\n<\/div>\n<\/td>\n<\/tr>\n<\/tbody>\n<\/table>\n<\/div>\n<\/div>\n<\/div>\n<\/td>\n<\/tr>\n<\/tbody>\n<\/table>\n<\/div>\n<\/div>\n<\/div>\n<\/td>\n<\/tr>\n<\/tbody>\n<\/table>\n<\/div>\n<\/div>\n<\/div>\n<\/td>\n<\/tr>\n<\/tbody>\n<\/table>\n<\/div>\n<\/div>\n<\/td>\n<\/tr>\n<\/tbody>\n<\/table>\n<\/div>\n<\/div>\n<\/div>\n<\/td>\n<\/tr>\n<\/tbody>\n<\/table>\n<\/div>\n<\/div>\n<\/div>\n<\/td>\n<\/tr>\n<\/tbody>\n<\/table>\n","protected":false},"excerpt":{"rendered":"<p>Mehr Lametta f\u00fcr Oma Zauberhafter Weihnachtsroman zum Wohlf\u00fchlen Eine einsame Oma, aufgeweckte Zwillinge und das kurioseste Weihnachtsfest, das die Nordsee&hellip;<\/p>\n","protected":false},"author":1,"featured_media":0,"parent":0,"menu_order":0,"comment_status":"closed","ping_status":"closed","template":"","meta":{"footnotes":""},"class_list":["post-7508","page","type-page","status-publish","hentry"],"yoast_head":"<!-- This site is optimized with the Yoast SEO plugin v24.2 - https:\/\/yoast.com\/wordpress\/plugins\/seo\/ -->\n<title>Humorvolle Omas f\u00fcr jede Lebenslage - Regine K\u00f6lpin<\/title>\n<meta name=\"robots\" content=\"index, follow, max-snippet:-1, max-image-preview:large, max-video-preview:-1\" \/>\n<link rel=\"canonical\" href=\"https:\/\/www.regine-koelpin.de\/?page_id=7508\" \/>\n<meta property=\"og:locale\" content=\"de_DE\" \/>\n<meta property=\"og:type\" content=\"article\" \/>\n<meta property=\"og:title\" content=\"Humorvolle Omas f\u00fcr jede Lebenslage - Regine K\u00f6lpin\" \/>\n<meta property=\"og:description\" content=\"Mehr Lametta f\u00fcr Oma Zauberhafter Weihnachtsroman zum Wohlf\u00fchlen Eine einsame Oma, aufgeweckte Zwillinge und das kurioseste Weihnachtsfest, das die Nordsee&hellip;\" \/>\n<meta property=\"og:url\" content=\"https:\/\/www.regine-koelpin.de\/?page_id=7508\" \/>\n<meta property=\"og:site_name\" content=\"Regine K\u00f6lpin\" \/>\n<meta property=\"article:modified_time\" content=\"2025-04-10T18:15:11+00:00\" \/>\n<meta name=\"twitter:card\" content=\"summary_large_image\" \/>\n<meta name=\"twitter:label1\" content=\"Gesch\u00e4tzte Lesezeit\" \/>\n\t<meta name=\"twitter:data1\" content=\"6\u00a0Minuten\" \/>\n<script type=\"application\/ld+json\" class=\"yoast-schema-graph\">{\"@context\":\"https:\/\/schema.org\",\"@graph\":[{\"@type\":\"WebPage\",\"@id\":\"https:\/\/www.regine-koelpin.de\/?page_id=7508\",\"url\":\"https:\/\/www.regine-koelpin.de\/?page_id=7508\",\"name\":\"Humorvolle Omas f\u00fcr jede Lebenslage - Regine K\u00f6lpin\",\"isPartOf\":{\"@id\":\"https:\/\/www.regine-koelpin.de\/#website\"},\"datePublished\":\"2020-10-04T10:17:21+00:00\",\"dateModified\":\"2025-04-10T18:15:11+00:00\",\"breadcrumb\":{\"@id\":\"https:\/\/www.regine-koelpin.de\/?page_id=7508#breadcrumb\"},\"inLanguage\":\"de\",\"potentialAction\":[{\"@type\":\"ReadAction\",\"target\":[\"https:\/\/www.regine-koelpin.de\/?page_id=7508\"]}]},{\"@type\":\"BreadcrumbList\",\"@id\":\"https:\/\/www.regine-koelpin.de\/?page_id=7508#breadcrumb\",\"itemListElement\":[{\"@type\":\"ListItem\",\"position\":1,\"name\":\"Startseite\",\"item\":\"https:\/\/www.regine-koelpin.de\/\"},{\"@type\":\"ListItem\",\"position\":2,\"name\":\"Humorvolle Omas f\u00fcr jede Lebenslage\"}]},{\"@type\":\"WebSite\",\"@id\":\"https:\/\/www.regine-koelpin.de\/#website\",\"url\":\"https:\/\/www.regine-koelpin.de\/\",\"name\":\"Regine K\u00f6lpin\",\"description\":\"Schriftstellerin\",\"potentialAction\":[{\"@type\":\"SearchAction\",\"target\":{\"@type\":\"EntryPoint\",\"urlTemplate\":\"https:\/\/www.regine-koelpin.de\/?s={search_term_string}\"},\"query-input\":{\"@type\":\"PropertyValueSpecification\",\"valueRequired\":true,\"valueName\":\"search_term_string\"}}],\"inLanguage\":\"de\"}]}<\/script>\n<!-- \/ Yoast SEO plugin. -->","yoast_head_json":{"title":"Humorvolle Omas f\u00fcr jede Lebenslage - Regine K\u00f6lpin","robots":{"index":"index","follow":"follow","max-snippet":"max-snippet:-1","max-image-preview":"max-image-preview:large","max-video-preview":"max-video-preview:-1"},"canonical":"https:\/\/www.regine-koelpin.de\/?page_id=7508","og_locale":"de_DE","og_type":"article","og_title":"Humorvolle Omas f\u00fcr jede Lebenslage - Regine K\u00f6lpin","og_description":"Mehr Lametta f\u00fcr Oma Zauberhafter Weihnachtsroman zum Wohlf\u00fchlen Eine einsame Oma, aufgeweckte Zwillinge und das kurioseste Weihnachtsfest, das die Nordsee&hellip;","og_url":"https:\/\/www.regine-koelpin.de\/?page_id=7508","og_site_name":"Regine K\u00f6lpin","article_modified_time":"2025-04-10T18:15:11+00:00","twitter_card":"summary_large_image","twitter_misc":{"Gesch\u00e4tzte Lesezeit":"6\u00a0Minuten"},"schema":{"@context":"https:\/\/schema.org","@graph":[{"@type":"WebPage","@id":"https:\/\/www.regine-koelpin.de\/?page_id=7508","url":"https:\/\/www.regine-koelpin.de\/?page_id=7508","name":"Humorvolle Omas f\u00fcr jede Lebenslage - Regine K\u00f6lpin","isPartOf":{"@id":"https:\/\/www.regine-koelpin.de\/#website"},"datePublished":"2020-10-04T10:17:21+00:00","dateModified":"2025-04-10T18:15:11+00:00","breadcrumb":{"@id":"https:\/\/www.regine-koelpin.de\/?page_id=7508#breadcrumb"},"inLanguage":"de","potentialAction":[{"@type":"ReadAction","target":["https:\/\/www.regine-koelpin.de\/?page_id=7508"]}]},{"@type":"BreadcrumbList","@id":"https:\/\/www.regine-koelpin.de\/?page_id=7508#breadcrumb","itemListElement":[{"@type":"ListItem","position":1,"name":"Startseite","item":"https:\/\/www.regine-koelpin.de\/"},{"@type":"ListItem","position":2,"name":"Humorvolle Omas f\u00fcr jede Lebenslage"}]},{"@type":"WebSite","@id":"https:\/\/www.regine-koelpin.de\/#website","url":"https:\/\/www.regine-koelpin.de\/","name":"Regine K\u00f6lpin","description":"Schriftstellerin","potentialAction":[{"@type":"SearchAction","target":{"@type":"EntryPoint","urlTemplate":"https:\/\/www.regine-koelpin.de\/?s={search_term_string}"},"query-input":{"@type":"PropertyValueSpecification","valueRequired":true,"valueName":"search_term_string"}}],"inLanguage":"de"}]}},"_links":{"self":[{"href":"https:\/\/www.regine-koelpin.de\/index.php?rest_route=\/wp\/v2\/pages\/7508","targetHints":{"allow":["GET"]}}],"collection":[{"href":"https:\/\/www.regine-koelpin.de\/index.php?rest_route=\/wp\/v2\/pages"}],"about":[{"href":"https:\/\/www.regine-koelpin.de\/index.php?rest_route=\/wp\/v2\/types\/page"}],"author":[{"embeddable":true,"href":"https:\/\/www.regine-koelpin.de\/index.php?rest_route=\/wp\/v2\/users\/1"}],"replies":[{"embeddable":true,"href":"https:\/\/www.regine-koelpin.de\/index.php?rest_route=%2Fwp%2Fv2%2Fcomments&post=7508"}],"version-history":[{"count":2,"href":"https:\/\/www.regine-koelpin.de\/index.php?rest_route=\/wp\/v2\/pages\/7508\/revisions"}],"predecessor-version":[{"id":9177,"href":"https:\/\/www.regine-koelpin.de\/index.php?rest_route=\/wp\/v2\/pages\/7508\/revisions\/9177"}],"wp:attachment":[{"href":"https:\/\/www.regine-koelpin.de\/index.php?rest_route=%2Fwp%2Fv2%2Fmedia&parent=7508"}],"curies":[{"name":"wp","href":"https:\/\/api.w.org\/{rel}","templated":true}]}}