{"id":7465,"date":"2020-10-04T11:42:53","date_gmt":"2020-10-04T09:42:53","guid":{"rendered":"http:\/\/www.regine-koelpin.de\/?page_id=7465"},"modified":"2020-10-04T11:42:54","modified_gmt":"2020-10-04T09:42:54","slug":"rueckblicke","status":"publish","type":"page","link":"https:\/\/www.regine-koelpin.de\/?page_id=7465","title":{"rendered":"R\u00fcckblicke"},"content":{"rendered":"\n<h2 class=\"wp-block-heading\">2020<\/h2>\n\n\n\n<p><a href=\"http:\/\/www.regine-koelpin.de\/?p=7238\">Podcast zum Thema Gl\u00fcck<\/a><br><a href=\"http:\/\/www.regine-koelpin.de\/?p=7123\">Nominiert zum Homer Literaturpreis<\/a>&nbsp;2020<\/p>\n\n\n\n<p><a href=\"http:\/\/www.regine-koelpin.de\/?p=7052\">Lesereisen Juist\/D\u00e4nemark<\/a><\/p>\n\n\n\n<p><a href=\"http:\/\/www.regine-koelpin.de\/?page_id=7157\">Die Nordseehof -Saga<\/a><\/p>\n\n\n\n<h2 class=\"wp-block-heading\">2019<\/h2>\n\n\n\n<p><a href=\"http:\/\/www.regine-koelpin.de\/?p=6924\" target=\"_blank\" rel=\"noreferrer noopener\">Lesereise Herbst 2019<\/a><\/p>\n\n\n\n<p><a href=\"http:\/\/www.regine-koelpin.de\/?p=6907\">Regine K\u00f6lpin zu Gast beim Fernsehsender O1<\/a><\/p>\n\n\n\n<p><a href=\"http:\/\/www.regine-koelpin.de\/?p=6896\">Regine K\u00f6lpin zum zweiten Mal Jurorin beim Delia-Literaturpreis<\/a><\/p>\n\n\n\n<p><a href=\"http:\/\/www.regine-koelpin.de\/?p=6849\">Bestes Cover 2019, Platz 2&nbsp;<\/a>&nbsp;f\u00fcr Ins Watt gebissen<\/p>\n\n\n\n<p><a href=\"http:\/\/www.regine-koelpin.de\/?p=6800\" target=\"_blank\" rel=\"noreferrer noopener\">Lesung im Klostermuseum Hude<\/a><\/p>\n\n\n\n<p><a href=\"http:\/\/www.regine-koelpin.de\/?p=6780\" target=\"_blank\" rel=\"noreferrer noopener\">Presse zur&nbsp; Show Tommy-The Who<\/a><\/p>\n\n\n\n<p><a href=\"http:\/\/www.regine-koelpin.de\/wp-admin\/post.php?post=6716&amp;action=edit\">Cover Oma kriegt die Kurve<\/a><\/p>\n\n\n\n<p><strong>2018<\/strong><\/p>\n\n\n\n<p><a href=\"http:\/\/www.regine-koelpin.de\/?p=6587\">Ausblick 2019<\/a><\/p>\n\n\n\n<p><a href=\"http:\/\/www.regine-koelpin.de\/?p=6553\">Ins Watt gebissen, Droemer Knaur<\/a><\/p>\n\n\n\n<p><a href=\"http:\/\/www.regine-koelpin.de\/?p=6545\">Im Zickzackkurs zur Liebe- Oetinger<\/a><\/p>\n\n\n\n<p><a href=\"http:\/\/www.regine-koelpin.de\/?p=6536\">Regine K\u00f6lpin stellt beim Fernsehsender O1 &#8222;Oma wird Oma &#8220; vor<\/a><\/p>\n\n\n\n<p><a href=\"http:\/\/www.regine-koelpin.de\/?p=6488\" target=\"_blank\" rel=\"noreferrer noopener\">Oma wird Oma geht in die 3. Auflage<\/a><\/p>\n\n\n\n<p><a href=\"http:\/\/www.regine-koelpin.de\/?p=6396\" target=\"_blank\" rel=\"noreferrer noopener\">Vom Winter verweht- eine weihnachtliche Liebesgeschichte<\/a><\/p>\n\n\n\n<p><a href=\"http:\/\/www.regine-koelpin.de\/?p=6303\" target=\"_blank\" rel=\"noreferrer noopener\">Vorschau Oma tanzt auf Wolke 7- Knaur Verlag<\/a><\/p>\n\n\n\n<p><a href=\"http:\/\/www.regine-koelpin.de\/?p=6279\">Oma wird Oma: Zwei Bestsellerplatzierungen und Presse<\/a><\/p>\n\n\n\n<p><a href=\"http:\/\/www.regine-koelpin.de\/wp-admin\/post.php?post=5858&amp;action=edit\">Neuerscheinung Die R\u00fcckkehr der Lebenspfl\u00fcckerin<\/a><\/p>\n\n\n\n<p><a href=\"http:\/\/www.regine-koelpin.de\/wp-admin\/post.php?post=5721&amp;action=edit\">Ausblick 2018<\/a><\/p>\n\n\n\n<p><a href=\"http:\/\/www.regine-koelpin.de\/wp-admin\/post.php?post=6183&amp;action=edit\">Oma zeigt Flagge\/Oma geht campen ab Februar als Sonderausgabe bei Weltbild<\/a><\/p>\n\n\n\n<p><a href=\"http:\/\/www.regine-koelpin.de\/wp-admin\/post.php?post=6090&amp;action=edit\">Oma wird Oma 2018<\/a><\/p>\n\n\n\n<p><a href=\"http:\/\/www.regine-koelpin.de\/wp-admin\/post.php?post=6201&amp;action=edit\">aufgebockt und abgemurkst geht in die 5. Auflage<\/a><\/p>\n\n\n\n<p><strong>2017<\/strong><\/p>\n\n\n\n<p><a href=\"http:\/\/www.regine-koelpin.de\/?p=6054\" target=\"_blank\" rel=\"noreferrer noopener\">M\u00f6rderische Weihnachten mit Regine K\u00f6lpin<\/a><\/p>\n\n\n\n<p><a href=\"http:\/\/www.regine-koelpin.de\/?p=5721\" target=\"_blank\" rel=\"noreferrer noopener\">Neues von Regine K\u00f6lpin<\/a><\/p>\n\n\n\n<p><a href=\"https:\/\/www.youtube.com\/watch?v=oAz0jemXpC0\" target=\"_blank\" rel=\"noreferrer noopener\">Regine K\u00f6lpin bei &#8222;Zwischenview&#8220;<\/a><\/p>\n\n\n\n<p><a href=\"http:\/\/www.regine-koelpin.de\/?p=5656\" target=\"_blank\" rel=\"noreferrer noopener\">Lang lebe der historische Roman<\/a><\/p>\n\n\n\n<p><a href=\"http:\/\/www.regine-koelpin.de\/?p=5499\" target=\"_blank\" rel=\"noreferrer noopener\">Regine K\u00f6lpin beim Fernsehsender OEins<\/a><\/p>\n\n\n\n<p><a href=\"http:\/\/www.regine-koelpin.de\/?p=5479\">Regine K\u00f6lpin bei der Histo Couch<\/a><\/p>\n\n\n\n<p><strong>2016<\/strong><\/p>\n\n\n\n<p><a href=\"http:\/\/wortwucher.blogspot.de\/2016\/12\/sonntagsbrunch-mit-der-autorin-regine.html\" target=\"_blank\" rel=\"noreferrer noopener\">Regine K\u00f6lpin beim Sonntagsbrunch<\/a><\/p>\n\n\n\n<p><a href=\"http:\/\/www.regine-koelpin.de\/?p=5407\">Musical Projekt &#8222;Die Lebenspfl\u00fcckerin&#8220;<\/a><\/p>\n\n\n\n<p><a href=\"http:\/\/www.regine-koelpin.de\/?p=5394\" target=\"_blank\" rel=\"noreferrer noopener\">50. Landesliteraturtage des Verbandes Deutscher Schriftsteller Niedersachsen\/Bremen&nbsp;<\/a><\/p>\n\n\n\n<p><a href=\"http:\/\/www.regine-koelpin.de\/?p=5365\">Neuerscheinung 2017: Wer mordet schon auf Usedom?<\/a><\/p>\n\n\n\n<p><a href=\"http:\/\/www.regine-koelpin.de\/?p=5225\" target=\"_blank\" rel=\"noreferrer noopener\">Bald neu als Kinderbuch &#8222;Die Feuerperlenkette&#8220; und als Jugendroman&#8220;Bis zum Himmel&#8220;<\/a><\/p>\n\n\n\n<p><a href=\"http:\/\/www.regine-koelpin.de\/?p=5209\" target=\"_blank\" rel=\"noreferrer noopener\">Presse zur Buchpremiere &#8222;Das verlorene Kind Kaspar Hauser&#8220;<\/a><\/p>\n\n\n\n<p><a href=\"http:\/\/www.regine-koelpin.de\/?p=5167\" target=\"_blank\" rel=\"noreferrer noopener\">Das verlorene Kind Kaspar Hauser in der Presse<\/a><\/p>\n\n\n\n<p><a href=\"http:\/\/www.regine-koelpin.de\/?p=5133\" target=\"_blank\" rel=\"noreferrer noopener\">Regine K\u00f6lpin mit Oma zeigt Flagge bei Radio Bayern&nbsp;<\/a><\/p>\n\n\n\n<p><a href=\"http:\/\/www.regine-koelpin.de\/?p=5120\" target=\"_blank\" rel=\"noreferrer noopener\">Wer mordet schon an der Mecklenburger Bucht in der Presse&nbsp;<\/a><\/p>\n\n\n\n<p><a href=\"http:\/\/www.regine-koelpin.de\/?p=5058\">Regine K\u00f6lpin ist Jurymitglied beim Delia -Literaturpreis 2017<\/a><\/p>\n\n\n\n<p><a href=\"http:\/\/www.regine-koelpin.de\/?p=4990\">Neu ab M\u00e4rz 2017- Oma geht campen<\/a>&#8211; Knaur Verlag<\/p>\n\n\n\n<p><a href=\"http:\/\/www.regine-koelpin.de\/?p=4977\">&#8222;Wer mordet schon an der Mecklenburger Bucht?&#8220; geht in die 2. Auflage<\/a><\/p>\n\n\n\n<p><a href=\"http:\/\/www.regine-koelpin.de\/?p=4943\">Regine K\u00f6lpin zu Gast bei der Talkshow&#8220;Termin bei Karl-Heinz&#8220; im FRF<\/a><\/p>\n\n\n\n<p><a href=\"http:\/\/www.regine-koelpin.de\/?p=4909\">50. Nieders\u00e4chsische Landesliteraturtage-Regine K\u00f6lpin \u00fcbernimmt die k\u00fcnstlerische Leitung&nbsp;<\/a><\/p>\n\n\n\n<p><a href=\"http:\/\/www.regine-koelpin.de\/?p=4847\">Neu ab Mitte M\u00e4rz<\/a><\/p>\n\n\n\n<p><a href=\"http:\/\/www.regine-koelpin.de\/?p=4839\">Regine K\u00f6lpin bei Biancas Mordsbuch<\/a><\/p>\n\n\n\n<p><strong>2015<\/strong><\/p>\n\n\n\n<p><a href=\"http:\/\/www.regine-koelpin.de\/?p=4710\">Chronik 2015<\/a><\/p>\n\n\n\n<p><a href=\"http:\/\/www.regine-koelpin.de\/?p=4655\">Oma zeigt Flagge auf Bestsellerkurs&nbsp;in Jever<\/a><\/p>\n\n\n\n<p><a href=\"http:\/\/www.regine-koelpin.de\/?p=4629\">Oma zeigt Flagge unter den Top 10 beim Lovelybooks Leserpreis&nbsp;<\/a><\/p>\n\n\n\n<p><a href=\"http:\/\/www.regine-koelpin.de\/?p=4528\" target=\"_blank\" rel=\"noreferrer noopener\">Lesung &#8222;Oma zeigt Flagge&#8220; in der Stadtbibliothek Norden<\/a><\/p>\n\n\n\n<p><a href=\"http:\/\/www.regine-koelpin.de\/?p=4453\" target=\"_blank\" rel=\"noreferrer noopener\">Kurzgeschichten Herbstlese 2015<\/a><\/p>\n\n\n\n<p><a href=\"http:\/\/www.regine-koelpin.de\/?p=4413\" target=\"_blank\" rel=\"noreferrer noopener\">&#8222;Oma zeigt Flagge&#8220; in der Presse<\/a><\/p>\n\n\n\n<p><a href=\"http:\/\/www.regine-koelpin.de\/?p=4404\">Blogtour &#8222;Oma zeigt Flagge&#8220;<\/a><\/p>\n\n\n\n<p><a href=\"http:\/\/www.regine-koelpin.de\/?p=4331\" target=\"_blank\" rel=\"noreferrer noopener\">Regine K\u00f6lpin in der Ostfriesenzeitung zum Thema &#8222;Perspektiven&#8220;<\/a><\/p>\n\n\n\n<p><a href=\"http:\/\/www.regine-koelpin.de\/?p=4250\" target=\"_blank\" rel=\"noreferrer noopener\">&#8222;Die Lebenspfl\u00fcckerin&#8220; ist in der 3. Auflage<\/a><\/p>\n\n\n\n<p><a href=\"http:\/\/www.regine-koelpin.de\/?p=4232\" target=\"_blank\" rel=\"noreferrer noopener\">Stra\u00dfenschatten Pressespiegel<\/a><\/p>\n\n\n\n<p><a href=\"http:\/\/www.regine-koelpin.de\/?p=4216\" target=\"_blank\" rel=\"noreferrer noopener\">Stra\u00dfenschatten auf Platz 3 der Wilhelmshavener Bestsellerliste im April2015<\/a><\/p>\n\n\n\n<p><a href=\"http:\/\/www.regine-koelpin.de\/?p=4108\" target=\"_blank\" rel=\"noreferrer noopener\">Regine K\u00f6lpin im Interview mit der Schule des Schreibens. Ein Kurzfilm<\/a><\/p>\n\n\n\n<p><a href=\"http:\/\/www.regine-koelpin.de\/?p=3982\">Interview bei &#8222;Fabelhafte B\u00fccher&#8220;<\/a><\/p>\n\n\n\n<p><a href=\"http:\/\/www.regine-koelpin.de\/?p=3942\" target=\"_blank\" rel=\"noreferrer noopener\">Wellengang und Wattenmorde\/M\u00f6wenschrei und Meuchelmorde<\/a><\/p>\n\n\n\n<p><strong>DAS JAHR 2014<\/strong><\/p>\n\n\n\n<p><a href=\"http:\/\/www.regine-koelpin.de\/?p=3818\">Chronik 2014<\/a><\/p>\n\n\n\n<p><a href=\"http:\/\/www.regine-koelpin.de\/?p=3711\" target=\"_blank\" rel=\"noreferrer noopener\">Stra\u00dfenschatten, der neue Roman bei KBV<\/a><\/p>\n\n\n\n<p><a href=\"http:\/\/www.regine-koelpin.de\/?p=3683\">Verlagsvorschau KBV mit Stra\u00dfenschatten und chillen,killen,campen<\/a><\/p>\n\n\n\n<p><a href=\"http:\/\/www.regine-koelpin.de\/?p=3622\" target=\"_blank\" rel=\"noreferrer noopener\">&#8222;aufgebockt und abgemurkst&#8220; geht in die 4. Auflage<\/a><\/p>\n\n\n\n<p><a href=\"http:\/\/www.regine-koelpin.de\/?p=3523\" target=\"_blank\" rel=\"noreferrer noopener\">Regine K\u00f6lpin bei The Bookdealer and more<\/a><\/p>\n\n\n\n<p><a href=\"http:\/\/www.regine-koelpin.de\/?p=3478\" target=\"_blank\" rel=\"noreferrer noopener\">Weihnachtsstorys bei Coppenrath, Droemer Knaur und der edition karo und &#8222;tod und tofu&#8220; bei KBV<\/a><\/p>\n\n\n\n<p><a href=\"http:\/\/www.regine-koelpin.de\/?p=3435\">&#8222;Das verwunschene Buch&#8220; ist Buchtipp der EKZ<\/a><\/p>\n\n\n\n<p><a href=\"http:\/\/www.regine-koelpin.de\/?p=3351\" target=\"_blank\" rel=\"noreferrer noopener\">Wer mordet schon am Wattenmeer bei Radio Bremen<\/a><\/p>\n\n\n\n<p><a href=\"http:\/\/www.regine-koelpin.de\/?p=3177\" target=\"_blank\" rel=\"noreferrer noopener\">Wer mordet schon am Wattenmeer?-Der Kriminelle Freizeitplaner-Jetzt neu!<\/a><\/p>\n\n\n\n<p><a href=\"http:\/\/www.regine-koelpin.de\/?p=3162\" target=\"_blank\" rel=\"noreferrer noopener\">Neuerscheinung &#8222;Wer mordet schon am Wattenmeer?&#8220;-Der kriminelle Freizeitplaner<\/a><\/p>\n\n\n\n<p><a href=\"http:\/\/www.regine-koelpin.de\/?p=3133\" target=\"_blank\" rel=\"noreferrer noopener\">&#8222;Das Signum der T\u00e4ufer&#8220; Bestsellerliste Platz1<\/a><\/p>\n\n\n\n<p><a href=\"http:\/\/www.regine-koelpin.de\/?p=3093\" target=\"_blank\" rel=\"noreferrer noopener\">Das verwunschene Buch-Lesezeichen<\/a><\/p>\n\n\n\n<p><a href=\"http:\/\/www.regine-koelpin.de\/?p=3076\" target=\"_blank\" rel=\"noreferrer noopener\">Regine K\u00f6lpin im Kulturjournal<\/a><\/p>\n\n\n\n<p><a href=\"http:\/\/www.regine-koelpin.de\/?p=2974\" target=\"_blank\" rel=\"noreferrer noopener\">Regine K\u00f6lpin und &#8222;Rostfrei&#8220;<\/a><\/p>\n\n\n\n<p><a href=\"http:\/\/www.regine-koelpin.de\/?p=2864\" target=\"_blank\" rel=\"noreferrer noopener\">Presse zur szenischen Lesung mit allen Sinnen<\/a><\/p>\n\n\n\n<p><a href=\"http:\/\/www.regine-koelpin.de\/?p=2840\">Kinderkrimi im Vossenhus<\/a><\/p>\n\n\n\n<p><a href=\"http:\/\/www.regine-koelpin.de\/?p=2824\" target=\"_blank\" rel=\"noreferrer noopener\">Spannende Zeitreise ins 16. Jahrhundert<\/a><\/p>\n\n\n\n<p><a href=\"http:\/\/www.regine-koelpin.de\/?p=2781\" target=\"_blank\" rel=\"noreferrer noopener\">Lies und (p)lausch mit Jenny bei Mywoman.at<\/a><\/p>\n\n\n\n<p><a href=\"http:\/\/www.regine-koelpin.de\/?p=2772\">Die NWZ zu &#8222;Das Signum der T\u00e4ufer<\/a>&#8222;<\/p>\n\n\n\n<p><a href=\"http:\/\/www.regine-koelpin.de\/?p=2731\" target=\"_blank\" rel=\"noreferrer noopener\">Rezension zum Signum der T\u00e4ufer (Jev. Wochenblatt+Anzeiger f\u00fcr Harlinger Land)<\/a><\/p>\n\n\n\n<p><a href=\"http:\/\/www.regine-koelpin.de\/?p=2620\" target=\"_blank\" rel=\"noreferrer noopener\">Auf ein Wort- Lebensgeschichte erz\u00e4hlt<\/a><\/p>\n\n\n\n<p><a href=\"http:\/\/www.regine-koelpin.de\/?p=2538\" target=\"_blank\" rel=\"noreferrer noopener\">Szenische Lesung mit allen Sinnen aus &#8222;Das Signum der T\u00e4ufer&#8220;, Neuheit!!!<\/a><\/p>\n\n\n\n<p><a href=\"http:\/\/www.regine-koelpin.de\/?p=2497\" target=\"_blank\" rel=\"noreferrer noopener\">Die Ostfriesenzeitung zu &#8222;Das Signum der T\u00e4ufer&#8220;<\/a><\/p>\n\n\n\n<p><a href=\"http:\/\/www.regine-koelpin.de\/?p=2465\" target=\"_blank\" rel=\"noreferrer noopener\">&#8222;Das Signum der T\u00e4ufer&#8220; komplettiert die Lebenspfl\u00fcckerin-Trilogie<\/a><\/p>\n\n\n\n<p><a href=\"http:\/\/www.regine-koelpin.de\/?p=2349\">Vorabrezension &#8222;Das Signum der T\u00e4ufer&#8220;<\/a><\/p>\n\n\n\n<p><a href=\"http:\/\/www.regine-koelpin.de\/?p=2343\" target=\"_blank\" rel=\"noreferrer noopener\">Kommissar Rothko wieder als vollst\u00e4ndige Reihe erh\u00e4ltlich<\/a><\/p>\n\n\n\n<p><a href=\"http:\/\/www.regine-koelpin.de\/?p=2269\" target=\"_blank\" rel=\"noreferrer noopener\">Rezension Spinnentanz<\/a><\/p>\n\n\n\n<h2 class=\"wp-block-heading\"><strong>DAS JAHR 2013<\/strong><\/h2>\n\n\n\n<p><a href=\"http:\/\/www.regine-koelpin.de\/?p=2215\">Das Jahr 2013<\/a><\/p>\n\n\n\n<p><a href=\"http:\/\/www.regine-koelpin.de\/?p=2204\">Regine K\u00f6lpin im Kriminetz mit 7 Fragen<\/a><\/p>\n\n\n\n<p><a href=\"http:\/\/www.regine-koelpin.de\/?p=2193\">Das Signum der T\u00e4ufer-Verlagsvorschau KBV<\/a><\/p>\n\n\n\n<p><a href=\"http:\/\/www.regine-koelpin.de\/?p=1927\">&nbsp;Neuerscheinung historische Kurzgeschichte &#8222;Preis der Freiheit&#8220;<\/a><\/p>\n\n\n\n<p><a href=\"http:\/\/www.regine-koelpin.de\/?p=1855\">&#8222;aufgebockt und abgemurkst&#8220; ist in der 3. Auflage<\/a><\/p>\n\n\n\n<p><a href=\"http:\/\/www.regine-koelpin.de\/?p=1820\">Neuerscheinung Weihnachtskurzkrimi<\/a><\/p>\n\n\n\n<p><a href=\"http:\/\/www.regine-koelpin.de\/?p=1773\">Neuerscheinung Kurzkrimi \u201cBesser als Glenfiddich\u201d<\/a><\/p>\n\n\n\n<p><a href=\"http:\/\/www.regine-koelpin.de\/?p=1758\">Neuerscheinung Kurzkrimi im Kriminellen Reisef\u00fchrer Sylt<\/a><\/p>\n\n\n\n<p><a href=\"\/?p=523\">Nominierung Quo Vadis 2013<\/a><\/p>\n\n\n\n<p><a href=\"\/?p=527\">Neuerscheinung eBook<\/a><\/p>\n\n\n\n<p><a href=\"\/?p=796\">Neuerscheinung Kurztext &#8222;Eingeweckt und eingecheckt&#8220;<\/a><\/p>\n\n\n\n<p><a href=\"\/?p=799\">Herz auf Takt \u00fcbersetzt ins Ungarische<\/a><\/p>\n\n\n\n<p><a href=\"\/?p=801\">Thalia-Rezension zu &#8222;Der Meerkristall&#8220;<\/a><\/p>\n\n\n\n<p><a href=\"\/?p=803\">&#8222;Die Lebenspfl\u00fcckerin&#8220; und &#8222;Der Meerkristall&#8220; in Bestsellerliste Fr\u00fchjahr 2013&nbsp;<\/a><\/p>\n","protected":false},"excerpt":{"rendered":"<p>2020 Podcast zum Thema Gl\u00fcckNominiert zum Homer Literaturpreis&nbsp;2020 Lesereisen Juist\/D\u00e4nemark Die Nordseehof -Saga 2019 Lesereise Herbst 2019 Regine K\u00f6lpin zu&hellip;<\/p>\n","protected":false},"author":1,"featured_media":0,"parent":0,"menu_order":0,"comment_status":"closed","ping_status":"closed","template":"","meta":{"footnotes":""},"class_list":["post-7465","page","type-page","status-publish","hentry"],"yoast_head":"<!-- This site is optimized with the Yoast SEO plugin v24.2 - https:\/\/yoast.com\/wordpress\/plugins\/seo\/ -->\n<title>R\u00fcckblicke - Regine K\u00f6lpin<\/title>\n<meta name=\"robots\" content=\"index, follow, max-snippet:-1, max-image-preview:large, max-video-preview:-1\" \/>\n<link rel=\"canonical\" href=\"https:\/\/www.regine-koelpin.de\/?page_id=7465\" \/>\n<meta property=\"og:locale\" content=\"de_DE\" \/>\n<meta property=\"og:type\" content=\"article\" \/>\n<meta property=\"og:title\" content=\"R\u00fcckblicke - Regine K\u00f6lpin\" \/>\n<meta property=\"og:description\" content=\"2020 Podcast zum Thema Gl\u00fcckNominiert zum Homer Literaturpreis&nbsp;2020 Lesereisen Juist\/D\u00e4nemark Die Nordseehof -Saga 2019 Lesereise Herbst 2019 Regine K\u00f6lpin zu&hellip;\" \/>\n<meta property=\"og:url\" content=\"https:\/\/www.regine-koelpin.de\/?page_id=7465\" \/>\n<meta property=\"og:site_name\" content=\"Regine K\u00f6lpin\" \/>\n<meta property=\"article:modified_time\" content=\"2020-10-04T09:42:54+00:00\" \/>\n<meta name=\"twitter:card\" content=\"summary_large_image\" \/>\n<meta name=\"twitter:label1\" content=\"Gesch\u00e4tzte Lesezeit\" \/>\n\t<meta name=\"twitter:data1\" content=\"3\u00a0Minuten\" \/>\n<script type=\"application\/ld+json\" class=\"yoast-schema-graph\">{\"@context\":\"https:\/\/schema.org\",\"@graph\":[{\"@type\":\"WebPage\",\"@id\":\"https:\/\/www.regine-koelpin.de\/?page_id=7465\",\"url\":\"https:\/\/www.regine-koelpin.de\/?page_id=7465\",\"name\":\"R\u00fcckblicke - Regine K\u00f6lpin\",\"isPartOf\":{\"@id\":\"https:\/\/www.regine-koelpin.de\/#website\"},\"datePublished\":\"2020-10-04T09:42:53+00:00\",\"dateModified\":\"2020-10-04T09:42:54+00:00\",\"breadcrumb\":{\"@id\":\"https:\/\/www.regine-koelpin.de\/?page_id=7465#breadcrumb\"},\"inLanguage\":\"de\",\"potentialAction\":[{\"@type\":\"ReadAction\",\"target\":[\"https:\/\/www.regine-koelpin.de\/?page_id=7465\"]}]},{\"@type\":\"BreadcrumbList\",\"@id\":\"https:\/\/www.regine-koelpin.de\/?page_id=7465#breadcrumb\",\"itemListElement\":[{\"@type\":\"ListItem\",\"position\":1,\"name\":\"Startseite\",\"item\":\"https:\/\/www.regine-koelpin.de\/\"},{\"@type\":\"ListItem\",\"position\":2,\"name\":\"R\u00fcckblicke\"}]},{\"@type\":\"WebSite\",\"@id\":\"https:\/\/www.regine-koelpin.de\/#website\",\"url\":\"https:\/\/www.regine-koelpin.de\/\",\"name\":\"Regine K\u00f6lpin\",\"description\":\"Schriftstellerin\",\"potentialAction\":[{\"@type\":\"SearchAction\",\"target\":{\"@type\":\"EntryPoint\",\"urlTemplate\":\"https:\/\/www.regine-koelpin.de\/?s={search_term_string}\"},\"query-input\":{\"@type\":\"PropertyValueSpecification\",\"valueRequired\":true,\"valueName\":\"search_term_string\"}}],\"inLanguage\":\"de\"}]}<\/script>\n<!-- \/ Yoast SEO plugin. -->","yoast_head_json":{"title":"R\u00fcckblicke - Regine K\u00f6lpin","robots":{"index":"index","follow":"follow","max-snippet":"max-snippet:-1","max-image-preview":"max-image-preview:large","max-video-preview":"max-video-preview:-1"},"canonical":"https:\/\/www.regine-koelpin.de\/?page_id=7465","og_locale":"de_DE","og_type":"article","og_title":"R\u00fcckblicke - Regine K\u00f6lpin","og_description":"2020 Podcast zum Thema Gl\u00fcckNominiert zum Homer Literaturpreis&nbsp;2020 Lesereisen Juist\/D\u00e4nemark Die Nordseehof -Saga 2019 Lesereise Herbst 2019 Regine K\u00f6lpin zu&hellip;","og_url":"https:\/\/www.regine-koelpin.de\/?page_id=7465","og_site_name":"Regine K\u00f6lpin","article_modified_time":"2020-10-04T09:42:54+00:00","twitter_card":"summary_large_image","twitter_misc":{"Gesch\u00e4tzte Lesezeit":"3\u00a0Minuten"},"schema":{"@context":"https:\/\/schema.org","@graph":[{"@type":"WebPage","@id":"https:\/\/www.regine-koelpin.de\/?page_id=7465","url":"https:\/\/www.regine-koelpin.de\/?page_id=7465","name":"R\u00fcckblicke - Regine K\u00f6lpin","isPartOf":{"@id":"https:\/\/www.regine-koelpin.de\/#website"},"datePublished":"2020-10-04T09:42:53+00:00","dateModified":"2020-10-04T09:42:54+00:00","breadcrumb":{"@id":"https:\/\/www.regine-koelpin.de\/?page_id=7465#breadcrumb"},"inLanguage":"de","potentialAction":[{"@type":"ReadAction","target":["https:\/\/www.regine-koelpin.de\/?page_id=7465"]}]},{"@type":"BreadcrumbList","@id":"https:\/\/www.regine-koelpin.de\/?page_id=7465#breadcrumb","itemListElement":[{"@type":"ListItem","position":1,"name":"Startseite","item":"https:\/\/www.regine-koelpin.de\/"},{"@type":"ListItem","position":2,"name":"R\u00fcckblicke"}]},{"@type":"WebSite","@id":"https:\/\/www.regine-koelpin.de\/#website","url":"https:\/\/www.regine-koelpin.de\/","name":"Regine K\u00f6lpin","description":"Schriftstellerin","potentialAction":[{"@type":"SearchAction","target":{"@type":"EntryPoint","urlTemplate":"https:\/\/www.regine-koelpin.de\/?s={search_term_string}"},"query-input":{"@type":"PropertyValueSpecification","valueRequired":true,"valueName":"search_term_string"}}],"inLanguage":"de"}]}},"_links":{"self":[{"href":"https:\/\/www.regine-koelpin.de\/index.php?rest_route=\/wp\/v2\/pages\/7465","targetHints":{"allow":["GET"]}}],"collection":[{"href":"https:\/\/www.regine-koelpin.de\/index.php?rest_route=\/wp\/v2\/pages"}],"about":[{"href":"https:\/\/www.regine-koelpin.de\/index.php?rest_route=\/wp\/v2\/types\/page"}],"author":[{"embeddable":true,"href":"https:\/\/www.regine-koelpin.de\/index.php?rest_route=\/wp\/v2\/users\/1"}],"replies":[{"embeddable":true,"href":"https:\/\/www.regine-koelpin.de\/index.php?rest_route=%2Fwp%2Fv2%2Fcomments&post=7465"}],"version-history":[{"count":1,"href":"https:\/\/www.regine-koelpin.de\/index.php?rest_route=\/wp\/v2\/pages\/7465\/revisions"}],"predecessor-version":[{"id":7468,"href":"https:\/\/www.regine-koelpin.de\/index.php?rest_route=\/wp\/v2\/pages\/7465\/revisions\/7468"}],"wp:attachment":[{"href":"https:\/\/www.regine-koelpin.de\/index.php?rest_route=%2Fwp%2Fv2%2Fmedia&parent=7465"}],"curies":[{"name":"wp","href":"https:\/\/api.w.org\/{rel}","templated":true}]}}