{"id":7460,"date":"2020-10-04T11:41:13","date_gmt":"2020-10-04T09:41:13","guid":{"rendered":"http:\/\/www.regine-koelpin.de\/?page_id=7460"},"modified":"2024-05-08T14:44:29","modified_gmt":"2024-05-08T12:44:29","slug":"referenzen","status":"publish","type":"page","link":"https:\/\/www.regine-koelpin.de\/?page_id=7460","title":{"rendered":"Referenzen"},"content":{"rendered":"\n<p><strong>&nbsp;Dozentent\u00e4tigkeiten und literarische Organisation<\/strong><\/p>\n\n\n\n<ul class=\"wp-block-list\"><li>Schriftf\u00fchrerin bei der Autorenvereinigung <strong>Homer-Historische Literatur<\/strong>  2023\/2024.<\/li><li>Seminarleitungen und Workshops bei der <strong>Hamburger Fernakademie<\/strong> &#8222;Schule des Schreibens&#8220; .<\/li><li><strong>K\u00fcnstlerische Leitung der Nieders\u00e4chsischen Landesliteraturtag<\/strong>e in Sande 2017<\/li><li><strong>Referentin bei den &#8222;Deutschen Schreibtagen<\/strong>&#8220; in Berlin-Wannsee 2014 , 2017, 2024.<\/li><li><strong>Jugendschreibkurse beim Reformationsjublil\u00e4um 2017 in Jever und Lutherstadt Wittenberg<\/strong>.<\/li><li><strong>Leitung des Schreibkurses `<\/strong>Schreib-Moor`\u00a0 beim Kultur-und Kunstkreis Wiesmoor ( 2009-2014)<em>&#8230;\u00a0Regine K\u00f6lpin ist eine hochqualifizierte Moderatorin&#8230;<\/em>\u00a0(Anzeiger f\u00fcr Harlinger Land).<\/li><li><strong>Leitung einer regelm\u00e4\u00dfigen Schreibwerkstatt an der VHS-Leer\/<\/strong>Au\u00dfenstelle J\u00fcmme im Jahr 2014 und in Seminarform 2015\/2016.<\/li><li><strong>Leitung von verschiedenen Kursen und Seminaren in der VHS<\/strong> und an verschiedenen Bildungseinrichtungen.<\/li><li>L<strong>eitung der Jugendschreibwerkst\u00e4tten beim Krimifestival Hannover<\/strong> 2o13, <strong>Bad Oldesloe<\/strong> 2014, mehrfach in <strong>Minden<\/strong>, 2015 und <strong>Rheine<\/strong> 2013, J<strong>ugendhaus Jever<\/strong> 2018 u.v.a.<\/li><li>viele<strong> innerschulische\u00a0 Jugendschreib-Projekte<\/strong>\/Kurse.<\/li><li><strong>2009 -2011:  2. Vizepr\u00e4sidentin bei den M\u00f6rderischen Schwestern<\/strong>. Zudem  mehrj\u00e4hrige T\u00e4tigkeit als <strong>Chefredakteurin der Websit<\/strong>e.<\/li><li>\u00a0Zweij\u00e4hrige T\u00e4tigkeit als <strong>Mentorin\u00a0<\/strong>im Rahmen des Mentoring-Programmes der\u00a0<em>M\u00f6rderischen Schwestern<\/em>.<\/li><li><strong>Leitung des Schreibprojektes<\/strong> &#8222;Ich bin von Kopf bis Fu\u00df auf Liebe eingestellt&#8220;- Generations\u00fcbergreifendes Schreiben.<\/li><li><strong>Leitung des Schreibprojektes<\/strong>&#8222;<a rel=\"noreferrer noopener\" href=\"http:\/\/www.regine-koelpin.de\/?p=2620\" target=\"_blank\">Auf ein Wort- Lebensgeschichte erz\u00e4hlt&#8220;- Generations\u00fcbergreifendes Schreiben<\/a>.<\/li><li><strong>Jugendkongress gegen Rassismus und Gewalt<\/strong><br>Regine K\u00f6lpin leitete im September 2012 einen Schreibworkshop f\u00fcr Jugendliche im Rahmen des Jugendkongresses 2012. Der Kongress wurde gef\u00f6rdert vom Nieders\u00e4chsischen Ministerium f\u00fcr Soziales, Frauen, Familie, Gesundheit und Integration. Die Projektleitung hatten der Landkreis Wittmund unter Federf\u00fchrung von Ingeborg Eckhoff und die Alexander- von- Humboldt-Schule in Wittmund. \u00a0 W\u00e4hrend des Jugendkongresses fanden 18 Workshops zum o.g. Thema statt, die Schreibwerkstatt oblag Regine K\u00f6lpin. Ein Teil der entstandenen Texte wird in der Presse der \u00d6ffentlichkeit zug\u00e4nglich gemacht.<\/li><li><strong>Junior-Krimicamp 2012<\/strong><br>Regine K\u00f6lpin war Projektleiterin f\u00fcr das Junior- Krimicamp \u00a0im Rahmen der Criminale 2012.<br>Begleitende Dozenten: Beate Maxian und Matthias Herbert.<br>Die Ergebnisse der dort entstandenen 16 Texte werden in einem Buch pr\u00e4sentiert, das im Grafit Verlag erschienen ist.<\/li><li><strong>Leitung von regelm\u00e4\u00dfigen Schreibwerkst\u00e4tten in Schulen:<\/strong><\/li><li>Mariengymnasium Jever (2007-2012) von 2012-2014 in \u00a0 \u00a0 \u00a0 \u00a0 \u00a0 \u00a0 \u00a0 monatlicher Seminarform<\/li><li>Jugendschreibgruppe des KOV Wilhelmshaven(\u00a0 2008-2013)<\/li><li>IGS Schortens (2009-2011)<\/li><li>GS Altengroden (2011-2012)<\/li><li>Realschule Leer (2011)<br><em>Auszug aus dem Zeugnis Mariengymnasium Jever:<br>Frau K\u00f6lpin ist eine au\u00dferordentlich motivierte und engagierte Kraft, der es \u00fcberzeugend gelingt, ihr Fachwissen und ihre methodischen F\u00e4higkeiten stets in besonderem Ma\u00dfe einzusetzen.<\/em>\u00a0..<em>Sie ist eine qualifizierte Kraft, die ihre Aufgaben kompetent und \u00fcberzeugend wahrnimmt. Die Gestaltung ihrer Arbeit in den Kursen ist strukturiert,zielorientiert und altersgerecht<\/em>.<\/li><\/ul>\n\n\n\n<p><strong>Publikationen in Zeitschriften<\/strong><\/p>\n\n\n\n<p><\/p>\n\n\n\n<ul class=\"wp-block-list\"><li>Regine K\u00f6lpin schreibt seit dem Jahr 2022 regelm\u00e4\u00dfig Kurzgeschichten f\u00fcr die Frauenzeitschrift TINA<\/li><li>Im Magazin der Autorenakademie &#8222;Schule des Schreibens&#8220;, war Regine K\u00f6lpin &#8222;Covergirl&#8220; und hat ein Interview zum Thema Pseudonyme gegeben.<\/li><li>F\u00fcr die  Autorenzeitschrift Federwelt (hat Regine K\u00f6lpin einen mehrseitigen Bericht \u00fcber das Leben einer Autorin verfasst.<\/li><li>Drei Beitr\u00e4ge in der Frauenzeitschrift Womens History(Funke Medien Gruppe) zu &#8222;Frauen in der Medizin&#8220; \u00fcber Barbara Borsinger, Florence Nightingale und Lady Wortley Montagu <\/li><li>In der <em>TextArt<\/em> (Magazin f\u00fcr Kreatives Schreiben) , Ausgabe 1\/2013, hat Regine K\u00f6lpin, zusammen mit den Jugendlichen der Schreibgruppe des KOV, den sechsseitigen Artikel&nbsp; &#8222;<em>Sich samstags aus den Betten qu\u00e4len-UND SCHREIBEN;&nbsp; Erfahrungen mit einer Jugendschreibgruppe<\/em>&#8220; verfasst.<\/li><li>Artikel im &#8222;tempest&#8220;(<a href=\"wp-content\/uploads\/tempest-4-12.pdf\">tempest 4 12<\/a>&nbsp;und&nbsp;<a href=\"wp-content\/uploads\/Schreiben-mit-Kindern-tempest-5-12.pdf\">Schreiben mit Kindern tempest 5- 12<\/a>)&nbsp; zur Arbeit in Schreibwerkst\u00e4tten mit Kindern, Jugendlichen und Erwachsenen<\/li><li>Kinderzeitungen 2009\/2010<br>Projektleitung f\u00fcr das &#8222;<a href=\"\/?p=352\">Kinderblatt<\/a>&#8222;.<br>In Zusammenarbeit mit dem Jeverschen Wochenblatt hat Regine K\u00f6lpin in den Jahren 2009 und 2010&nbsp; je ein Kinderblatt herausgegeben, das von Jugendlichen unter ihrer Anleitung konzipiert und erarbeitet wurde.<\/li><\/ul>\n\n\n\n<p><strong>Ausbildung und Qualifikation<\/strong><\/p>\n\n\n\n<ul class=\"wp-block-list\"><li>Spielleitertraining (50 Std) an der Landesb\u00fchne Wilhelmshaven 2019<\/li><li>Dreij\u00e4hriger Fernstudiengang in&nbsp;Deutsch und Literatur<br>( ILS, Abschluss 1,6)<\/li><li>Dreij\u00e4hriger Belletristik- und Sachliteraturstudiengang( Schule des Schreibens)<\/li><li>Einj\u00e4hriger Studiengang Jugendliteratur ( Schule des Schreibens)<\/li><li>&nbsp;Seminare und Workshops, Weiterbildung in Seminaren und Theaterworkshops<\/li><\/ul>\n\n\n\n<p><strong>Juryarbeit<\/strong><\/p>\n\n\n\n<ul class=\"wp-block-list\"><li>2020 Jury-Mitglied beim DELIA-Literaturpreis f\u00fcr Liebesromane (Erwachsene)<\/li><li>2016 Jury-Mitglied beim <a rel=\"noreferrer noopener\" href=\"http:\/\/www.delia-online.de\/delia-literaturpreis-2017.html\" target=\"_blank\">DELIA-Literaturpreis<\/a> f\u00fcr Liebesromane (Erwachsene)<\/li><li>2015 Jury -Mitglied beim <a rel=\"noreferrer noopener\" href=\"http:\/\/www.weihnachtskrimis.de\/w-krimipreis.html\" target=\"_blank\">Karo-Krimipreis<\/a><\/li><li>2013 Mitglied in der Jury zur <em>2. Deutschen Ausrufermeisterschaft<\/em> der Deutschen Ausrufergilde.&nbsp; Sparte &#8222;Inhalt und Sprache&#8220;<\/li><li>Im Jahr 2010 \u00fcbertrug die Ostfriesenzeitung der Schriftstellerin die Projektleitung f\u00fcr einen Kinder-und Jugendschreibwettbewerb. Es wurden Texte in drei verschiedenen Altersklassen ausgelobt und zum Abschluss der Ostfriesischen Krimitage vergeben. Regine K\u00f6lpin war neben der Organisation auch Jurymitglied und war Laudatorin bei der Preis\u00fcbergabe<\/li><li>Im Jahr 2008\/2009 geh\u00f6rte Regine K\u00f6lpin der Jury des Hansj\u00f6rg-Martin-Preises (bester deutschsprachiger Kinder-und Jugendkrimi des Jahres) an und ihr oblag neben der eigenen Juryt\u00e4tigkeit zus\u00e4tzlich&nbsp;die Leitung der Jugendjury&nbsp;<\/li><li>&nbsp;Astrid-Lindgren Preis der Bibliothek Sande<\/li><li>Jugendschreibwettbewerb der Ostfriesischen Autoren, Schirmherr Klaus-Peter Wolf. Juryarbeit und Laudatorin<\/li><li>Projektleitung eines Schreibwettbewerbs in Zusammenarbeit mit der Ostfriesenzeitung&nbsp; zu den 6.Ostfriesischen Krimitagen<\/li><li>Au\u00dferdem geh\u00f6rte sie 2009&nbsp;der Lizzy Net Jury an. Mit anderen M\u00f6rderischen Schwestern&nbsp; und in Zusammenarbeit mit dem Arena Verlag betreute sie M\u00e4dchen in&nbsp; dem&nbsp;Schreibwettbewerb &#8222;M\u00e4dchen! Schreibt! Krimis! 2009&#8220; und war nachfolgend als Jurymitglied t\u00e4tig.<\/li><\/ul>\n","protected":false},"excerpt":{"rendered":"<p>&nbsp;Dozentent\u00e4tigkeiten und literarische Organisation Schriftf\u00fchrerin bei der Autorenvereinigung Homer-Historische Literatur 2023\/2024. Seminarleitungen und Workshops bei der Hamburger Fernakademie &#8222;Schule des&hellip;<\/p>\n","protected":false},"author":1,"featured_media":0,"parent":0,"menu_order":0,"comment_status":"closed","ping_status":"closed","template":"","meta":{"footnotes":""},"class_list":["post-7460","page","type-page","status-publish","hentry"],"yoast_head":"<!-- This site is optimized with the Yoast SEO plugin v24.2 - https:\/\/yoast.com\/wordpress\/plugins\/seo\/ -->\n<title>Referenzen - Regine K\u00f6lpin<\/title>\n<meta name=\"robots\" content=\"index, follow, max-snippet:-1, max-image-preview:large, max-video-preview:-1\" \/>\n<link rel=\"canonical\" href=\"https:\/\/www.regine-koelpin.de\/?page_id=7460\" \/>\n<meta property=\"og:locale\" content=\"de_DE\" \/>\n<meta property=\"og:type\" content=\"article\" \/>\n<meta property=\"og:title\" content=\"Referenzen - Regine K\u00f6lpin\" \/>\n<meta property=\"og:description\" content=\"&nbsp;Dozentent\u00e4tigkeiten und literarische Organisation Schriftf\u00fchrerin bei der Autorenvereinigung Homer-Historische Literatur 2023\/2024. Seminarleitungen und Workshops bei der Hamburger Fernakademie &#8222;Schule des&hellip;\" \/>\n<meta property=\"og:url\" content=\"https:\/\/www.regine-koelpin.de\/?page_id=7460\" \/>\n<meta property=\"og:site_name\" content=\"Regine K\u00f6lpin\" \/>\n<meta property=\"article:modified_time\" content=\"2024-05-08T12:44:29+00:00\" \/>\n<meta name=\"twitter:card\" content=\"summary_large_image\" \/>\n<meta name=\"twitter:label1\" content=\"Gesch\u00e4tzte Lesezeit\" \/>\n\t<meta name=\"twitter:data1\" content=\"4\u00a0Minuten\" \/>\n<script type=\"application\/ld+json\" class=\"yoast-schema-graph\">{\"@context\":\"https:\/\/schema.org\",\"@graph\":[{\"@type\":\"WebPage\",\"@id\":\"https:\/\/www.regine-koelpin.de\/?page_id=7460\",\"url\":\"https:\/\/www.regine-koelpin.de\/?page_id=7460\",\"name\":\"Referenzen - Regine K\u00f6lpin\",\"isPartOf\":{\"@id\":\"https:\/\/www.regine-koelpin.de\/#website\"},\"datePublished\":\"2020-10-04T09:41:13+00:00\",\"dateModified\":\"2024-05-08T12:44:29+00:00\",\"breadcrumb\":{\"@id\":\"https:\/\/www.regine-koelpin.de\/?page_id=7460#breadcrumb\"},\"inLanguage\":\"de\",\"potentialAction\":[{\"@type\":\"ReadAction\",\"target\":[\"https:\/\/www.regine-koelpin.de\/?page_id=7460\"]}]},{\"@type\":\"BreadcrumbList\",\"@id\":\"https:\/\/www.regine-koelpin.de\/?page_id=7460#breadcrumb\",\"itemListElement\":[{\"@type\":\"ListItem\",\"position\":1,\"name\":\"Startseite\",\"item\":\"https:\/\/www.regine-koelpin.de\/\"},{\"@type\":\"ListItem\",\"position\":2,\"name\":\"Referenzen\"}]},{\"@type\":\"WebSite\",\"@id\":\"https:\/\/www.regine-koelpin.de\/#website\",\"url\":\"https:\/\/www.regine-koelpin.de\/\",\"name\":\"Regine K\u00f6lpin\",\"description\":\"Schriftstellerin\",\"potentialAction\":[{\"@type\":\"SearchAction\",\"target\":{\"@type\":\"EntryPoint\",\"urlTemplate\":\"https:\/\/www.regine-koelpin.de\/?s={search_term_string}\"},\"query-input\":{\"@type\":\"PropertyValueSpecification\",\"valueRequired\":true,\"valueName\":\"search_term_string\"}}],\"inLanguage\":\"de\"}]}<\/script>\n<!-- \/ Yoast SEO plugin. -->","yoast_head_json":{"title":"Referenzen - Regine K\u00f6lpin","robots":{"index":"index","follow":"follow","max-snippet":"max-snippet:-1","max-image-preview":"max-image-preview:large","max-video-preview":"max-video-preview:-1"},"canonical":"https:\/\/www.regine-koelpin.de\/?page_id=7460","og_locale":"de_DE","og_type":"article","og_title":"Referenzen - Regine K\u00f6lpin","og_description":"&nbsp;Dozentent\u00e4tigkeiten und literarische Organisation Schriftf\u00fchrerin bei der Autorenvereinigung Homer-Historische Literatur 2023\/2024. Seminarleitungen und Workshops bei der Hamburger Fernakademie &#8222;Schule des&hellip;","og_url":"https:\/\/www.regine-koelpin.de\/?page_id=7460","og_site_name":"Regine K\u00f6lpin","article_modified_time":"2024-05-08T12:44:29+00:00","twitter_card":"summary_large_image","twitter_misc":{"Gesch\u00e4tzte Lesezeit":"4\u00a0Minuten"},"schema":{"@context":"https:\/\/schema.org","@graph":[{"@type":"WebPage","@id":"https:\/\/www.regine-koelpin.de\/?page_id=7460","url":"https:\/\/www.regine-koelpin.de\/?page_id=7460","name":"Referenzen - Regine K\u00f6lpin","isPartOf":{"@id":"https:\/\/www.regine-koelpin.de\/#website"},"datePublished":"2020-10-04T09:41:13+00:00","dateModified":"2024-05-08T12:44:29+00:00","breadcrumb":{"@id":"https:\/\/www.regine-koelpin.de\/?page_id=7460#breadcrumb"},"inLanguage":"de","potentialAction":[{"@type":"ReadAction","target":["https:\/\/www.regine-koelpin.de\/?page_id=7460"]}]},{"@type":"BreadcrumbList","@id":"https:\/\/www.regine-koelpin.de\/?page_id=7460#breadcrumb","itemListElement":[{"@type":"ListItem","position":1,"name":"Startseite","item":"https:\/\/www.regine-koelpin.de\/"},{"@type":"ListItem","position":2,"name":"Referenzen"}]},{"@type":"WebSite","@id":"https:\/\/www.regine-koelpin.de\/#website","url":"https:\/\/www.regine-koelpin.de\/","name":"Regine K\u00f6lpin","description":"Schriftstellerin","potentialAction":[{"@type":"SearchAction","target":{"@type":"EntryPoint","urlTemplate":"https:\/\/www.regine-koelpin.de\/?s={search_term_string}"},"query-input":{"@type":"PropertyValueSpecification","valueRequired":true,"valueName":"search_term_string"}}],"inLanguage":"de"}]}},"_links":{"self":[{"href":"https:\/\/www.regine-koelpin.de\/index.php?rest_route=\/wp\/v2\/pages\/7460","targetHints":{"allow":["GET"]}}],"collection":[{"href":"https:\/\/www.regine-koelpin.de\/index.php?rest_route=\/wp\/v2\/pages"}],"about":[{"href":"https:\/\/www.regine-koelpin.de\/index.php?rest_route=\/wp\/v2\/types\/page"}],"author":[{"embeddable":true,"href":"https:\/\/www.regine-koelpin.de\/index.php?rest_route=\/wp\/v2\/users\/1"}],"replies":[{"embeddable":true,"href":"https:\/\/www.regine-koelpin.de\/index.php?rest_route=%2Fwp%2Fv2%2Fcomments&post=7460"}],"version-history":[{"count":2,"href":"https:\/\/www.regine-koelpin.de\/index.php?rest_route=\/wp\/v2\/pages\/7460\/revisions"}],"predecessor-version":[{"id":8849,"href":"https:\/\/www.regine-koelpin.de\/index.php?rest_route=\/wp\/v2\/pages\/7460\/revisions\/8849"}],"wp:attachment":[{"href":"https:\/\/www.regine-koelpin.de\/index.php?rest_route=%2Fwp%2Fv2%2Fmedia&parent=7460"}],"curies":[{"name":"wp","href":"https:\/\/api.w.org\/{rel}","templated":true}]}}