{"id":7455,"date":"2020-10-04T11:39:10","date_gmt":"2020-10-04T09:39:10","guid":{"rendered":"http:\/\/www.regine-koelpin.de\/?page_id=7455"},"modified":"2025-08-13T17:43:09","modified_gmt":"2025-08-13T15:43:09","slug":"uebers-schreiben","status":"publish","type":"page","link":"https:\/\/www.regine-koelpin.de\/?page_id=7455","title":{"rendered":"\u00dcbers Schreiben"},"content":{"rendered":"\n<p><em>&#8222;Regine K\u00f6lpin liest lebendig, gestenreich und mit wechselnden Stimmen&#8230;<\/em>&#8220; <strong>Niklas Gr\u00f6nitz, NWZ<\/strong><\/p>\n\n\n\n<p><strong>Was bedeutet das Schreiben f\u00fcr Sie?<\/strong><\/p>\n\n\n\n<p>Nicht aufgeben, an die Grenzen gehen, &nbsp;auch wenn es unm\u00f6glich erscheint. Schreiben bedeutet, auf dem Weg zu sein.<\/p>\n\n\n<div class=\"wp-block-image\">\n<figure class=\"aligncenter size-primer-featured\"><img loading=\"lazy\" decoding=\"async\" width=\"1600\" height=\"1543\" src=\"http:\/\/www.regine-koelpin.de\/wp-content\/uploads\/IMG_3663-2-1600x1543.jpg\" alt=\"\" class=\"wp-image-8167\" srcset=\"https:\/\/www.regine-koelpin.de\/wp-content\/uploads\/IMG_3663-2-1600x1543.jpg 1600w, https:\/\/www.regine-koelpin.de\/wp-content\/uploads\/IMG_3663-2-768x741.jpg 768w, https:\/\/www.regine-koelpin.de\/wp-content\/uploads\/IMG_3663-2-1536x1481.jpg 1536w, https:\/\/www.regine-koelpin.de\/wp-content\/uploads\/IMG_3663-2-2048x1975.jpg 2048w\" sizes=\"auto, (max-width: 1600px) 100vw, 1600px\" \/><figcaption class=\"wp-element-caption\">Foto: Marion Erdwiens<\/figcaption><\/figure><\/div>\n\n\n<p>Ich liebe es, andere Welten und Figuren zu erfinden und Geschichten zu erz\u00e4hlen. Und das von Kindesbeinen an.<\/p>\n\n\n\n<p><strong>Wann haben Sie mit dem Schreiben begonnen<\/strong>?<\/p>\n\n\n\n<p>Schon als Kind. \u00a0Von klein auf sagte man mir eine bl\u00fchende Fantasie nach und so habe ich mit 10 Jahren meinen ersten Roman von \u00fcber 100 Seiten geschrieben. Als den keiner drucken wollte, habe ich schon damals beschlossen, Schriftstellerin zu werden. Ich habe seitdem nie aufgeh\u00f6rt zu schreiben. Erst waren es Gedichte, kurze Sachen. Nat\u00fcrlich zun\u00e4chst nur f\u00fcr mich.<br>Das Gef\u00fchl, ich habe etwas zu erz\u00e4hlen, ich m\u00f6chte auch f\u00fcr Publikum schreiben, wurde immer st\u00e4rker. Und nachdem ich die ersten Ver\u00f6ffnetlichungen aufweisen konnte, gab es kein Halten mehr. Mittlerweile bin ich in der gl\u00fccklichen Lage, mit gro\u00dfen Publikumsverlagen wie Droemer Knaur, Coppenrath, Piper und dem Aufbau-Verlag zusammenarbeiten zu k\u00f6nnen. H\u00e4ufig schreibe ich auch f\u00fcr die Frauenzeitschrift \u201eTina\u201c Kurzgeschichten.<\/p>\n\n\n\n<p><strong>Wie war Ihr Werdegang?<\/strong><\/p>\n\n\n\n<p>Nach dem Abitur habe ich eine Ausblidung zur examinierten Krankenschwester absolviert, in dem Beruf auch gearbeite und war dann allerdings auch lange Zeit Gro\u00dffamilienmutter unserer f\u00fcnf Kinder.<br>Anschlie\u00dfend habe ich \u00fcber mehrere Jahre drei Fernstudieng\u00e4nge absolviert. Mir war es wichtig, mein Wissen aufzufrischen, zu erweitern und den Traum der Schriftstellerei professionell anzugehen.<br>Also habe ich Deutsch und Literatur studiert und einen sehr motivierenden Abschluss mit der Note 1,6 gemacht. Davon befl\u00fcgelt, belegte ich drei Jahre lang einen Autorenstudiengang und schulte mich nachfolgend ein Jahr in der\u00a0Kinder-und Jugendliteratur. Damit hatte ich ein gutes R\u00fcstzeug und schon einen Einblick in die Welt der Schriftstellerei. Ich habe dort gelernt, konzeptionell zu arbeiten. Letztlich wichtig waren aber sp\u00e4ter die direkten Kontakte zu anderen Autoren in Schreibgruppen.<\/p>\n\n\n\n<p><strong>Und dann kamen die ersten Ver\u00f6ffentlichungen?<\/strong><\/p>\n\n\n\n<p>Nein, so schnell ging das nicht. Ich musste viele R\u00fcckschl\u00e4ge hinnehmen, bis das geklappt hat. Aber dann ging es Schlag auf Schlag. Zun\u00e4chst der erste Kurzkrimi, dann folgte schon bald der erste Roman, aus dem eine Reihe mit einem Kommissar wurde. Das hat Spa\u00df gemacht.<br>Aber ausschlie\u00dflich regionale Ermittlerkrimis zu schreiben war dann doch nicht das, was ich mir langfristig vorgestellt hatte, und in mir wuchs das Bed\u00fcrfnis, etwas anderes auszuprobieren.<br>Kinderb\u00fccher hatte ich ja von Beginn an auch geschrieben, bis ich beim Oetinger Verlag gelandet bin. <br>Den Krimis folgten die historischen Romane. Eine echte Herausforderung, die sehr viel Spa\u00df gemacht hat. <br>Das werde ich weiterf\u00fchren, denn ich bin mit zeitgeschichtlichen und historischen Projekten in den n\u00e4chsten Jahren beim Piper Verlag unter Vertrag.  <br> &#8222;Das Haus am Deich&#8220; hat es mit Platz 18 unter die Top 20 auf der  SPIEGEL-Bestseller geschafft und seit dem Jahr 2022 darf ich den begehrten Button auf meinen B\u00fcchern tragen. \u00a0Auch  &#8222;Der Nordseehof&#8220; und das Weihnachtsbuch &#8222;Briefe f\u00fcr dich&#8220;, das ich zusammen mit Gitta Edelmann verfasst habe, standen mehrere Wochen auf der Liste.<\/p>\n\n\n\n<p>Au\u00dferdem schreibe ich mit meinen Oma-Romanen humorvollen Familienromane bei Droemer Knaur.\u00a0 Ich kann aus einem gro\u00dfen Fundus an Erfahrungen sch\u00f6pfen und alles neu in Szene setzen.  <br> Das leichte Schreiben macht mir so viel Freude, sodass ich das Angebot des Verlages, auch im Krimi humorvoll zu schreiben, sehr gern angenommen habe, aber das habe ich von Beginn an auf drei B\u00e4nde begrenzt.<\/p>\n\n\n\n<p>Ich bin au\u00dferdem auch im Geschenkbuchbereich im Coppenrath-Verlag t\u00e4tig. F\u00fcr diesen Verlag schreibe ich Kurztexte, aber auch, zusammen mit meiner sehr gesch\u00e4tzten Kollegin Gitta Edelmann, Kurzromane, Adventb\u00fccher und anderes. <br>Unter dem gemeinsamen Pseudonym Felicitas Kind schreiben wir im Piper Verlag Weihnachtsromane. <\/p>\n\n\n\n<p>Und bei Aufbau-more schreibe unter &#8222;Ferienzeit und Gl\u00fccksgef\u00fchle&#8220;  Reiseromane. Da wir mit unserem Wohnmobil viel in Eurpoa unterwegs sind, liegt die Inspiration daf\u00fcr f\u00f6rmlich auf der Stra\u00dfe. Es bleibt also abwechslungsreich und spannend.<\/p>\n\n\n\n<p><strong>Es gibt aber auch andere Projekte, in die Sie involviert sind?<\/strong><\/p>\n\n\n\n<p>Durch die Zusammenarbeit mit meinem Mann\u00a0 sind seit ein paar Jahren auch\u00a0 B\u00fchnenprojekte entstanden. Er hat mehrere Musikshows auf die Beine gestellt, die ich als Moderatorin begleitet habe. Unser gemeinsames\u00a0Highlight\u00a0 war das Musical \u201eDie Lebenspfl\u00fcckerin\u201c (1600 Zuschauer ). Ich habe das Libretto und die Songtexte verfasst und zusammen mit unserer Tochter Inga Regie gef\u00fchrt, das Ensemble mit Band, Kost\u00fcm, Maske, Darsteller, Technik etc umfasste 35 Akteure. Eine wahre Herausforderung, die wir gut gemeistert haben. Auch weitere kleine B\u00fchnenprojekte f\u00fcr Kinder habe ich mit anderen K\u00fcnstlern umgesetzt.<\/p>\n\n\n\n<p>The-Breathe-Project, unter Leitung von meinem Mann bringt noch immer regelm\u00e4\u00dfig Musik-Shows auf die B\u00fchne, in die ich in unterschiedlichen Rollen, wie z.B mit der Moderation, dem Spielen und Texten einzelner Szenen involviert bin.<\/p>\n\n\n\n<p><strong>Da gab es doch auch mehrere Preise und Auszeichnungen?<\/strong><\/p>\n\n\n\n<p>Das stimmt und so etwas macht total gl\u00fccklich.<\/p>\n\n\n\n<p>Inzwischen habe ich tats\u00e4chlich eine Menge gewonnen, zuletzt den Bronzenen Homer 2020, zusammen mit Gitta Edelmann.<br>Zuletzt war ich f\u00fcr den G\u00fctersloher Kinderbuchpreis nominiert.<\/p>\n\n\n\n<p>Au\u00dferdem\u00a0 wurde ich 2011 zur Starken Frau Frieslands gek\u00fcrt, 2010 habe ich das Krimistipendium Tatort T\u00f6werland auf Juist erhalten und 2009 war ich 1. Preistr\u00e4gerin des Jugendliteraturpreises E.G.O.N. In den Jahren 2002 und 2004 habe ich den Jahrespreis der Ostfriesischen Autoren gewonnen und beim Krimipreis der Ostfriesenzeitung 2003 Platz 3 belegt. Au\u00dferdem war ich nominiert f\u00fcr den Quo Vadis Kurzgeschichtenpreis 2013 und f\u00fcr den K\u00e4rntner Krimipreis 2008.<\/p>\n\n\n\n<p><\/p>\n\n\n\n<p><strong>Wie sieht Ihr Arbeitstag aus?<\/strong><\/p>\n\n\n\n<p>Durchstrukturiert von Anfang bis Ende. Ich beginne stets mit Sport und um sp\u00e4testens neun Uhr gehe ich an den Schreibtisch, da warten viele administrative Aufgaben auf mich. Rechnungen schreiben, Lesungen&nbsp;vorbereiten, recherchieren, PR -Arbeit. Nach einer kurzen Mittagspause arbeite ich stets mehrere Stunden kreativ, denn wenn ich nicht jeden Tag etwas geschrieben habe, bin ich unzufrieden. Ich liebe es zu sehr, die Geschichten weiterzuspinnen. So schaffe ich auch viel, weil ich immer dicht an Text und Geschehen bin.<\/p>\n\n\n\n<p>&nbsp;Und nat\u00fcrlich nehme ich mir nach wie vor viel Zeit f\u00fcr die Familie, vor allem f\u00fcr die Enkel.&nbsp; Das alles bereichert unser Leben ungemein.<\/p>\n\n\n\n<p><strong>Woher nehmen Sie Ihre Inspiration?<\/strong><\/p>\n\n\n\n<p>Mich inspiriert das Leben. Und daraus schaffe ich als Schriftstellerin M\u00f6glichkeiten, indem ich das, was mich angeregt hat, weitererz\u00e4hle. Manchmal besuchen mich die Geschichten im Schlaf, weshalb ich immer ein Notizbuch in der Nachttischschublade liegen habe. Weil ich auch historische und zeitgeschichtliche  Romane oder Gegenwartsgeschichten schreibe, die sich mit der Vergangenheit auseinandersetzen,&nbsp; passiert dabei viel w\u00e4hrend der Recherche.<br>Und da wir viel mit unserem Wohnmobil unterwegs sind, werde ich auf den zahlreichen Reisen immer sehr inspiriert. Manchmal hilft einfach das Nichtstun und ich habe grandiose Ideen, die von ganz allein kommen. Passiert das, spielt sich in meinem Kopf sofort ein Film ab.<\/p>\n\n\n\n<p>Wenn tats\u00e4chlich mal gar nichts geht, helfen ein Spaziergang oder eine Radtour am Meer oder an den Salzwiesen entlang. Da habe ich es ja nicht weit.<\/p>\n\n\n\n<p><strong>Wo schreiben Sie?<\/strong><\/p>\n\n\n\n<p>Ich bin &#8222;Dorfkind&#8220; und liebe das Land. In der Stadt k\u00f6nnte ich nicht leben, das ist mir zu unruhig. Und so genie\u00dfe ich das  Schreiben in meinem  Arbeitszimmer mit Blick auf die Wiesen und auf eine Windm\u00fchle. Ganz gem\u00fctlich. Oder alles ganz sinnig, wie wir Friesen sagen.  Dazu eine Tasse Tee oder Kaffee, klassische Musik und Kerze an:-) Bei gutem Wetter tut es auch mein Freiluftb\u00fcro. Es gibt schlechtere Arbeitspl\u00e4tze!<br>Na, und von unterwegs schreibe ich im Wohnmobil an sch\u00f6nen Orten<\/p>\n\n\n\n<p>#schreibenundkomponierenansch\u00f6nenorten<\/p>\n\n\n\n<figure class=\"wp-block-gallery has-nested-images columns-3 is-cropped wp-block-gallery-1 is-layout-flex wp-block-gallery-is-layout-flex\">\n<figure class=\"wp-block-image size-large\"><a href=\"https:\/\/www.regine-koelpin.de\/?attachment_id=6638\"><img loading=\"lazy\" decoding=\"async\" width=\"1024\" height=\"614\" data-id=\"6638\" src=\"https:\/\/www.regine-koelpin.de\/wp-content\/uploads\/IMG-20150117-WA0001-1024x614.jpg\" alt=\"\" class=\"wp-image-6638\" srcset=\"https:\/\/www.regine-koelpin.de\/wp-content\/uploads\/IMG-20150117-WA0001-1024x614.jpg 1024w, https:\/\/www.regine-koelpin.de\/wp-content\/uploads\/IMG-20150117-WA0001-300x180.jpg 300w, https:\/\/www.regine-koelpin.de\/wp-content\/uploads\/IMG-20150117-WA0001-768x461.jpg 768w\" sizes=\"auto, (max-width: 1024px) 100vw, 1024px\" \/><\/a><\/figure>\n\n\n\n<figure class=\"wp-block-image size-large\"><a href=\"https:\/\/www.regine-koelpin.de\/?attachment_id=5455\"><img loading=\"lazy\" decoding=\"async\" width=\"512\" height=\"384\" data-id=\"5455\" src=\"https:\/\/www.regine-koelpin.de\/wp-content\/uploads\/1386663463054.jpg\" alt=\"\" class=\"wp-image-5455\" srcset=\"https:\/\/www.regine-koelpin.de\/wp-content\/uploads\/1386663463054.jpg 512w, https:\/\/www.regine-koelpin.de\/wp-content\/uploads\/1386663463054-300x225.jpg 300w\" sizes=\"auto, (max-width: 512px) 100vw, 512px\" \/><\/a><\/figure>\n\n\n\n<figure class=\"wp-block-image size-large\"><a href=\"https:\/\/www.regine-koelpin.de\/?attachment_id=5456\"><img loading=\"lazy\" decoding=\"async\" width=\"575\" height=\"1024\" data-id=\"5456\" src=\"https:\/\/www.regine-koelpin.de\/wp-content\/uploads\/DSC01120.jpg\" alt=\"\" class=\"wp-image-5456\" srcset=\"https:\/\/www.regine-koelpin.de\/wp-content\/uploads\/DSC01120.jpg 575w, https:\/\/www.regine-koelpin.de\/wp-content\/uploads\/DSC01120-168x300.jpg 168w\" sizes=\"auto, (max-width: 575px) 100vw, 575px\" \/><\/a><\/figure>\n\n\n\n<figure class=\"wp-block-image size-large\"><a href=\"https:\/\/www.regine-koelpin.de\/?attachment_id=5454\"><img loading=\"lazy\" decoding=\"async\" width=\"512\" height=\"384\" data-id=\"5454\" src=\"https:\/\/www.regine-koelpin.de\/wp-content\/uploads\/1386663413833.jpg\" alt=\"\" class=\"wp-image-5454\" srcset=\"https:\/\/www.regine-koelpin.de\/wp-content\/uploads\/1386663413833.jpg 512w, https:\/\/www.regine-koelpin.de\/wp-content\/uploads\/1386663413833-300x225.jpg 300w\" sizes=\"auto, (max-width: 512px) 100vw, 512px\" \/><\/a><\/figure>\n\n\n\n<figure class=\"wp-block-image size-large\"><a href=\"https:\/\/www.regine-koelpin.de\/?attachment_id=6498\"><img loading=\"lazy\" decoding=\"async\" width=\"768\" height=\"1024\" data-id=\"6498\" src=\"https:\/\/www.regine-koelpin.de\/wp-content\/uploads\/6b54cec0-21c0-4239-98a5-8fa5dc6fd0d9-768x1024.jpg\" alt=\"\" class=\"wp-image-6498\" srcset=\"https:\/\/www.regine-koelpin.de\/wp-content\/uploads\/6b54cec0-21c0-4239-98a5-8fa5dc6fd0d9-768x1024.jpg 768w, https:\/\/www.regine-koelpin.de\/wp-content\/uploads\/6b54cec0-21c0-4239-98a5-8fa5dc6fd0d9-225x300.jpg 225w, https:\/\/www.regine-koelpin.de\/wp-content\/uploads\/6b54cec0-21c0-4239-98a5-8fa5dc6fd0d9.jpg 1200w\" sizes=\"auto, (max-width: 768px) 100vw, 768px\" \/><\/a><\/figure>\n\n\n\n<figure class=\"wp-block-image size-large\"><a href=\"https:\/\/www.regine-koelpin.de\/?attachment_id=6499\"><img loading=\"lazy\" decoding=\"async\" width=\"1024\" height=\"768\" data-id=\"6499\" src=\"https:\/\/www.regine-koelpin.de\/wp-content\/uploads\/68bdab48-cc91-456e-aafe-8232fd6bcd3d-1024x768.jpg\" alt=\"\" class=\"wp-image-6499\" srcset=\"https:\/\/www.regine-koelpin.de\/wp-content\/uploads\/68bdab48-cc91-456e-aafe-8232fd6bcd3d-1024x768.jpg 1024w, https:\/\/www.regine-koelpin.de\/wp-content\/uploads\/68bdab48-cc91-456e-aafe-8232fd6bcd3d-300x225.jpg 300w, https:\/\/www.regine-koelpin.de\/wp-content\/uploads\/68bdab48-cc91-456e-aafe-8232fd6bcd3d-768x576.jpg 768w, https:\/\/www.regine-koelpin.de\/wp-content\/uploads\/68bdab48-cc91-456e-aafe-8232fd6bcd3d.jpg 1600w\" sizes=\"auto, (max-width: 1024px) 100vw, 1024px\" \/><\/a><\/figure>\n<\/figure>\n","protected":false},"excerpt":{"rendered":"<p>&#8222;Regine K\u00f6lpin liest lebendig, gestenreich und mit wechselnden Stimmen&#8230;&#8220; Niklas Gr\u00f6nitz, NWZ Was bedeutet das Schreiben f\u00fcr Sie? Nicht aufgeben,&hellip;<\/p>\n","protected":false},"author":1,"featured_media":0,"parent":0,"menu_order":0,"comment_status":"closed","ping_status":"closed","template":"","meta":{"footnotes":""},"class_list":["post-7455","page","type-page","status-publish","hentry"],"yoast_head":"<!-- This site is optimized with the Yoast SEO plugin v24.2 - https:\/\/yoast.com\/wordpress\/plugins\/seo\/ -->\n<title>\u00dcbers Schreiben - Regine K\u00f6lpin<\/title>\n<meta name=\"robots\" content=\"index, follow, max-snippet:-1, max-image-preview:large, max-video-preview:-1\" \/>\n<link rel=\"canonical\" href=\"http:\/\/www.regine-koelpin.de\/?page_id=7455\" \/>\n<meta property=\"og:locale\" content=\"de_DE\" \/>\n<meta property=\"og:type\" content=\"article\" \/>\n<meta property=\"og:title\" content=\"\u00dcbers Schreiben - Regine K\u00f6lpin\" \/>\n<meta property=\"og:description\" content=\"&#8222;Regine K\u00f6lpin liest lebendig, gestenreich und mit wechselnden Stimmen&#8230;&#8220; Niklas Gr\u00f6nitz, NWZ Was bedeutet das Schreiben f\u00fcr Sie? Nicht aufgeben,&hellip;\" \/>\n<meta property=\"og:url\" content=\"http:\/\/www.regine-koelpin.de\/?page_id=7455\" \/>\n<meta property=\"og:site_name\" content=\"Regine K\u00f6lpin\" \/>\n<meta property=\"article:modified_time\" content=\"2025-08-13T15:43:09+00:00\" \/>\n<meta property=\"og:image\" content=\"http:\/\/www.regine-koelpin.de\/wp-content\/uploads\/IMG_3663-2-1600x1543.jpg\" \/>\n<meta name=\"twitter:card\" content=\"summary_large_image\" \/>\n<meta name=\"twitter:label1\" content=\"Gesch\u00e4tzte Lesezeit\" \/>\n\t<meta name=\"twitter:data1\" content=\"9\u00a0Minuten\" \/>\n<script type=\"application\/ld+json\" class=\"yoast-schema-graph\">{\"@context\":\"https:\/\/schema.org\",\"@graph\":[{\"@type\":\"WebPage\",\"@id\":\"http:\/\/www.regine-koelpin.de\/?page_id=7455\",\"url\":\"http:\/\/www.regine-koelpin.de\/?page_id=7455\",\"name\":\"\u00dcbers Schreiben - Regine K\u00f6lpin\",\"isPartOf\":{\"@id\":\"http:\/\/www.regine-koelpin.de\/#website\"},\"primaryImageOfPage\":{\"@id\":\"http:\/\/www.regine-koelpin.de\/?page_id=7455#primaryimage\"},\"image\":{\"@id\":\"http:\/\/www.regine-koelpin.de\/?page_id=7455#primaryimage\"},\"thumbnailUrl\":\"http:\/\/www.regine-koelpin.de\/wp-content\/uploads\/IMG_3663-2-1600x1543.jpg\",\"datePublished\":\"2020-10-04T09:39:10+00:00\",\"dateModified\":\"2025-08-13T15:43:09+00:00\",\"breadcrumb\":{\"@id\":\"http:\/\/www.regine-koelpin.de\/?page_id=7455#breadcrumb\"},\"inLanguage\":\"de\",\"potentialAction\":[{\"@type\":\"ReadAction\",\"target\":[\"http:\/\/www.regine-koelpin.de\/?page_id=7455\"]}]},{\"@type\":\"ImageObject\",\"inLanguage\":\"de\",\"@id\":\"http:\/\/www.regine-koelpin.de\/?page_id=7455#primaryimage\",\"url\":\"https:\/\/www.regine-koelpin.de\/wp-content\/uploads\/IMG_3663-2-scaled.jpg\",\"contentUrl\":\"https:\/\/www.regine-koelpin.de\/wp-content\/uploads\/IMG_3663-2-scaled.jpg\",\"width\":2560,\"height\":2469},{\"@type\":\"BreadcrumbList\",\"@id\":\"http:\/\/www.regine-koelpin.de\/?page_id=7455#breadcrumb\",\"itemListElement\":[{\"@type\":\"ListItem\",\"position\":1,\"name\":\"Startseite\",\"item\":\"http:\/\/www.regine-koelpin.de\/\"},{\"@type\":\"ListItem\",\"position\":2,\"name\":\"\u00dcbers Schreiben\"}]},{\"@type\":\"WebSite\",\"@id\":\"http:\/\/www.regine-koelpin.de\/#website\",\"url\":\"http:\/\/www.regine-koelpin.de\/\",\"name\":\"Regine K\u00f6lpin\",\"description\":\"Schriftstellerin\",\"potentialAction\":[{\"@type\":\"SearchAction\",\"target\":{\"@type\":\"EntryPoint\",\"urlTemplate\":\"http:\/\/www.regine-koelpin.de\/?s={search_term_string}\"},\"query-input\":{\"@type\":\"PropertyValueSpecification\",\"valueRequired\":true,\"valueName\":\"search_term_string\"}}],\"inLanguage\":\"de\"}]}<\/script>\n<!-- \/ Yoast SEO plugin. -->","yoast_head_json":{"title":"\u00dcbers Schreiben - Regine K\u00f6lpin","robots":{"index":"index","follow":"follow","max-snippet":"max-snippet:-1","max-image-preview":"max-image-preview:large","max-video-preview":"max-video-preview:-1"},"canonical":"http:\/\/www.regine-koelpin.de\/?page_id=7455","og_locale":"de_DE","og_type":"article","og_title":"\u00dcbers Schreiben - Regine K\u00f6lpin","og_description":"&#8222;Regine K\u00f6lpin liest lebendig, gestenreich und mit wechselnden Stimmen&#8230;&#8220; Niklas Gr\u00f6nitz, NWZ Was bedeutet das Schreiben f\u00fcr Sie? Nicht aufgeben,&hellip;","og_url":"http:\/\/www.regine-koelpin.de\/?page_id=7455","og_site_name":"Regine K\u00f6lpin","article_modified_time":"2025-08-13T15:43:09+00:00","og_image":[{"url":"http:\/\/www.regine-koelpin.de\/wp-content\/uploads\/IMG_3663-2-1600x1543.jpg","type":"","width":"","height":""}],"twitter_card":"summary_large_image","twitter_misc":{"Gesch\u00e4tzte Lesezeit":"9\u00a0Minuten"},"schema":{"@context":"https:\/\/schema.org","@graph":[{"@type":"WebPage","@id":"http:\/\/www.regine-koelpin.de\/?page_id=7455","url":"http:\/\/www.regine-koelpin.de\/?page_id=7455","name":"\u00dcbers Schreiben - Regine K\u00f6lpin","isPartOf":{"@id":"http:\/\/www.regine-koelpin.de\/#website"},"primaryImageOfPage":{"@id":"http:\/\/www.regine-koelpin.de\/?page_id=7455#primaryimage"},"image":{"@id":"http:\/\/www.regine-koelpin.de\/?page_id=7455#primaryimage"},"thumbnailUrl":"http:\/\/www.regine-koelpin.de\/wp-content\/uploads\/IMG_3663-2-1600x1543.jpg","datePublished":"2020-10-04T09:39:10+00:00","dateModified":"2025-08-13T15:43:09+00:00","breadcrumb":{"@id":"http:\/\/www.regine-koelpin.de\/?page_id=7455#breadcrumb"},"inLanguage":"de","potentialAction":[{"@type":"ReadAction","target":["http:\/\/www.regine-koelpin.de\/?page_id=7455"]}]},{"@type":"ImageObject","inLanguage":"de","@id":"http:\/\/www.regine-koelpin.de\/?page_id=7455#primaryimage","url":"https:\/\/www.regine-koelpin.de\/wp-content\/uploads\/IMG_3663-2-scaled.jpg","contentUrl":"https:\/\/www.regine-koelpin.de\/wp-content\/uploads\/IMG_3663-2-scaled.jpg","width":2560,"height":2469},{"@type":"BreadcrumbList","@id":"http:\/\/www.regine-koelpin.de\/?page_id=7455#breadcrumb","itemListElement":[{"@type":"ListItem","position":1,"name":"Startseite","item":"http:\/\/www.regine-koelpin.de\/"},{"@type":"ListItem","position":2,"name":"\u00dcbers Schreiben"}]},{"@type":"WebSite","@id":"http:\/\/www.regine-koelpin.de\/#website","url":"http:\/\/www.regine-koelpin.de\/","name":"Regine K\u00f6lpin","description":"Schriftstellerin","potentialAction":[{"@type":"SearchAction","target":{"@type":"EntryPoint","urlTemplate":"http:\/\/www.regine-koelpin.de\/?s={search_term_string}"},"query-input":{"@type":"PropertyValueSpecification","valueRequired":true,"valueName":"search_term_string"}}],"inLanguage":"de"}]}},"_links":{"self":[{"href":"https:\/\/www.regine-koelpin.de\/index.php?rest_route=\/wp\/v2\/pages\/7455","targetHints":{"allow":["GET"]}}],"collection":[{"href":"https:\/\/www.regine-koelpin.de\/index.php?rest_route=\/wp\/v2\/pages"}],"about":[{"href":"https:\/\/www.regine-koelpin.de\/index.php?rest_route=\/wp\/v2\/types\/page"}],"author":[{"embeddable":true,"href":"https:\/\/www.regine-koelpin.de\/index.php?rest_route=\/wp\/v2\/users\/1"}],"replies":[{"embeddable":true,"href":"https:\/\/www.regine-koelpin.de\/index.php?rest_route=%2Fwp%2Fv2%2Fcomments&post=7455"}],"version-history":[{"count":1,"href":"https:\/\/www.regine-koelpin.de\/index.php?rest_route=\/wp\/v2\/pages\/7455\/revisions"}],"predecessor-version":[{"id":9287,"href":"https:\/\/www.regine-koelpin.de\/index.php?rest_route=\/wp\/v2\/pages\/7455\/revisions\/9287"}],"wp:attachment":[{"href":"https:\/\/www.regine-koelpin.de\/index.php?rest_route=%2Fwp%2Fv2%2Fmedia&parent=7455"}],"curies":[{"name":"wp","href":"https:\/\/api.w.org\/{rel}","templated":true}]}}