{"id":7450,"date":"2020-10-04T11:36:24","date_gmt":"2020-10-04T09:36:24","guid":{"rendered":"http:\/\/www.regine-koelpin.de\/?page_id=7450"},"modified":"2025-12-10T10:41:25","modified_gmt":"2025-12-10T08:41:25","slug":"steckbrief","status":"publish","type":"page","link":"https:\/\/www.regine-koelpin.de\/?page_id=7450","title":{"rendered":"Steckbrief"},"content":{"rendered":"\n<p><em>\u201eWunderbar leicht und lustig<\/em>.\u201c &nbsp;<strong>Das Neue Blatt\u201c \u00fcber Regine K\u00f6lpins \u201eOma geht campen\u201c<\/strong><\/p>\n\n\n\n<figure class=\"wp-block-image size-large\"><img loading=\"lazy\" decoding=\"async\" width=\"418\" height=\"627\" src=\"http:\/\/www.regine-koelpin.de\/wp-content\/uploads\/Koelpin_Regine_-Marion-Erdwiens-.-jpg.jpg\" alt=\"\" class=\"wp-image-8263\"\/><\/figure>\n\n\n\n<p>Eine Pressebiografie finden Sie unter: <a href=\"\/?p=85\">Vita<\/a><\/p>\n\n\n\n<h2 class=\"wp-block-heading\">W\u00e4hle einen Beruf den Du liebst &#8211; und Du brauchst keinen Tag in Deinem Leben mehr zu arbeiten.<br>Konfuzius&nbsp;<\/h2>\n\n\n\n<p><strong>Sternzeichen<\/strong><strong>:<\/strong> Wassermann &nbsp;<\/p>\n\n\n\n<p><strong>Wohnort:<\/strong><\/p>\n\n\n\n<p>An der friesischen Nordseek\u00fcste<\/p>\n\n\n\n<p><strong>Hobbys:&nbsp;<\/strong><\/p>\n\n\n\n<p><strong><em>Reisen<\/em><\/strong>: Wir lieben das Reisen mit dem Wohnmobil und sind oft wochenlang in ganz Europa unterwegs und lassen uns f\u00fcr unsere Projekte neu inspirieren.<\/p>\n\n\n\n<p><strong><em>Lesen<\/em>&nbsp;:<\/strong>&nbsp;  Fast alle Genres und ganz sch\u00f6n viel!<\/p>\n\n\n\n<p><strong><em>N\u00e4hen<\/em><\/strong>: Ich n\u00e4he die Anziehsachen f\u00fcr meine Enkel selbst und kreiere auch neue Modelle. Au\u00dferdem liebe ich es, Taschen Accessoires und Hosen f\u00fcr mich selbst zu entwerfen und zu n\u00e4hen .<\/p>\n\n\n\n<p><strong><em>Stricken\/H\u00e4keln<\/em><\/strong>:&nbsp; Ein wunderbares und kreatives Hobby!<\/p>\n\n\n\n<p><strong><em>Spinnen<\/em><\/strong>: Ich spinne nicht nur Geschichten, nein, schon von Jugendzeiten an kann ich auch ein Spinnrad bedienen. Wolle spinnen ist an langen Winterabend sehr entspannend und inspirierend.<\/p>\n\n\n\n<p><strong><em>Radfahren<\/em><\/strong>: Ich radle nicht nur gern zu Hause durch die Weite der Marsch oder ans Meer. Auch im Urlaub legen wir viele Kilometer zur\u00fcck und erkunden die Gegend.<\/p>\n\n\n\n<p><strong>Lieblingsfarben:&nbsp;<\/strong><\/p>\n\n\n\n<p>Ingigo und rot<\/p>\n\n\n\n<p><strong>Lieblingsessen:&nbsp;<\/strong><\/p>\n\n\n\n<ul class=\"wp-block-list\">\n<li>Ostfriesischer Gr\u00fcnkohl im Winter<\/li>\n\n\n\n<li>&nbsp;Spanische Paella mit Meeresfr\u00fcchten und Fisch<\/li>\n\n\n\n<li>&nbsp;Spaghetti mit selbstgemachter Pesto und Garnelen<\/li>\n<\/ul>\n\n\n\n<p>(bei den letzten beiden Gerichten ist mein Mann ein Meisterkoch)<\/p>\n\n\n\n<p><strong>Lieblingsreiseziele:&nbsp;<\/strong><\/p>\n\n\n\n<p><strong>Europa.<\/strong> Dort gibt es so wunderbare Ecken, die man bereisen kann, dass Fernreisen oder Fl\u00fcge f\u00fcr mich unn\u00f6tig sind. Mein Mann und ich sind begeisterte Wohnmobilisten, lieben dieses &#8222;Heute hier, morgen dort &#8230;&#8220; und erkunden auf diese Weise gern unser eigenes Land oder eben alle L\u00e4nder drumherum.<\/p>\n\n\n\n<p>Die Welt ist doch viel zu sch\u00f6n, um einfach dar\u00fcber hinwegzufliegen:-)<\/p>\n\n\n\n<p><strong>Engagement<\/strong><strong>:<\/strong><\/p>\n\n\n\n<ul class=\"wp-block-list\">\n<li>Ich bin Mitglied im Verein<a href=\"https:\/\/harmonyfuertogo.de\/\"> Harmony f\u00fcr Togo<\/a>. Wir engagieren uns in Togo mit dem Bau eines Altenheimes oder unterst\u00fctzen Kinder durch Patenschaften.<\/li>\n\n\n\n<li>Ich engagiere ich mich im Verein <a href=\"https:\/\/www.lehrerohnegrenzen.com\/\" target=\"_blank\" rel=\"noreferrer noopener\">Lehrerinnen und Lehrer ohne Grenzen e.V.<\/a>. Wir unterst\u00fctzen den Aufbau von Schulen und der Versorgung drumherum in vielen armen L\u00e4ndern. (Ich bin dort Mitglied, auch wenn ich keine Lehrerin bin, aber mich \u00fcberzeugt die Arbeit)<\/li>\n\n\n\n<li>Ich geh\u00f6re der Gruppe der Autorinnen und Autoren an, die f\u00fcr Obdachlose stricken, um ihnen das Leben drau\u00dfen ertr\u00e4glicher zu machen. Die Dankbarkeit ist enorm und das motiviert.<br><br>Es ist mir immer wieder eine Herzensangelegenheit, mich als Vielfachmutter und Oma f\u00fcr die \u00c4rmsten der Welt einzusetzen.<\/li>\n<\/ul>\n\n\n\n<p><strong>Was m\u00f6gen Sie nicht?<\/strong><\/p>\n\n\n\n<p>&nbsp;&nbsp;&nbsp;&nbsp;&nbsp;&nbsp;&nbsp;&nbsp;&nbsp;&nbsp; Neid, Falschheit und Arroganz. <\/p>\n\n\n\n<p><strong>Was m\u00f6gen Sie?<\/strong><br><br>Ich bin ein durch und durch zufriedener und dankbarer Mensch, denn das Leben hat mich reich beschenkt. Die sch\u00f6nsten Momente sind f\u00fcr mich allerdings nicht der berufliche Erfolg, auch wenn ich ihn genie\u00dfe, aber wahres Gl\u00fcck empfinde ich im Zusammensein mit meiner gro\u00dfen Familie, an der Hand meines Mannes, beim Lachen meiner Kinder, Schwiegerkinder und Enkel. Und mein Herz schl\u00e4gt vor Freude schneller, wenn ich in der Natur sein darf, ein Vogelschwarm \u00fcber mich hinwegzieht oder das Meer rauscht. Und ich empfinde gro\u00dfes Gl\u00fcck, wenn mein Mann und ich mit dem Wohnmobil auf Reisen sind und die Sch\u00f6nheit der Welt bestaunen d\u00fcrfen.<br>Kurzum: Ich liebe das Leben.<br><\/p>\n\n\n\n<p><strong>Was war Ihre sch\u00f6nste Lesung?<\/strong><\/p>\n\n\n\n<p><\/p>\n\n\n\n<p>Da gibt es eine Menge, die mir sehr gut im Ged\u00e4chtnis geblieben sind. <br><br>Aber die absolut spektakul\u00e4rste Lesereise war die mit der <strong>Mein Schiff 3 zum Nordkap.<\/strong> 14 Tage sind wir auf dem Kreuzfahrtschiff die K\u00fcste hochgefahren, haben Nordlicher gesehen und tief verschneite Gegenden. Uns ist ein Elch \u00fcber den Weg gelaufen, dann diese Einzigartigkeit der kurzen Tage mit der blauen Stunde. Ich habe drei Lesungen, eine Signiersunde und einen Schreibworkshop  und f\u00fcnf wunderbare Kolleginnen und Kollegen an meiner Seite gehabt. Es war gaz klasse organisiert. Wir wurden immer angesagt, in den Flyern vorgestellt und auf Beamern pr\u00e4sentiert. Wir haben u.a. im Theater gelesen, aber alles wurde auch auf die Kabinen \u00fcbertragen. Unvergesslich!<br> <br>Spannend war aber auch die vom KBV- Verlag organisierte Deutschlandtournee mit der <a href=\"http:\/\/www.regine-koelpin.de\/?p=130\" target=\"_blank\" rel=\"noreferrer noopener\">Krimi-Caravan -Tour<\/a>,\u00a0 wo\u00a0 ich mit dem Krimi-Caravan 1400 Kilometer durch Deutschland getourt bin und auf verschiedenen Campingpl\u00e4tzen gelesen habe.<\/p>\n\n\n\n<p>Dann fand ich es wunderbar, sch\u00f6n mehrfach im Ausland lesen zu d\u00fcrfen.  Ich war in Wien, aber auch schon dreimal in Portugal zu Gast. Dort leben viele Deutsche und es gibt ein wunderbares Kulturprogramm. <\/p>\n\n\n\n<p>Im Jahr 2020 war ich in D\u00e4nemark bei der deutschen Minderheit in Tondern eingeladen.<br>zur <a href=\"https:\/\/nordschleswiger.dk\/de\/tondern\/humorvolles-und-knackiges-aus-oma-schreibstube\">Presse<\/a><\/p>\n\n\n\n<p>Das waren schon sehr besondere Erlebnisse, die ich nicht missen m\u00f6chte.<\/p>\n\n\n\n<p><strong>Lebensmotto:<\/strong><\/p>\n\n\n\n<p>Es gibt neben dem Zitat von <strong>Konfuzius<\/strong>, das ich sehr mag:<\/p>\n\n\n\n<p><em>W\u00e4hle einen Beruf den Du liebst &#8211; und Du brauchst keinen Tag in Deinem Leben mehr zu arbeiten<\/em>.<\/p>\n\n\n\n<p>Einen weiteren Spruch hat mir meine Grundschullehrerin mal mit auf den Weg gegeben und der begleitet mich schon mein Leben lang.<\/p>\n\n\n\n<p><strong>&nbsp;Seneca:<\/strong><\/p>\n\n\n\n<p>&#8222;<em>Wer seinen Geist froh h\u00e4lt und an allen Dingen nur die gute Seite sieht, wer sich nie geistig unterkriegen, sondern immer den Kopf oben und den Mut im Herzen beh\u00e4lt, der setzt jene feinen Kr\u00e4fte in Bewegung, die ihm jeden Schritt im Leben leichter machen.&#8220;<\/em><\/p>\n\n\n\n<p><strong>Zum Ende:<\/strong><\/p>\n\n\n\n<p>Ich liebe meine Familie und meinen Beruf \u00fcber alles!<\/p>\n","protected":false},"excerpt":{"rendered":"<p>\u201eWunderbar leicht und lustig.\u201c &nbsp;Das Neue Blatt\u201c \u00fcber Regine K\u00f6lpins \u201eOma geht campen\u201c Eine Pressebiografie finden Sie unter: Vita W\u00e4hle&hellip;<\/p>\n","protected":false},"author":1,"featured_media":0,"parent":0,"menu_order":0,"comment_status":"closed","ping_status":"closed","template":"","meta":{"footnotes":""},"class_list":["post-7450","page","type-page","status-publish","hentry"],"yoast_head":"<!-- This site is optimized with the Yoast SEO plugin v24.2 - https:\/\/yoast.com\/wordpress\/plugins\/seo\/ -->\n<title>Steckbrief - Regine K\u00f6lpin<\/title>\n<meta name=\"robots\" content=\"index, follow, max-snippet:-1, max-image-preview:large, max-video-preview:-1\" \/>\n<link rel=\"canonical\" href=\"https:\/\/www.regine-koelpin.de\/?page_id=7450\" \/>\n<meta property=\"og:locale\" content=\"de_DE\" \/>\n<meta property=\"og:type\" content=\"article\" \/>\n<meta property=\"og:title\" content=\"Steckbrief - Regine K\u00f6lpin\" \/>\n<meta property=\"og:description\" content=\"\u201eWunderbar leicht und lustig.\u201c &nbsp;Das Neue Blatt\u201c \u00fcber Regine K\u00f6lpins \u201eOma geht campen\u201c Eine Pressebiografie finden Sie unter: Vita W\u00e4hle&hellip;\" \/>\n<meta property=\"og:url\" content=\"https:\/\/www.regine-koelpin.de\/?page_id=7450\" \/>\n<meta property=\"og:site_name\" content=\"Regine K\u00f6lpin\" \/>\n<meta property=\"article:modified_time\" content=\"2025-12-10T08:41:25+00:00\" \/>\n<meta property=\"og:image\" content=\"https:\/\/www.regine-koelpin.de\/wp-content\/uploads\/Koelpin_Regine_-Marion-Erdwiens-.-jpg.jpg\" \/>\n\t<meta property=\"og:image:width\" content=\"418\" \/>\n\t<meta property=\"og:image:height\" content=\"627\" \/>\n\t<meta property=\"og:image:type\" content=\"image\/jpeg\" \/>\n<meta name=\"twitter:card\" content=\"summary_large_image\" \/>\n<meta name=\"twitter:label1\" content=\"Gesch\u00e4tzte Lesezeit\" \/>\n\t<meta name=\"twitter:data1\" content=\"5\u00a0Minuten\" \/>\n<script type=\"application\/ld+json\" class=\"yoast-schema-graph\">{\"@context\":\"https:\/\/schema.org\",\"@graph\":[{\"@type\":\"WebPage\",\"@id\":\"https:\/\/www.regine-koelpin.de\/?page_id=7450\",\"url\":\"https:\/\/www.regine-koelpin.de\/?page_id=7450\",\"name\":\"Steckbrief - Regine K\u00f6lpin\",\"isPartOf\":{\"@id\":\"https:\/\/www.regine-koelpin.de\/#website\"},\"primaryImageOfPage\":{\"@id\":\"https:\/\/www.regine-koelpin.de\/?page_id=7450#primaryimage\"},\"image\":{\"@id\":\"https:\/\/www.regine-koelpin.de\/?page_id=7450#primaryimage\"},\"thumbnailUrl\":\"http:\/\/www.regine-koelpin.de\/wp-content\/uploads\/Koelpin_Regine_-Marion-Erdwiens-.-jpg.jpg\",\"datePublished\":\"2020-10-04T09:36:24+00:00\",\"dateModified\":\"2025-12-10T08:41:25+00:00\",\"breadcrumb\":{\"@id\":\"https:\/\/www.regine-koelpin.de\/?page_id=7450#breadcrumb\"},\"inLanguage\":\"de\",\"potentialAction\":[{\"@type\":\"ReadAction\",\"target\":[\"https:\/\/www.regine-koelpin.de\/?page_id=7450\"]}]},{\"@type\":\"ImageObject\",\"inLanguage\":\"de\",\"@id\":\"https:\/\/www.regine-koelpin.de\/?page_id=7450#primaryimage\",\"url\":\"https:\/\/www.regine-koelpin.de\/wp-content\/uploads\/Koelpin_Regine_-Marion-Erdwiens-.-jpg.jpg\",\"contentUrl\":\"https:\/\/www.regine-koelpin.de\/wp-content\/uploads\/Koelpin_Regine_-Marion-Erdwiens-.-jpg.jpg\",\"width\":418,\"height\":627},{\"@type\":\"BreadcrumbList\",\"@id\":\"https:\/\/www.regine-koelpin.de\/?page_id=7450#breadcrumb\",\"itemListElement\":[{\"@type\":\"ListItem\",\"position\":1,\"name\":\"Startseite\",\"item\":\"https:\/\/www.regine-koelpin.de\/\"},{\"@type\":\"ListItem\",\"position\":2,\"name\":\"Steckbrief\"}]},{\"@type\":\"WebSite\",\"@id\":\"https:\/\/www.regine-koelpin.de\/#website\",\"url\":\"https:\/\/www.regine-koelpin.de\/\",\"name\":\"Regine K\u00f6lpin\",\"description\":\"Schriftstellerin\",\"potentialAction\":[{\"@type\":\"SearchAction\",\"target\":{\"@type\":\"EntryPoint\",\"urlTemplate\":\"https:\/\/www.regine-koelpin.de\/?s={search_term_string}\"},\"query-input\":{\"@type\":\"PropertyValueSpecification\",\"valueRequired\":true,\"valueName\":\"search_term_string\"}}],\"inLanguage\":\"de\"}]}<\/script>\n<!-- \/ Yoast SEO plugin. -->","yoast_head_json":{"title":"Steckbrief - Regine K\u00f6lpin","robots":{"index":"index","follow":"follow","max-snippet":"max-snippet:-1","max-image-preview":"max-image-preview:large","max-video-preview":"max-video-preview:-1"},"canonical":"https:\/\/www.regine-koelpin.de\/?page_id=7450","og_locale":"de_DE","og_type":"article","og_title":"Steckbrief - Regine K\u00f6lpin","og_description":"\u201eWunderbar leicht und lustig.\u201c &nbsp;Das Neue Blatt\u201c \u00fcber Regine K\u00f6lpins \u201eOma geht campen\u201c Eine Pressebiografie finden Sie unter: Vita W\u00e4hle&hellip;","og_url":"https:\/\/www.regine-koelpin.de\/?page_id=7450","og_site_name":"Regine K\u00f6lpin","article_modified_time":"2025-12-10T08:41:25+00:00","og_image":[{"width":418,"height":627,"url":"https:\/\/www.regine-koelpin.de\/wp-content\/uploads\/Koelpin_Regine_-Marion-Erdwiens-.-jpg.jpg","type":"image\/jpeg"}],"twitter_card":"summary_large_image","twitter_misc":{"Gesch\u00e4tzte Lesezeit":"5\u00a0Minuten"},"schema":{"@context":"https:\/\/schema.org","@graph":[{"@type":"WebPage","@id":"https:\/\/www.regine-koelpin.de\/?page_id=7450","url":"https:\/\/www.regine-koelpin.de\/?page_id=7450","name":"Steckbrief - Regine K\u00f6lpin","isPartOf":{"@id":"https:\/\/www.regine-koelpin.de\/#website"},"primaryImageOfPage":{"@id":"https:\/\/www.regine-koelpin.de\/?page_id=7450#primaryimage"},"image":{"@id":"https:\/\/www.regine-koelpin.de\/?page_id=7450#primaryimage"},"thumbnailUrl":"http:\/\/www.regine-koelpin.de\/wp-content\/uploads\/Koelpin_Regine_-Marion-Erdwiens-.-jpg.jpg","datePublished":"2020-10-04T09:36:24+00:00","dateModified":"2025-12-10T08:41:25+00:00","breadcrumb":{"@id":"https:\/\/www.regine-koelpin.de\/?page_id=7450#breadcrumb"},"inLanguage":"de","potentialAction":[{"@type":"ReadAction","target":["https:\/\/www.regine-koelpin.de\/?page_id=7450"]}]},{"@type":"ImageObject","inLanguage":"de","@id":"https:\/\/www.regine-koelpin.de\/?page_id=7450#primaryimage","url":"https:\/\/www.regine-koelpin.de\/wp-content\/uploads\/Koelpin_Regine_-Marion-Erdwiens-.-jpg.jpg","contentUrl":"https:\/\/www.regine-koelpin.de\/wp-content\/uploads\/Koelpin_Regine_-Marion-Erdwiens-.-jpg.jpg","width":418,"height":627},{"@type":"BreadcrumbList","@id":"https:\/\/www.regine-koelpin.de\/?page_id=7450#breadcrumb","itemListElement":[{"@type":"ListItem","position":1,"name":"Startseite","item":"https:\/\/www.regine-koelpin.de\/"},{"@type":"ListItem","position":2,"name":"Steckbrief"}]},{"@type":"WebSite","@id":"https:\/\/www.regine-koelpin.de\/#website","url":"https:\/\/www.regine-koelpin.de\/","name":"Regine K\u00f6lpin","description":"Schriftstellerin","potentialAction":[{"@type":"SearchAction","target":{"@type":"EntryPoint","urlTemplate":"https:\/\/www.regine-koelpin.de\/?s={search_term_string}"},"query-input":{"@type":"PropertyValueSpecification","valueRequired":true,"valueName":"search_term_string"}}],"inLanguage":"de"}]}},"_links":{"self":[{"href":"https:\/\/www.regine-koelpin.de\/index.php?rest_route=\/wp\/v2\/pages\/7450","targetHints":{"allow":["GET"]}}],"collection":[{"href":"https:\/\/www.regine-koelpin.de\/index.php?rest_route=\/wp\/v2\/pages"}],"about":[{"href":"https:\/\/www.regine-koelpin.de\/index.php?rest_route=\/wp\/v2\/types\/page"}],"author":[{"embeddable":true,"href":"https:\/\/www.regine-koelpin.de\/index.php?rest_route=\/wp\/v2\/users\/1"}],"replies":[{"embeddable":true,"href":"https:\/\/www.regine-koelpin.de\/index.php?rest_route=%2Fwp%2Fv2%2Fcomments&post=7450"}],"version-history":[{"count":1,"href":"https:\/\/www.regine-koelpin.de\/index.php?rest_route=\/wp\/v2\/pages\/7450\/revisions"}],"predecessor-version":[{"id":9344,"href":"https:\/\/www.regine-koelpin.de\/index.php?rest_route=\/wp\/v2\/pages\/7450\/revisions\/9344"}],"wp:attachment":[{"href":"https:\/\/www.regine-koelpin.de\/index.php?rest_route=%2Fwp%2Fv2%2Fmedia&parent=7450"}],"curies":[{"name":"wp","href":"https:\/\/api.w.org\/{rel}","templated":true}]}}