{"id":7410,"date":"2020-10-03T22:44:33","date_gmt":"2020-10-03T20:44:33","guid":{"rendered":"http:\/\/www.regine-koelpin.de\/?page_id=7410"},"modified":"2020-10-04T12:47:55","modified_gmt":"2020-10-04T10:47:55","slug":"publikationen","status":"publish","type":"page","link":"https:\/\/www.regine-koelpin.de\/?page_id=7410","title":{"rendered":"Publikationen"},"content":{"rendered":"\n<p>Als langj\u00e4hrige Autorin haben sich viele verschiedene Genres angesammelt, in denen Regine K\u00f6lpin publiziert hat. Sie stellt sich dabei als eine sehr vielseitige Autorin heraus.<\/p>\n\n\n\n<div class=\"wp-block-media-text alignwide is-stacked-on-mobile\" style=\"grid-template-columns:15% auto\"><figure class=\"wp-block-media-text__media\"><img loading=\"lazy\" decoding=\"async\" width=\"657\" height=\"1024\" src=\"http:\/\/www.regine-koelpin.de\/wp-content\/uploads\/K\u00f6lpin-REgine_Nordseehof_Band-1_neues-Cover-002-657x1024.jpg\" alt=\"\" class=\"wp-image-7321\" srcset=\"https:\/\/www.regine-koelpin.de\/wp-content\/uploads\/K\u00f6lpin-REgine_Nordseehof_Band-1_neues-Cover-002-657x1024.jpg 657w, https:\/\/www.regine-koelpin.de\/wp-content\/uploads\/K\u00f6lpin-REgine_Nordseehof_Band-1_neues-Cover-002-193x300.jpg 193w, https:\/\/www.regine-koelpin.de\/wp-content\/uploads\/K\u00f6lpin-REgine_Nordseehof_Band-1_neues-Cover-002-768x1197.jpg 768w, https:\/\/www.regine-koelpin.de\/wp-content\/uploads\/K\u00f6lpin-REgine_Nordseehof_Band-1_neues-Cover-002.jpg 1654w\" sizes=\"auto, (max-width: 657px) 100vw, 657px\" \/><\/figure><div class=\"wp-block-media-text__content\">\n<p class=\"has-large-font-size\"><a href=\"http:\/\/www.regine-koelpin.de\/?page_id=7157\">Zeitgeschichte<\/a><\/p>\n<\/div><\/div>\n\n\n\n<div class=\"wp-block-media-text alignwide is-stacked-on-mobile\" style=\"grid-template-columns:15% auto\"><figure class=\"wp-block-media-text__media\"><img loading=\"lazy\" decoding=\"async\" width=\"300\" height=\"500\" src=\"http:\/\/www.regine-koelpin.de\/wp-content\/uploads\/51cd93tVEhL-1.jpg\" alt=\"\" class=\"wp-image-7557\"\/><\/figure><div class=\"wp-block-media-text__content\">\n<p class=\"has-large-font-size\"><a href=\"http:\/\/www.regine-koelpin.de\/?page_id=7513\">Kriminalromane<\/a><\/p>\n<\/div><\/div>\n\n\n\n<div class=\"wp-block-media-text alignwide is-stacked-on-mobile\" style=\"grid-template-columns:15% auto\"><figure class=\"wp-block-media-text__media\"><img loading=\"lazy\" decoding=\"async\" width=\"371\" height=\"553\" src=\"http:\/\/www.regine-koelpin.de\/wp-content\/uploads\/Koelpin_Oma_Kurve_4.jpg\" alt=\"\" class=\"wp-image-6718\" srcset=\"https:\/\/www.regine-koelpin.de\/wp-content\/uploads\/Koelpin_Oma_Kurve_4.jpg 371w, https:\/\/www.regine-koelpin.de\/wp-content\/uploads\/Koelpin_Oma_Kurve_4-201x300.jpg 201w\" sizes=\"auto, (max-width: 371px) 100vw, 371px\" \/><\/figure><div class=\"wp-block-media-text__content\">\n<p class=\"has-large-font-size\"><a href=\"http:\/\/www.regine-koelpin.de\/?page_id=7508\">Humorvolle Omas f\u00fcr jede Lebenslage<\/a><\/p>\n<\/div><\/div>\n\n\n\n<div class=\"wp-block-media-text alignwide is-stacked-on-mobile\" style=\"grid-template-columns:15% auto\"><figure class=\"wp-block-media-text__media\"><img loading=\"lazy\" decoding=\"async\" width=\"370\" height=\"541\" src=\"http:\/\/www.regine-koelpin.de\/wp-content\/uploads\/9783841506290.jpg\" alt=\"\" class=\"wp-image-6945\" srcset=\"https:\/\/www.regine-koelpin.de\/wp-content\/uploads\/9783841506290.jpg 370w, https:\/\/www.regine-koelpin.de\/wp-content\/uploads\/9783841506290-205x300.jpg 205w\" sizes=\"auto, (max-width: 370px) 100vw, 370px\" \/><\/figure><div class=\"wp-block-media-text__content\">\n<p class=\"has-large-font-size\"><a href=\"http:\/\/www.regine-koelpin.de\/?page_id=7518\">Kinder- und Jugendb\u00fccher<\/a><\/p>\n<\/div><\/div>\n\n\n\n<div class=\"wp-block-media-text alignwide is-stacked-on-mobile\" style=\"grid-template-columns:15% auto\"><figure class=\"wp-block-media-text__media\"><a href=\"http:\/\/www.regine-koelpin.de\/?p=112\"><img loading=\"lazy\" decoding=\"async\" width=\"215\" height=\"320\" src=\"http:\/\/www.regine-koelpin.de\/wp-content\/uploads\/Lebenspflueckerin.jpg-Einf.jpg\" alt=\"\" class=\"wp-image-6369\" srcset=\"https:\/\/www.regine-koelpin.de\/wp-content\/uploads\/Lebenspflueckerin.jpg-Einf.jpg 215w, https:\/\/www.regine-koelpin.de\/wp-content\/uploads\/Lebenspflueckerin.jpg-Einf-202x300.jpg 202w\" sizes=\"auto, (max-width: 215px) 100vw, 215px\" \/><\/a><\/figure><div class=\"wp-block-media-text__content\">\n<p class=\"has-large-font-size\"><a href=\"http:\/\/www.regine-koelpin.de\/?page_id=7523\">Historische Romane<\/a><\/p>\n<\/div><\/div>\n\n\n\n<div class=\"wp-block-media-text alignwide is-stacked-on-mobile\" style=\"grid-template-columns:15% auto\"><figure class=\"wp-block-media-text__media\"><img loading=\"lazy\" decoding=\"async\" width=\"449\" height=\"552\" src=\"http:\/\/www.regine-koelpin.de\/wp-content\/uploads\/Cover-Kamin.jpg\" alt=\"\" class=\"wp-image-7085\" srcset=\"https:\/\/www.regine-koelpin.de\/wp-content\/uploads\/Cover-Kamin.jpg 449w, https:\/\/www.regine-koelpin.de\/wp-content\/uploads\/Cover-Kamin-244x300.jpg 244w\" sizes=\"auto, (max-width: 449px) 100vw, 449px\" \/><\/figure><div class=\"wp-block-media-text__content\">\n<p class=\"has-large-font-size\"><a href=\"http:\/\/www.regine-koelpin.de\/?page_id=6127\">Geschenkb\u00fccher<\/a><\/p>\n<\/div><\/div>\n\n\n\n<div class=\"wp-block-media-text alignwide is-stacked-on-mobile\" style=\"grid-template-columns:15% auto\"><figure class=\"wp-block-media-text__media\"><img loading=\"lazy\" decoding=\"async\" width=\"269\" height=\"450\" src=\"http:\/\/www.regine-koelpin.de\/wp-content\/uploads\/M\u00f6rderisches-Usedom.jpg\" alt=\"\" class=\"wp-image-5548\" srcset=\"https:\/\/www.regine-koelpin.de\/wp-content\/uploads\/M\u00f6rderisches-Usedom.jpg 269w, https:\/\/www.regine-koelpin.de\/wp-content\/uploads\/M\u00f6rderisches-Usedom-179x300.jpg 179w\" sizes=\"auto, (max-width: 269px) 100vw, 269px\" \/><\/figure><div class=\"wp-block-media-text__content\">\n<p class=\"has-large-font-size\"><a href=\"http:\/\/www.regine-koelpin.de\/?page_id=7528\">Kriminelle Reisef\u00fchrer<\/a><\/p>\n<\/div><\/div>\n\n\n\n<div class=\"wp-block-media-text alignwide is-stacked-on-mobile\" style=\"grid-template-columns:15% auto\"><figure class=\"wp-block-media-text__media\"><img loading=\"lazy\" decoding=\"async\" width=\"529\" height=\"850\" src=\"http:\/\/www.regine-koelpin.de\/wp-content\/uploads\/Inselm\u00f6rder.jpg\" alt=\"\" class=\"wp-image-6706\" srcset=\"https:\/\/www.regine-koelpin.de\/wp-content\/uploads\/Inselm\u00f6rder.jpg 529w, https:\/\/www.regine-koelpin.de\/wp-content\/uploads\/Inselm\u00f6rder-187x300.jpg 187w\" sizes=\"auto, (max-width: 529px) 100vw, 529px\" \/><\/figure><div class=\"wp-block-media-text__content\">\n<p class=\"has-large-font-size\"><a href=\"http:\/\/www.regine-koelpin.de\/?page_id=7533\">Herausgaben<\/a><\/p>\n<\/div><\/div>\n\n\n\n<div class=\"wp-block-media-text alignwide is-stacked-on-mobile\" style=\"grid-template-columns:15% auto\"><figure class=\"wp-block-media-text__media\"><img loading=\"lazy\" decoding=\"async\" width=\"329\" height=\"499\" src=\"http:\/\/www.regine-koelpin.de\/wp-content\/uploads\/41P2vksBr8L._SX327_BO1204203200_.jpg\" alt=\"\" class=\"wp-image-7205\" srcset=\"https:\/\/www.regine-koelpin.de\/wp-content\/uploads\/41P2vksBr8L._SX327_BO1204203200_.jpg 329w, https:\/\/www.regine-koelpin.de\/wp-content\/uploads\/41P2vksBr8L._SX327_BO1204203200_-198x300.jpg 198w\" sizes=\"auto, (max-width: 329px) 100vw, 329px\" \/><\/figure><div class=\"wp-block-media-text__content\">\n<p class=\"has-large-font-size\"><a href=\"http:\/\/www.regine-koelpin.de\/?page_id=7538\">Kurzkrimis<\/a><\/p>\n<\/div><\/div>\n\n\n\n<div class=\"wp-block-media-text alignwide is-stacked-on-mobile\" style=\"grid-template-columns:15% auto\"><figure class=\"wp-block-media-text__media\"><a href=\"http:\/\/www.regine-koelpin.de\/?p=118\"><img loading=\"lazy\" decoding=\"async\" width=\"366\" height=\"499\" src=\"http:\/\/www.regine-koelpin.de\/wp-content\/uploads\/Josef-geraucht.jpg\" alt=\"\" class=\"wp-image-7286\" srcset=\"https:\/\/www.regine-koelpin.de\/wp-content\/uploads\/Josef-geraucht.jpg 366w, https:\/\/www.regine-koelpin.de\/wp-content\/uploads\/Josef-geraucht-220x300.jpg 220w\" sizes=\"auto, (max-width: 366px) 100vw, 366px\" \/><\/a><\/figure><div class=\"wp-block-media-text__content\">\n<p class=\"has-large-font-size\"><a href=\"http:\/\/www.regine-koelpin.de\/?page_id=7543\">Kurzgeschichten<\/a><\/p>\n<\/div><\/div>\n\n\n\n<div class=\"wp-block-media-text alignwide is-stacked-on-mobile\" style=\"grid-template-columns:15% auto\"><figure class=\"wp-block-media-text__media\"><a href=\"http:\/\/www.regine-koelpin.de\/?p=118\"><img loading=\"lazy\" decoding=\"async\" width=\"724\" height=\"1024\" src=\"http:\/\/www.regine-koelpin.de\/wp-content\/uploads\/Plakat1-724x1024.jpg\" alt=\"\" class=\"wp-image-6039\" srcset=\"https:\/\/www.regine-koelpin.de\/wp-content\/uploads\/Plakat1-724x1024.jpg 724w, https:\/\/www.regine-koelpin.de\/wp-content\/uploads\/Plakat1-212x300.jpg 212w, https:\/\/www.regine-koelpin.de\/wp-content\/uploads\/Plakat1-768x1086.jpg 768w, https:\/\/www.regine-koelpin.de\/wp-content\/uploads\/Plakat1.jpg 1588w\" sizes=\"auto, (max-width: 724px) 100vw, 724px\" \/><\/a><\/figure><div class=\"wp-block-media-text__content\">\n<p class=\"has-large-font-size\"><a href=\"http:\/\/www.regine-koelpin.de\/?page_id=6236\">B\u00fchnenprojekte<\/a><\/p>\n<\/div><\/div>\n\n\n\n<p><\/p>\n","protected":false},"excerpt":{"rendered":"<p>Als langj\u00e4hrige Autorin haben sich viele verschiedene Genres angesammelt, in denen Regine K\u00f6lpin publiziert hat. Sie stellt sich dabei als&hellip;<\/p>\n","protected":false},"author":1,"featured_media":0,"parent":0,"menu_order":0,"comment_status":"closed","ping_status":"closed","template":"","meta":{"footnotes":""},"class_list":["post-7410","page","type-page","status-publish","hentry"],"yoast_head":"<!-- This site is optimized with the Yoast SEO plugin v24.2 - https:\/\/yoast.com\/wordpress\/plugins\/seo\/ -->\n<title>Publikationen - Regine K\u00f6lpin<\/title>\n<meta name=\"robots\" content=\"index, follow, max-snippet:-1, max-image-preview:large, max-video-preview:-1\" \/>\n<link rel=\"canonical\" href=\"https:\/\/www.regine-koelpin.de\/?page_id=7410\" \/>\n<meta property=\"og:locale\" content=\"de_DE\" \/>\n<meta property=\"og:type\" content=\"article\" \/>\n<meta property=\"og:title\" content=\"Publikationen - Regine K\u00f6lpin\" \/>\n<meta property=\"og:description\" content=\"Als langj\u00e4hrige Autorin haben sich viele verschiedene Genres angesammelt, in denen Regine K\u00f6lpin publiziert hat. Sie stellt sich dabei als&hellip;\" \/>\n<meta property=\"og:url\" content=\"https:\/\/www.regine-koelpin.de\/?page_id=7410\" \/>\n<meta property=\"og:site_name\" content=\"Regine K\u00f6lpin\" \/>\n<meta property=\"article:modified_time\" content=\"2020-10-04T10:47:55+00:00\" \/>\n<meta property=\"og:image\" content=\"http:\/\/www.regine-koelpin.de\/wp-content\/uploads\/51cd93tVEhL-1.jpg\" \/>\n<meta name=\"twitter:card\" content=\"summary_large_image\" \/>\n<script type=\"application\/ld+json\" class=\"yoast-schema-graph\">{\"@context\":\"https:\/\/schema.org\",\"@graph\":[{\"@type\":\"WebPage\",\"@id\":\"https:\/\/www.regine-koelpin.de\/?page_id=7410\",\"url\":\"https:\/\/www.regine-koelpin.de\/?page_id=7410\",\"name\":\"Publikationen - Regine K\u00f6lpin\",\"isPartOf\":{\"@id\":\"https:\/\/www.regine-koelpin.de\/#website\"},\"primaryImageOfPage\":{\"@id\":\"https:\/\/www.regine-koelpin.de\/?page_id=7410#primaryimage\"},\"image\":{\"@id\":\"https:\/\/www.regine-koelpin.de\/?page_id=7410#primaryimage\"},\"thumbnailUrl\":\"http:\/\/www.regine-koelpin.de\/wp-content\/uploads\/51cd93tVEhL-1.jpg\",\"datePublished\":\"2020-10-03T20:44:33+00:00\",\"dateModified\":\"2020-10-04T10:47:55+00:00\",\"breadcrumb\":{\"@id\":\"https:\/\/www.regine-koelpin.de\/?page_id=7410#breadcrumb\"},\"inLanguage\":\"de\",\"potentialAction\":[{\"@type\":\"ReadAction\",\"target\":[\"https:\/\/www.regine-koelpin.de\/?page_id=7410\"]}]},{\"@type\":\"ImageObject\",\"inLanguage\":\"de\",\"@id\":\"https:\/\/www.regine-koelpin.de\/?page_id=7410#primaryimage\",\"url\":\"https:\/\/www.regine-koelpin.de\/wp-content\/uploads\/51cd93tVEhL-1.jpg\",\"contentUrl\":\"https:\/\/www.regine-koelpin.de\/wp-content\/uploads\/51cd93tVEhL-1.jpg\",\"width\":300,\"height\":500},{\"@type\":\"BreadcrumbList\",\"@id\":\"https:\/\/www.regine-koelpin.de\/?page_id=7410#breadcrumb\",\"itemListElement\":[{\"@type\":\"ListItem\",\"position\":1,\"name\":\"Startseite\",\"item\":\"https:\/\/www.regine-koelpin.de\/\"},{\"@type\":\"ListItem\",\"position\":2,\"name\":\"Publikationen\"}]},{\"@type\":\"WebSite\",\"@id\":\"https:\/\/www.regine-koelpin.de\/#website\",\"url\":\"https:\/\/www.regine-koelpin.de\/\",\"name\":\"Regine K\u00f6lpin\",\"description\":\"Schriftstellerin\",\"potentialAction\":[{\"@type\":\"SearchAction\",\"target\":{\"@type\":\"EntryPoint\",\"urlTemplate\":\"https:\/\/www.regine-koelpin.de\/?s={search_term_string}\"},\"query-input\":{\"@type\":\"PropertyValueSpecification\",\"valueRequired\":true,\"valueName\":\"search_term_string\"}}],\"inLanguage\":\"de\"}]}<\/script>\n<!-- \/ Yoast SEO plugin. -->","yoast_head_json":{"title":"Publikationen - Regine K\u00f6lpin","robots":{"index":"index","follow":"follow","max-snippet":"max-snippet:-1","max-image-preview":"max-image-preview:large","max-video-preview":"max-video-preview:-1"},"canonical":"https:\/\/www.regine-koelpin.de\/?page_id=7410","og_locale":"de_DE","og_type":"article","og_title":"Publikationen - Regine K\u00f6lpin","og_description":"Als langj\u00e4hrige Autorin haben sich viele verschiedene Genres angesammelt, in denen Regine K\u00f6lpin publiziert hat. Sie stellt sich dabei als&hellip;","og_url":"https:\/\/www.regine-koelpin.de\/?page_id=7410","og_site_name":"Regine K\u00f6lpin","article_modified_time":"2020-10-04T10:47:55+00:00","og_image":[{"url":"http:\/\/www.regine-koelpin.de\/wp-content\/uploads\/51cd93tVEhL-1.jpg","type":"","width":"","height":""}],"twitter_card":"summary_large_image","schema":{"@context":"https:\/\/schema.org","@graph":[{"@type":"WebPage","@id":"https:\/\/www.regine-koelpin.de\/?page_id=7410","url":"https:\/\/www.regine-koelpin.de\/?page_id=7410","name":"Publikationen - Regine K\u00f6lpin","isPartOf":{"@id":"https:\/\/www.regine-koelpin.de\/#website"},"primaryImageOfPage":{"@id":"https:\/\/www.regine-koelpin.de\/?page_id=7410#primaryimage"},"image":{"@id":"https:\/\/www.regine-koelpin.de\/?page_id=7410#primaryimage"},"thumbnailUrl":"http:\/\/www.regine-koelpin.de\/wp-content\/uploads\/51cd93tVEhL-1.jpg","datePublished":"2020-10-03T20:44:33+00:00","dateModified":"2020-10-04T10:47:55+00:00","breadcrumb":{"@id":"https:\/\/www.regine-koelpin.de\/?page_id=7410#breadcrumb"},"inLanguage":"de","potentialAction":[{"@type":"ReadAction","target":["https:\/\/www.regine-koelpin.de\/?page_id=7410"]}]},{"@type":"ImageObject","inLanguage":"de","@id":"https:\/\/www.regine-koelpin.de\/?page_id=7410#primaryimage","url":"https:\/\/www.regine-koelpin.de\/wp-content\/uploads\/51cd93tVEhL-1.jpg","contentUrl":"https:\/\/www.regine-koelpin.de\/wp-content\/uploads\/51cd93tVEhL-1.jpg","width":300,"height":500},{"@type":"BreadcrumbList","@id":"https:\/\/www.regine-koelpin.de\/?page_id=7410#breadcrumb","itemListElement":[{"@type":"ListItem","position":1,"name":"Startseite","item":"https:\/\/www.regine-koelpin.de\/"},{"@type":"ListItem","position":2,"name":"Publikationen"}]},{"@type":"WebSite","@id":"https:\/\/www.regine-koelpin.de\/#website","url":"https:\/\/www.regine-koelpin.de\/","name":"Regine K\u00f6lpin","description":"Schriftstellerin","potentialAction":[{"@type":"SearchAction","target":{"@type":"EntryPoint","urlTemplate":"https:\/\/www.regine-koelpin.de\/?s={search_term_string}"},"query-input":{"@type":"PropertyValueSpecification","valueRequired":true,"valueName":"search_term_string"}}],"inLanguage":"de"}]}},"_links":{"self":[{"href":"https:\/\/www.regine-koelpin.de\/index.php?rest_route=\/wp\/v2\/pages\/7410","targetHints":{"allow":["GET"]}}],"collection":[{"href":"https:\/\/www.regine-koelpin.de\/index.php?rest_route=\/wp\/v2\/pages"}],"about":[{"href":"https:\/\/www.regine-koelpin.de\/index.php?rest_route=\/wp\/v2\/types\/page"}],"author":[{"embeddable":true,"href":"https:\/\/www.regine-koelpin.de\/index.php?rest_route=\/wp\/v2\/users\/1"}],"replies":[{"embeddable":true,"href":"https:\/\/www.regine-koelpin.de\/index.php?rest_route=%2Fwp%2Fv2%2Fcomments&post=7410"}],"version-history":[{"count":2,"href":"https:\/\/www.regine-koelpin.de\/index.php?rest_route=\/wp\/v2\/pages\/7410\/revisions"}],"predecessor-version":[{"id":7558,"href":"https:\/\/www.regine-koelpin.de\/index.php?rest_route=\/wp\/v2\/pages\/7410\/revisions\/7558"}],"wp:attachment":[{"href":"https:\/\/www.regine-koelpin.de\/index.php?rest_route=%2Fwp%2Fv2%2Fmedia&parent=7410"}],"curies":[{"name":"wp","href":"https:\/\/api.w.org\/{rel}","templated":true}]}}