{"id":66,"date":"2013-07-24T10:28:10","date_gmt":"2013-07-24T08:28:10","guid":{"rendered":"\/?page_id=66"},"modified":"2013-07-28T16:34:40","modified_gmt":"2013-07-28T14:34:40","slug":"kontaktimpressum","status":"publish","type":"page","link":"https:\/\/www.regine-koelpin.de\/?page_id=66","title":{"rendered":"Kontakt"},"content":{"rendered":"<p>&nbsp;<\/p>\n<table id=\"CM13c525d4e7fdf19a73970759\" width=\"169\">\n<tbody>\n<tr>\n<td><\/td>\n<\/tr>\n<\/tbody>\n<\/table>\n<table id=\"CM1385d47a5a9dd5d80e1b9e0b\">\n<tbody>\n<tr>\n<td><strong><strong>F\u00fcr Lesungen \/Schullesungen\/ Schreibwerkst\u00e4tten\/ Seminare<\/strong><\/strong><strong>Ich freue mich \u00fcber Ihren Kontakt:<\/strong>Regine K\u00f6lpin<\/p>\n<p><strong>An der Lehmbalje 44<\/strong><br \/>\n<strong>26452 Neustadtg\u00f6dens<\/strong><strong>E-mail:\u00a0 <\/strong><a href=\"mailto:koelpin@t-online.de\" target=\"_blank\"><strong>koelpin@t-online.de<\/strong><\/a><strong><br \/>\nTelefon: 04422\/9290153<br \/>\n0176\/70866302<br \/>\nSteuernummer: 70\/123\/07081\u00a0\u00a0 <\/strong><\/td>\n<\/tr>\n<tr>\n<td>\n<table id=\"tablewrapper_CMTOI_de_dtag_hosting_hpcreator_widget_LinkList_10604460\" cellspacing=\"0\" cellpadding=\"0\">\n<tbody>\n<tr>\n<td>\n<div id=\"widgetroot_CMTOI_de_dtag_hosting_hpcreator_widget_LinkList_10604460\">\n<div id=\"container_CMTOI_de_dtag_hosting_hpcreator_widget_LinkList_10604460\"><a id=\"widgetanchor_CMTOI_de_dtag_hosting_hpcreator_widget_LinkList_10604460\" name=\"CMTOI_de_dtag_hosting_hpcreator_widget_LinkList_10604460\"><\/a><\/p>\n<div>\n<div><a href=\"http:\/\/www.kbv-verlag.de\/\" target=\"_blank\"> <img decoding=\"async\" alt=\"Screenshot von http:\/\/www.kbv-verlag.de\/\" src=\"http:\/\/regine-koelpin.de\/Kontakt\/Impressum;focus=CMTOI_de_dtag_hosting_hpcreator_widget_LinkList_10604460&amp;path=image.action&amp;frame=CMTOI_de_dtag_hosting_hpcreator_widget_LinkList_10604460&amp;view=raw?id=40958&amp;width=130&amp;height=98&amp;crop=true\" \/> <\/a><\/div>\n<\/div>\n<\/div>\n<\/div>\n<\/td>\n<\/tr>\n<\/tbody>\n<\/table>\n<p><strong>Sie k\u00f6nnen mich auch f\u00fcr Lesungen\u00a0 \u00fcber\u00a0 den KBV-\u00a0Verlag<br \/>\nbuchen.<\/strong> <strong><br \/>\nBitte wenden Sie sich an <\/strong><a href=\"mailto:ulrike.buecking@kbv-verlag.de?subject=\" target=\"_blank\"><strong>Ulrike B\u00fccking<\/strong><\/a><\/td>\n<\/tr>\n<tr>\n<td>\n<table id=\"tablewrapper_CMTOI_de_dtag_hosting_hpcreator_widget_LinkList_10604479\" cellspacing=\"0\" cellpadding=\"0\">\n<tbody>\n<tr>\n<td>\n<div id=\"widgetroot_CMTOI_de_dtag_hosting_hpcreator_widget_LinkList_10604479\">\n<div id=\"container_CMTOI_de_dtag_hosting_hpcreator_widget_LinkList_10604479\"><a id=\"widgetanchor_CMTOI_de_dtag_hosting_hpcreator_widget_LinkList_10604479\" name=\"CMTOI_de_dtag_hosting_hpcreator_widget_LinkList_10604479\"><\/a><\/p>\n<div>\n<div><a href=\"http:\/\/www.boedecker-kreis.de\/\" target=\"_blank\"> <img decoding=\"async\" alt=\"Screenshot von http:\/\/www.boedecker-kreis.de\/\" src=\"http:\/\/regine-koelpin.de\/Kontakt\/Impressum;focus=CMTOI_de_dtag_hosting_hpcreator_widget_LinkList_10604479&amp;path=image.action&amp;frame=CMTOI_de_dtag_hosting_hpcreator_widget_LinkList_10604479&amp;view=raw?id=40959&amp;width=130&amp;height=98&amp;crop=true\" \/> <\/a><\/div>\n<\/div>\n<\/div>\n<\/div>\n<\/td>\n<\/tr>\n<\/tbody>\n<\/table>\n<p><strong>F\u00fcr Schullesungen ein wichtiger Link<\/strong><br \/>\n<strong>Friedrich B\u00f6decker Kreis<\/strong><\/td>\n<\/tr>\n<tr>\n<td>\n<table id=\"tablewrapper_CMTOI_de_dtag_hosting_hpcreator_widget_LinkList_10604454\" cellspacing=\"0\" cellpadding=\"0\">\n<tbody>\n<tr>\n<td>\n<div id=\"widgetroot_CMTOI_de_dtag_hosting_hpcreator_widget_LinkList_10604454\">\n<div id=\"container_CMTOI_de_dtag_hosting_hpcreator_widget_LinkList_10604454\"><a id=\"widgetanchor_CMTOI_de_dtag_hosting_hpcreator_widget_LinkList_10604454\" name=\"CMTOI_de_dtag_hosting_hpcreator_widget_LinkList_10604454\"><\/a><\/p>\n<div>\n<div><a href=\"http:\/\/www.stadt-jever.de\/internet\/page.php?naviID=903000112&amp;site=903000087&amp;typ=2\" target=\"_blank\"> <img decoding=\"async\" alt=\"Screenshot von http:\/\/www.stadt-jever.de\/internet\/page.php?naviID=903000112&amp;site=903000087&amp;typ=2\" src=\"http:\/\/regine-koelpin.de\/Kontakt\/Impressum;focus=CMTOI_de_dtag_hosting_hpcreator_widget_LinkList_10604454&amp;path=image.action&amp;frame=CMTOI_de_dtag_hosting_hpcreator_widget_LinkList_10604454&amp;view=raw?id=40957&amp;width=130&amp;height=98&amp;crop=true\" \/> <\/a><\/div>\n<\/div>\n<\/div>\n<\/div>\n<\/td>\n<\/tr>\n<\/tbody>\n<\/table>\n<p><strong><br \/>\nBuchung der\u00a0Kriminellen Stadtf\u00fchrungen<br \/>\n&#8222;Jever ganz m\u00f6rderisch&#8220; bitte beim <\/strong><br \/>\n<strong>Jever Stadtmarketing <\/strong><br \/>\n<strong>unter 04461\/71010<\/strong><br \/>\n<strong>oder unter der Email<\/strong><br \/>\n<a href=\"mailto:ingrid.lischke@ewetel.net?subject=\" target=\"_blank\"><strong>Jever Touristik<\/strong><\/a><\/td>\n<\/tr>\n<tr>\n<td>\n<table id=\"tablewrapper_CMTOI_de_dtag_hosting_hpcreator_widget_LinkList_11019078\" cellspacing=\"0\" cellpadding=\"0\">\n<tbody>\n<tr>\n<td>\n<div id=\"widgetroot_CMTOI_de_dtag_hosting_hpcreator_widget_LinkList_11019078\">\n<div id=\"container_CMTOI_de_dtag_hosting_hpcreator_widget_LinkList_11019078\"><a id=\"widgetanchor_CMTOI_de_dtag_hosting_hpcreator_widget_LinkList_11019078\" name=\"CMTOI_de_dtag_hosting_hpcreator_widget_LinkList_11019078\"><\/a><\/p>\n<div>\n<div><a href=\"http:\/\/www.sande.de\/\" target=\"_blank\"> <img decoding=\"async\" alt=\"Screenshot von http:\/\/www.sande.de\/\" src=\"http:\/\/regine-koelpin.de\/Kontakt\/Impressum;focus=CMTOI_de_dtag_hosting_hpcreator_widget_LinkList_11019078&amp;path=image.action&amp;frame=CMTOI_de_dtag_hosting_hpcreator_widget_LinkList_11019078&amp;view=raw?id=47625&amp;width=130&amp;height=98&amp;crop=true\" \/> <\/a><\/p>\n<div><a href=\"http:\/\/www.sande.de\/\" target=\"_blank\">http:\/\/www.sande.de\/<\/a><\/div>\n<\/div>\n<\/div>\n<\/div>\n<\/div>\n<\/td>\n<\/tr>\n<\/tbody>\n<\/table>\n<p><strong>Buchung von &#8222;Der Meerkristall&#8220;<br \/>\nKriminelle Lesung an historischen Schaupl\u00e4tzen in Neustadtg\u00f6dens mit F\u00fchrung durch Neustadtg\u00f6dens<br \/>\n<\/strong><strong> bitte bei der Gemeinde Sande<\/strong><br \/>\n<strong>04422\/958835 oder per E-Mail<\/strong><br \/>\n<a href=\"http:\/\/ziffer@sande.de\" target=\"_self\"><strong>gemeinde@sande.de<\/strong><\/a> <strong>oder<br \/>\nMuseum im Landrichterhaus :04422\/4199<br \/>\n<\/strong><\/td>\n<\/tr>\n<tr>\n<td>\n<table id=\"tablewrapper_CMTOI_de_dtag_hosting_hpcreator_widget_LinkList_10604450\" cellspacing=\"0\" cellpadding=\"0\">\n<tbody>\n<tr>\n<td>\n<div id=\"widgetroot_CMTOI_de_dtag_hosting_hpcreator_widget_LinkList_10604450\">\n<div id=\"container_CMTOI_de_dtag_hosting_hpcreator_widget_LinkList_10604450\"><a id=\"widgetanchor_CMTOI_de_dtag_hosting_hpcreator_widget_LinkList_10604450\" name=\"CMTOI_de_dtag_hosting_hpcreator_widget_LinkList_10604450\"><\/a><\/p>\n<div>\n<div><a href=\"http:\/\/www.agentur-lesenundhoeren.de\/\" target=\"_blank\"> <img decoding=\"async\" alt=\"Screenshot von http:\/\/www.agentur-lesenundhoeren.de\/\" src=\"http:\/\/regine-koelpin.de\/Kontakt\/Impressum;focus=CMTOI_de_dtag_hosting_hpcreator_widget_LinkList_10604450&amp;path=image.action&amp;frame=CMTOI_de_dtag_hosting_hpcreator_widget_LinkList_10604450&amp;view=raw?id=40956&amp;width=130&amp;height=98&amp;crop=true\" \/> <\/a><\/div>\n<\/div>\n<\/div>\n<\/div>\n<\/td>\n<\/tr>\n<\/tbody>\n<\/table>\n<p><strong>Regine K\u00f6lpin\/Fiedler wird von der Literaturagentur <\/strong><br \/>\n<strong>&#8222;Lesen &amp;H\u00f6ren<\/strong><strong>&#8220;<br \/>\nAnna Mechler (Berlin)\u00a0<\/strong> <strong>vertreten<\/strong><\/td>\n<\/tr>\n<tr>\n<td>\n<table id=\"tablewrapper_CMTOI_de_dtag_hosting_hpcreator_widget_LinkList_10604441\" cellspacing=\"0\" cellpadding=\"0\">\n<tbody>\n<tr>\n<td>\n<div id=\"widgetroot_CMTOI_de_dtag_hosting_hpcreator_widget_LinkList_10604441\">\n<div id=\"container_CMTOI_de_dtag_hosting_hpcreator_widget_LinkList_10604441\"><a id=\"widgetanchor_CMTOI_de_dtag_hosting_hpcreator_widget_LinkList_10604441\" name=\"CMTOI_de_dtag_hosting_hpcreator_widget_LinkList_10604441\"><\/a><\/p>\n<div>\n<div><a href=\"http:\/\/eckermann-buch.shop-asp.de\/shop\/action\/?aUrl=90007609\" target=\"_blank\"> <img decoding=\"async\" alt=\"Screenshot von http:\/\/eckermann-buch.shop-asp.de\/shop\/action\/?aUrl=90007609\" src=\"http:\/\/regine-koelpin.de\/Kontakt\/Impressum;focus=CMTOI_de_dtag_hosting_hpcreator_widget_LinkList_10604441&amp;path=image.action&amp;frame=CMTOI_de_dtag_hosting_hpcreator_widget_LinkList_10604441&amp;view=raw?id=40955&amp;width=130&amp;height=98&amp;crop=true\" \/> <\/a><\/div>\n<\/div>\n<\/div>\n<\/div>\n<\/td>\n<\/tr>\n<\/tbody>\n<\/table>\n<p><strong>Wenn Sie ein signiertes Buch und eine Karte der Autorin w\u00fcnschen, wenden Sie sich bitte direkt an die<br \/>\n<\/strong><strong>Buchhandlung Buch@Papier Eckermann Jever, die Ihnen ein signiertes Exemplar zukommen l\u00e4sst<\/strong><\/p>\n<p><strong><br \/>\nunter Tel: 04461\/4856; Fax: 04461\/5857<\/strong><br \/>\n<strong>oder: <a href=\"mailto:info@eckermann-buch.de?subject=\" target=\"_blank\">info@eckermann-buch.de<\/a><\/strong><\/td>\n<\/tr>\n<\/tbody>\n<\/table>\n","protected":false},"excerpt":{"rendered":"<p>&nbsp; F\u00fcr Lesungen \/Schullesungen\/ Schreibwerkst\u00e4tten\/ SeminareIch freue mich \u00fcber Ihren Kontakt:Regine K\u00f6lpin An der Lehmbalje 44 26452 Neustadtg\u00f6densE-mail:\u00a0 koelpin@t-online.de Telefon:&hellip;<\/p>\n","protected":false},"author":1,"featured_media":0,"parent":0,"menu_order":0,"comment_status":"closed","ping_status":"open","template":"","meta":{"footnotes":""},"class_list":["post-66","page","type-page","status-publish","hentry"],"yoast_head":"<!-- This site is optimized with the Yoast SEO plugin v24.2 - https:\/\/yoast.com\/wordpress\/plugins\/seo\/ -->\n<title>Kontakt - Regine K\u00f6lpin<\/title>\n<meta name=\"robots\" content=\"index, follow, max-snippet:-1, max-image-preview:large, max-video-preview:-1\" \/>\n<link rel=\"canonical\" href=\"https:\/\/www.regine-koelpin.de\/?page_id=66\" \/>\n<meta property=\"og:locale\" content=\"de_DE\" \/>\n<meta property=\"og:type\" content=\"article\" \/>\n<meta property=\"og:title\" content=\"Kontakt - Regine K\u00f6lpin\" \/>\n<meta property=\"og:description\" content=\"&nbsp; F\u00fcr Lesungen \/Schullesungen\/ Schreibwerkst\u00e4tten\/ SeminareIch freue mich \u00fcber Ihren Kontakt:Regine K\u00f6lpin An der Lehmbalje 44 26452 Neustadtg\u00f6densE-mail:\u00a0 koelpin@t-online.de Telefon:&hellip;\" \/>\n<meta property=\"og:url\" content=\"https:\/\/www.regine-koelpin.de\/?page_id=66\" \/>\n<meta property=\"og:site_name\" content=\"Regine K\u00f6lpin\" \/>\n<meta property=\"article:modified_time\" content=\"2013-07-28T14:34:40+00:00\" \/>\n<meta property=\"og:image\" content=\"http:\/\/regine-koelpin.de\/Kontakt\/Impressum;focus=CMTOI_de_dtag_hosting_hpcreator_widget_LinkList_10604460&amp;path=image.action&amp;frame=CMTOI_de_dtag_hosting_hpcreator_widget_LinkList_10604460&amp;view=raw?id=40958&amp;width=130&amp;height=98&amp;crop=true\" \/>\n<meta name=\"twitter:card\" content=\"summary_large_image\" \/>\n<meta name=\"twitter:label1\" content=\"Gesch\u00e4tzte Lesezeit\" \/>\n\t<meta name=\"twitter:data1\" content=\"1\u00a0Minute\" \/>\n<script type=\"application\/ld+json\" class=\"yoast-schema-graph\">{\"@context\":\"https:\/\/schema.org\",\"@graph\":[{\"@type\":\"WebPage\",\"@id\":\"https:\/\/www.regine-koelpin.de\/?page_id=66\",\"url\":\"https:\/\/www.regine-koelpin.de\/?page_id=66\",\"name\":\"Kontakt - Regine K\u00f6lpin\",\"isPartOf\":{\"@id\":\"https:\/\/www.regine-koelpin.de\/#website\"},\"primaryImageOfPage\":{\"@id\":\"https:\/\/www.regine-koelpin.de\/?page_id=66#primaryimage\"},\"image\":{\"@id\":\"https:\/\/www.regine-koelpin.de\/?page_id=66#primaryimage\"},\"thumbnailUrl\":\"http:\/\/regine-koelpin.de\/Kontakt\/Impressum;focus=CMTOI_de_dtag_hosting_hpcreator_widget_LinkList_10604460&amp;path=image.action&amp;frame=CMTOI_de_dtag_hosting_hpcreator_widget_LinkList_10604460&amp;view=raw?id=40958&amp;width=130&amp;height=98&amp;crop=true\",\"datePublished\":\"2013-07-24T08:28:10+00:00\",\"dateModified\":\"2013-07-28T14:34:40+00:00\",\"breadcrumb\":{\"@id\":\"https:\/\/www.regine-koelpin.de\/?page_id=66#breadcrumb\"},\"inLanguage\":\"de\",\"potentialAction\":[{\"@type\":\"ReadAction\",\"target\":[\"https:\/\/www.regine-koelpin.de\/?page_id=66\"]}]},{\"@type\":\"ImageObject\",\"inLanguage\":\"de\",\"@id\":\"https:\/\/www.regine-koelpin.de\/?page_id=66#primaryimage\",\"url\":\"http:\/\/regine-koelpin.de\/Kontakt\/Impressum;focus=CMTOI_de_dtag_hosting_hpcreator_widget_LinkList_10604460&amp;path=image.action&amp;frame=CMTOI_de_dtag_hosting_hpcreator_widget_LinkList_10604460&amp;view=raw?id=40958&amp;width=130&amp;height=98&amp;crop=true\",\"contentUrl\":\"http:\/\/regine-koelpin.de\/Kontakt\/Impressum;focus=CMTOI_de_dtag_hosting_hpcreator_widget_LinkList_10604460&amp;path=image.action&amp;frame=CMTOI_de_dtag_hosting_hpcreator_widget_LinkList_10604460&amp;view=raw?id=40958&amp;width=130&amp;height=98&amp;crop=true\"},{\"@type\":\"BreadcrumbList\",\"@id\":\"https:\/\/www.regine-koelpin.de\/?page_id=66#breadcrumb\",\"itemListElement\":[{\"@type\":\"ListItem\",\"position\":1,\"name\":\"Startseite\",\"item\":\"https:\/\/www.regine-koelpin.de\/\"},{\"@type\":\"ListItem\",\"position\":2,\"name\":\"Kontakt\"}]},{\"@type\":\"WebSite\",\"@id\":\"https:\/\/www.regine-koelpin.de\/#website\",\"url\":\"https:\/\/www.regine-koelpin.de\/\",\"name\":\"Regine K\u00f6lpin\",\"description\":\"Schriftstellerin\",\"potentialAction\":[{\"@type\":\"SearchAction\",\"target\":{\"@type\":\"EntryPoint\",\"urlTemplate\":\"https:\/\/www.regine-koelpin.de\/?s={search_term_string}\"},\"query-input\":{\"@type\":\"PropertyValueSpecification\",\"valueRequired\":true,\"valueName\":\"search_term_string\"}}],\"inLanguage\":\"de\"}]}<\/script>\n<!-- \/ Yoast SEO plugin. -->","yoast_head_json":{"title":"Kontakt - Regine K\u00f6lpin","robots":{"index":"index","follow":"follow","max-snippet":"max-snippet:-1","max-image-preview":"max-image-preview:large","max-video-preview":"max-video-preview:-1"},"canonical":"https:\/\/www.regine-koelpin.de\/?page_id=66","og_locale":"de_DE","og_type":"article","og_title":"Kontakt - Regine K\u00f6lpin","og_description":"&nbsp; F\u00fcr Lesungen \/Schullesungen\/ Schreibwerkst\u00e4tten\/ SeminareIch freue mich \u00fcber Ihren Kontakt:Regine K\u00f6lpin An der Lehmbalje 44 26452 Neustadtg\u00f6densE-mail:\u00a0 koelpin@t-online.de Telefon:&hellip;","og_url":"https:\/\/www.regine-koelpin.de\/?page_id=66","og_site_name":"Regine K\u00f6lpin","article_modified_time":"2013-07-28T14:34:40+00:00","og_image":[{"url":"http:\/\/regine-koelpin.de\/Kontakt\/Impressum;focus=CMTOI_de_dtag_hosting_hpcreator_widget_LinkList_10604460&amp;path=image.action&amp;frame=CMTOI_de_dtag_hosting_hpcreator_widget_LinkList_10604460&amp;view=raw?id=40958&amp;width=130&amp;height=98&amp;crop=true","type":"","width":"","height":""}],"twitter_card":"summary_large_image","twitter_misc":{"Gesch\u00e4tzte Lesezeit":"1\u00a0Minute"},"schema":{"@context":"https:\/\/schema.org","@graph":[{"@type":"WebPage","@id":"https:\/\/www.regine-koelpin.de\/?page_id=66","url":"https:\/\/www.regine-koelpin.de\/?page_id=66","name":"Kontakt - Regine K\u00f6lpin","isPartOf":{"@id":"https:\/\/www.regine-koelpin.de\/#website"},"primaryImageOfPage":{"@id":"https:\/\/www.regine-koelpin.de\/?page_id=66#primaryimage"},"image":{"@id":"https:\/\/www.regine-koelpin.de\/?page_id=66#primaryimage"},"thumbnailUrl":"http:\/\/regine-koelpin.de\/Kontakt\/Impressum;focus=CMTOI_de_dtag_hosting_hpcreator_widget_LinkList_10604460&amp;path=image.action&amp;frame=CMTOI_de_dtag_hosting_hpcreator_widget_LinkList_10604460&amp;view=raw?id=40958&amp;width=130&amp;height=98&amp;crop=true","datePublished":"2013-07-24T08:28:10+00:00","dateModified":"2013-07-28T14:34:40+00:00","breadcrumb":{"@id":"https:\/\/www.regine-koelpin.de\/?page_id=66#breadcrumb"},"inLanguage":"de","potentialAction":[{"@type":"ReadAction","target":["https:\/\/www.regine-koelpin.de\/?page_id=66"]}]},{"@type":"ImageObject","inLanguage":"de","@id":"https:\/\/www.regine-koelpin.de\/?page_id=66#primaryimage","url":"http:\/\/regine-koelpin.de\/Kontakt\/Impressum;focus=CMTOI_de_dtag_hosting_hpcreator_widget_LinkList_10604460&amp;path=image.action&amp;frame=CMTOI_de_dtag_hosting_hpcreator_widget_LinkList_10604460&amp;view=raw?id=40958&amp;width=130&amp;height=98&amp;crop=true","contentUrl":"http:\/\/regine-koelpin.de\/Kontakt\/Impressum;focus=CMTOI_de_dtag_hosting_hpcreator_widget_LinkList_10604460&amp;path=image.action&amp;frame=CMTOI_de_dtag_hosting_hpcreator_widget_LinkList_10604460&amp;view=raw?id=40958&amp;width=130&amp;height=98&amp;crop=true"},{"@type":"BreadcrumbList","@id":"https:\/\/www.regine-koelpin.de\/?page_id=66#breadcrumb","itemListElement":[{"@type":"ListItem","position":1,"name":"Startseite","item":"https:\/\/www.regine-koelpin.de\/"},{"@type":"ListItem","position":2,"name":"Kontakt"}]},{"@type":"WebSite","@id":"https:\/\/www.regine-koelpin.de\/#website","url":"https:\/\/www.regine-koelpin.de\/","name":"Regine K\u00f6lpin","description":"Schriftstellerin","potentialAction":[{"@type":"SearchAction","target":{"@type":"EntryPoint","urlTemplate":"https:\/\/www.regine-koelpin.de\/?s={search_term_string}"},"query-input":{"@type":"PropertyValueSpecification","valueRequired":true,"valueName":"search_term_string"}}],"inLanguage":"de"}]}},"_links":{"self":[{"href":"https:\/\/www.regine-koelpin.de\/index.php?rest_route=\/wp\/v2\/pages\/66","targetHints":{"allow":["GET"]}}],"collection":[{"href":"https:\/\/www.regine-koelpin.de\/index.php?rest_route=\/wp\/v2\/pages"}],"about":[{"href":"https:\/\/www.regine-koelpin.de\/index.php?rest_route=\/wp\/v2\/types\/page"}],"author":[{"embeddable":true,"href":"https:\/\/www.regine-koelpin.de\/index.php?rest_route=\/wp\/v2\/users\/1"}],"replies":[{"embeddable":true,"href":"https:\/\/www.regine-koelpin.de\/index.php?rest_route=%2Fwp%2Fv2%2Fcomments&post=66"}],"version-history":[{"count":0,"href":"https:\/\/www.regine-koelpin.de\/index.php?rest_route=\/wp\/v2\/pages\/66\/revisions"}],"wp:attachment":[{"href":"https:\/\/www.regine-koelpin.de\/index.php?rest_route=%2Fwp%2Fv2%2Fmedia&parent=66"}],"curies":[{"name":"wp","href":"https:\/\/api.w.org\/{rel}","templated":true}]}}