{"id":7446,"date":"2020-10-04T11:33:34","date_gmt":"2020-10-04T09:33:34","guid":{"rendered":"http:\/\/www.regine-koelpin.de\/?page_id=7446"},"modified":"2026-03-30T11:01:51","modified_gmt":"2026-03-30T09:01:51","slug":"vita","status":"publish","type":"page","link":"http:\/\/www.regine-koelpin.de\/?page_id=7446","title":{"rendered":"Vita"},"content":{"rendered":"\n<p><em>Regine K\u00f6lpin brilliert immer, egal ob mit Kurzkrimi, historischem Roman oder bunter Kurzkrimimischung, einfach eine klasse, facettenreiche Frau!<\/em><\/p>\n\n\n\n<p><strong>Petra Steps, Veranstalterin KrimiLiteraturtage Vogtland<\/strong><\/p>\n\n\n\n<figure class=\"wp-block-image size-large\"><img loading=\"lazy\" decoding=\"async\" width=\"1200\" height=\"675\" src=\"http:\/\/www.regine-koelpin.de\/wp-content\/uploads\/IMG_3683-1200x675.jpg\" alt=\"\" class=\"wp-image-8174\" srcset=\"http:\/\/www.regine-koelpin.de\/wp-content\/uploads\/IMG_3683-1200x675.jpg 1200w, http:\/\/www.regine-koelpin.de\/wp-content\/uploads\/IMG_3683-850x478.jpg 850w, http:\/\/www.regine-koelpin.de\/wp-content\/uploads\/IMG_3683-250x141.jpg 250w\" sizes=\"auto, (max-width: 1200px) 100vw, 1200px\" \/><\/figure>\n\n\n\n<p>Regine K\u00f6lpin (Franka Michels\/Felicitas Kind) ist 1964 in Oberhausen geboren. Sie verbrachte die ersten drei Jahre ihrer Kindheit  auf dem alten Rittergut &#8222;Hof Hirschberg&#8220; in Hessen, dann verschlug es die Familie  \u00fcber K\u00f6ln an die&nbsp; Nordsee, wo die Autorin seit dem 5. Lebensjahr lebt.  <strong>Die Spiegel- Bestsellerautorin<\/strong> schreibt Romane und Geschichten unterschiedlicher Genres, unter anderem&nbsp; f\u00fcr die Verlage Droemer Knaur, Piper , Oetinger,  Coppenrath und f\u00fcr die Zeitschrift Tina der Bauer Verlagsgruppe.  <br>Bekannt ist die Autorin auch unter dem Pseudonym   <strong>Felicitas Kind<\/strong> (Pseudonym zusammen mit ihrer Co-Autorin Gitta Edelmann).<br>Regine K\u00f6lpin wurde mehrfach ausgezeichnet, zuletzt erhielt sie zusammen mit Gitta Edelmann den Bronzenen Homer 2020.<br>Die Autorin ist auch als Herausgeberin t\u00e4tig und an verschiedenen Musik- und B\u00fchnenproduktionen beteiligt.&nbsp; Weiterhin hat sie \u00fcber 200 Kurztexte publiziert. Regine K\u00f6lpin ist verheiratet mit dem Musiker Frank K\u00f6lpin. Sie haben f\u00fcnf erwachsene Kinder, mehrere Enkel und leben in einem kleinen Dorf an der Nordsee. In ihrer Freizeit verreisen sie gern mit ihrem Wohnmobil, um sich f\u00fcr neue Projekte inspirieren zu lassen.<\/p>\n\n\n\n<p>Ihre Lesungen gestaltet sie auch mit musikalischem Beiprogramm.<\/p>\n\n\n\n<p>Mehr unter: www.regine-koelpin.de<\/p>\n\n\n\n<figure class=\"wp-block-image size-large\"><img loading=\"lazy\" decoding=\"async\" width=\"500\" height=\"500\" src=\"http:\/\/www.regine-koelpin.de\/wp-content\/uploads\/Bron7ener-Homer-20202.jpg\" alt=\"\" class=\"wp-image-9003\"\/><\/figure>\n\n\n\n<p><strong>&nbsp;&nbsp;&nbsp;&nbsp;&nbsp;&nbsp;&nbsp;&nbsp;&nbsp;&nbsp; &nbsp;&nbsp; Preise<\/strong><\/p>\n\n\n\n<ul id=\"block-5849ee33-309b-4cbf-8f8d-38b577bfdab6\" class=\"wp-block-list\">\n<li>&nbsp;2020: <em>Bronzener Homer <\/em>2020 f\u00fcr &#8222;Johannes Gutenberg und die verschwundenen Lettern&#8220; (mit Co-Autorin Gitta Edelmann). Dieser Preis wird j\u00e4hrlich von der Autorenvereinigung Homer f\u00fcr die drei besten deutschsprachigen historischen Romane vergeben.<\/li>\n\n\n\n<li>2019: Platz 2 <em>Bestes Cover<\/em> ,Mai 2019 bei Leserkanone<\/li>\n\n\n\n<li>2015: <em>Lovelybooks Leserpreis<\/em> &#8222;Oma zeigt Flagge&#8220;, Platz 10<\/li>\n\n\n\n<li>2009:  1.Platz&nbsp;<em>E.G.O.N.-Naturgeschichten f\u00fcr Kinder<\/em>&nbsp;<\/li>\n\n\n\n<li>2003: 3. Platz beim&nbsp;<em>OZ Kurzkrimipreis <\/em><\/li>\n\n\n\n<li>2004: Platz 1 <em>Jahrespreis der Ostfriesischen Autorinnen und Autoren<\/em><\/li>\n\n\n\n<li><em>2002 <\/em>: Platz 1 <em>Jahrespreis der Ostfriesischen Autorinnen und Autoren<\/em><\/li>\n<\/ul>\n\n\n\n<p><strong>Auszeichnungen<\/strong><\/p>\n\n\n\n<p>2011: Auszeichnung zur<em>&nbsp;Starken Frau Frieslands <\/em><\/p>\n\n\n\n<p><strong>Stipendien<\/strong><\/p>\n\n\n\n<p>2021: S<em>tipendium Neustart Kultur  der VG Wort<\/em><\/p>\n\n\n\n<p>2010: <em>Krimistipendium Tatort T\u00f6werland<\/em>&nbsp;<\/p>\n\n\n\n<p><strong>Nominierungen<\/strong><\/p>\n\n\n\n<ul id=\"block-5849ee33-309b-4cbf-8f8d-38b577bfdab6\" class=\"wp-block-list\">\n<li>2024 <em>Shortlist G\u00fctersloher Jugendliteraturpreis<\/em><\/li>\n\n\n\n<li>2021: <em>Longlist Skoutz Award f\u00fcr historische Romane<\/em> mit &#8222;Der Nordseehof Band 1&#8220;<\/li>\n\n\n\n<li>2020: S<em>hortlist Lovelybooks Leserpreis<\/em> mit &#8222;Oma kriegt die Kurve&#8220;<\/li>\n\n\n\n<li>2013: nominiert f\u00fcr den&nbsp;<em>Quo Vadis Kurzgeschichtenpreis 2<\/em><\/li>\n\n\n\n<li>2008: nominiert f\u00fcr den&nbsp;<em>K\u00e4rntner Krimipreis <\/em><\/li>\n\n\n\n<li>2007: Finalistin des Wettbewerbs \u201e<em>Schwarzer BH<\/em>\u201c, der Literaturassoziation ALFA,Portugal <\/li>\n<\/ul>\n\n\n\n<p><strong>Mitgliedschaften<\/strong> <\/p>\n\n\n\n<p>PEN-Zentrum Deutschland<\/p>\n\n\n\n<p>Homer- Historische Literatur<\/p>\n\n\n\n<p><\/p>\n\n\n\n<figure class=\"wp-block-image\"><a href=\"http:\/\/www.regine-koelpin.de\/wp-content\/uploads\/cropped-20150606_121118a1.jpg\"><img loading=\"lazy\" decoding=\"async\" width=\"733\" height=\"275\" src=\"http:\/\/www.regine-koelpin.de\/wp-content\/uploads\/cropped-20150606_121118a1.jpg\" alt=\"cropped-20150606_121118a1.jpg\" class=\"wp-image-4288\" srcset=\"http:\/\/www.regine-koelpin.de\/wp-content\/uploads\/cropped-20150606_121118a1.jpg 733w, http:\/\/www.regine-koelpin.de\/wp-content\/uploads\/cropped-20150606_121118a1-300x112.jpg 300w\" sizes=\"auto, (max-width: 733px) 100vw, 733px\" \/><\/a><\/figure>\n\n\n\n<figure class=\"wp-block-gallery has-nested-images columns-default is-cropped wp-block-gallery-1 is-layout-flex wp-block-gallery-is-layout-flex\"><\/figure>\n","protected":false},"excerpt":{"rendered":"<p>Regine K\u00f6lpin brilliert immer, egal ob mit Kurzkrimi, historischem Roman oder bunter Kurzkrimimischung, einfach eine klasse, facettenreiche Frau! Petra Steps,&hellip;<\/p>\n","protected":false},"author":1,"featured_media":0,"parent":0,"menu_order":0,"comment_status":"closed","ping_status":"closed","template":"","meta":{"footnotes":""},"class_list":["post-7446","page","type-page","status-publish","hentry"],"yoast_head":"<!-- This site is optimized with the Yoast SEO plugin v24.2 - https:\/\/yoast.com\/wordpress\/plugins\/seo\/ -->\n<title>Vita - Regine K\u00f6lpin<\/title>\n<meta name=\"robots\" content=\"index, follow, max-snippet:-1, max-image-preview:large, max-video-preview:-1\" \/>\n<link rel=\"canonical\" href=\"http:\/\/www.regine-koelpin.de\/?page_id=7446\" \/>\n<meta property=\"og:locale\" content=\"de_DE\" \/>\n<meta property=\"og:type\" content=\"article\" \/>\n<meta property=\"og:title\" content=\"Vita - Regine K\u00f6lpin\" \/>\n<meta property=\"og:description\" content=\"Regine K\u00f6lpin brilliert immer, egal ob mit Kurzkrimi, historischem Roman oder bunter Kurzkrimimischung, einfach eine klasse, facettenreiche Frau! Petra Steps,&hellip;\" \/>\n<meta property=\"og:url\" content=\"http:\/\/www.regine-koelpin.de\/?page_id=7446\" \/>\n<meta property=\"og:site_name\" content=\"Regine K\u00f6lpin\" \/>\n<meta property=\"article:modified_time\" content=\"2026-03-30T09:01:51+00:00\" \/>\n<meta property=\"og:image\" content=\"http:\/\/www.regine-koelpin.de\/wp-content\/uploads\/IMG_3683-1200x675.jpg\" \/>\n<meta name=\"twitter:card\" content=\"summary_large_image\" \/>\n<meta name=\"twitter:label1\" content=\"Gesch\u00e4tzte Lesezeit\" \/>\n\t<meta name=\"twitter:data1\" content=\"3\u00a0Minuten\" \/>\n<script type=\"application\/ld+json\" class=\"yoast-schema-graph\">{\"@context\":\"https:\/\/schema.org\",\"@graph\":[{\"@type\":\"WebPage\",\"@id\":\"http:\/\/www.regine-koelpin.de\/?page_id=7446\",\"url\":\"http:\/\/www.regine-koelpin.de\/?page_id=7446\",\"name\":\"Vita - Regine K\u00f6lpin\",\"isPartOf\":{\"@id\":\"http:\/\/www.regine-koelpin.de\/#website\"},\"primaryImageOfPage\":{\"@id\":\"http:\/\/www.regine-koelpin.de\/?page_id=7446#primaryimage\"},\"image\":{\"@id\":\"http:\/\/www.regine-koelpin.de\/?page_id=7446#primaryimage\"},\"thumbnailUrl\":\"http:\/\/www.regine-koelpin.de\/wp-content\/uploads\/IMG_3683-1200x675.jpg\",\"datePublished\":\"2020-10-04T09:33:34+00:00\",\"dateModified\":\"2026-03-30T09:01:51+00:00\",\"breadcrumb\":{\"@id\":\"http:\/\/www.regine-koelpin.de\/?page_id=7446#breadcrumb\"},\"inLanguage\":\"de\",\"potentialAction\":[{\"@type\":\"ReadAction\",\"target\":[\"http:\/\/www.regine-koelpin.de\/?page_id=7446\"]}]},{\"@type\":\"ImageObject\",\"inLanguage\":\"de\",\"@id\":\"http:\/\/www.regine-koelpin.de\/?page_id=7446#primaryimage\",\"url\":\"http:\/\/www.regine-koelpin.de\/wp-content\/uploads\/IMG_3683-scaled.jpg\",\"contentUrl\":\"http:\/\/www.regine-koelpin.de\/wp-content\/uploads\/IMG_3683-scaled.jpg\",\"width\":2560,\"height\":1707},{\"@type\":\"BreadcrumbList\",\"@id\":\"http:\/\/www.regine-koelpin.de\/?page_id=7446#breadcrumb\",\"itemListElement\":[{\"@type\":\"ListItem\",\"position\":1,\"name\":\"Startseite\",\"item\":\"https:\/\/www.regine-koelpin.de\/\"},{\"@type\":\"ListItem\",\"position\":2,\"name\":\"Vita\"}]},{\"@type\":\"WebSite\",\"@id\":\"http:\/\/www.regine-koelpin.de\/#website\",\"url\":\"http:\/\/www.regine-koelpin.de\/\",\"name\":\"Regine K\u00f6lpin\",\"description\":\"Schriftstellerin\",\"potentialAction\":[{\"@type\":\"SearchAction\",\"target\":{\"@type\":\"EntryPoint\",\"urlTemplate\":\"http:\/\/www.regine-koelpin.de\/?s={search_term_string}\"},\"query-input\":{\"@type\":\"PropertyValueSpecification\",\"valueRequired\":true,\"valueName\":\"search_term_string\"}}],\"inLanguage\":\"de\"}]}<\/script>\n<!-- \/ Yoast SEO plugin. -->","yoast_head_json":{"title":"Vita - Regine K\u00f6lpin","robots":{"index":"index","follow":"follow","max-snippet":"max-snippet:-1","max-image-preview":"max-image-preview:large","max-video-preview":"max-video-preview:-1"},"canonical":"http:\/\/www.regine-koelpin.de\/?page_id=7446","og_locale":"de_DE","og_type":"article","og_title":"Vita - Regine K\u00f6lpin","og_description":"Regine K\u00f6lpin brilliert immer, egal ob mit Kurzkrimi, historischem Roman oder bunter Kurzkrimimischung, einfach eine klasse, facettenreiche Frau! Petra Steps,&hellip;","og_url":"http:\/\/www.regine-koelpin.de\/?page_id=7446","og_site_name":"Regine K\u00f6lpin","article_modified_time":"2026-03-30T09:01:51+00:00","og_image":[{"url":"http:\/\/www.regine-koelpin.de\/wp-content\/uploads\/IMG_3683-1200x675.jpg","type":"","width":"","height":""}],"twitter_card":"summary_large_image","twitter_misc":{"Gesch\u00e4tzte Lesezeit":"3\u00a0Minuten"},"schema":{"@context":"https:\/\/schema.org","@graph":[{"@type":"WebPage","@id":"http:\/\/www.regine-koelpin.de\/?page_id=7446","url":"http:\/\/www.regine-koelpin.de\/?page_id=7446","name":"Vita - Regine K\u00f6lpin","isPartOf":{"@id":"http:\/\/www.regine-koelpin.de\/#website"},"primaryImageOfPage":{"@id":"http:\/\/www.regine-koelpin.de\/?page_id=7446#primaryimage"},"image":{"@id":"http:\/\/www.regine-koelpin.de\/?page_id=7446#primaryimage"},"thumbnailUrl":"http:\/\/www.regine-koelpin.de\/wp-content\/uploads\/IMG_3683-1200x675.jpg","datePublished":"2020-10-04T09:33:34+00:00","dateModified":"2026-03-30T09:01:51+00:00","breadcrumb":{"@id":"http:\/\/www.regine-koelpin.de\/?page_id=7446#breadcrumb"},"inLanguage":"de","potentialAction":[{"@type":"ReadAction","target":["http:\/\/www.regine-koelpin.de\/?page_id=7446"]}]},{"@type":"ImageObject","inLanguage":"de","@id":"http:\/\/www.regine-koelpin.de\/?page_id=7446#primaryimage","url":"http:\/\/www.regine-koelpin.de\/wp-content\/uploads\/IMG_3683-scaled.jpg","contentUrl":"http:\/\/www.regine-koelpin.de\/wp-content\/uploads\/IMG_3683-scaled.jpg","width":2560,"height":1707},{"@type":"BreadcrumbList","@id":"http:\/\/www.regine-koelpin.de\/?page_id=7446#breadcrumb","itemListElement":[{"@type":"ListItem","position":1,"name":"Startseite","item":"https:\/\/www.regine-koelpin.de\/"},{"@type":"ListItem","position":2,"name":"Vita"}]},{"@type":"WebSite","@id":"http:\/\/www.regine-koelpin.de\/#website","url":"http:\/\/www.regine-koelpin.de\/","name":"Regine K\u00f6lpin","description":"Schriftstellerin","potentialAction":[{"@type":"SearchAction","target":{"@type":"EntryPoint","urlTemplate":"http:\/\/www.regine-koelpin.de\/?s={search_term_string}"},"query-input":{"@type":"PropertyValueSpecification","valueRequired":true,"valueName":"search_term_string"}}],"inLanguage":"de"}]}},"_links":{"self":[{"href":"http:\/\/www.regine-koelpin.de\/index.php?rest_route=\/wp\/v2\/pages\/7446","targetHints":{"allow":["GET"]}}],"collection":[{"href":"http:\/\/www.regine-koelpin.de\/index.php?rest_route=\/wp\/v2\/pages"}],"about":[{"href":"http:\/\/www.regine-koelpin.de\/index.php?rest_route=\/wp\/v2\/types\/page"}],"author":[{"embeddable":true,"href":"http:\/\/www.regine-koelpin.de\/index.php?rest_route=\/wp\/v2\/users\/1"}],"replies":[{"embeddable":true,"href":"http:\/\/www.regine-koelpin.de\/index.php?rest_route=%2Fwp%2Fv2%2Fcomments&post=7446"}],"version-history":[{"count":2,"href":"http:\/\/www.regine-koelpin.de\/index.php?rest_route=\/wp\/v2\/pages\/7446\/revisions"}],"predecessor-version":[{"id":9401,"href":"http:\/\/www.regine-koelpin.de\/index.php?rest_route=\/wp\/v2\/pages\/7446\/revisions\/9401"}],"wp:attachment":[{"href":"http:\/\/www.regine-koelpin.de\/index.php?rest_route=%2Fwp%2Fv2%2Fmedia&parent=7446"}],"curies":[{"name":"wp","href":"https:\/\/api.w.org\/{rel}","templated":true}]}}